{"id":5224,"date":"2019-11-01T23:14:44","date_gmt":"2019-11-02T05:14:44","guid":{"rendered":"https:\/\/friendsmission.com\/?post_type=product&#038;p=5224"},"modified":"2025-10-20T11:35:14","modified_gmt":"2025-10-20T17:35:14","slug":"whole-life-discipleship","status":"publish","type":"product","link":"https:\/\/friendsmission.com\/es\/producto\/whole-life-discipleship\/","title":{"rendered":"Discipulado de Vida Entera | Discipulado para el Desarrollo (D para D)"},"content":{"rendered":"<p><b>Discipulado para el Desarrollo (D para D)<\/b> Se utiliza para llevar la transformaci\u00f3n integral de Cristo a personas y comunidades. Los l\u00edderes reciben mentor\u00eda a trav\u00e9s de un proceso que les ayuda a encontrar soluciones sostenibles a los problemas que, seg\u00fan ellos, los mantienen atrapados en la pobreza. Cuando el amor y el poder de Jes\u00fas se vuelven hol\u00edsticos, las personas comprenden que el mensaje de Dios afecta todos los aspectos de la vida: la econom\u00eda, la salud, las relaciones, el crecimiento espiritual, los m\u00e9todos agr\u00edcolas y el medio ambiente.<\/p>\n<p>El Se\u00f1or ha tra\u00eddo mucha transformaci\u00f3n en las vidas de muchas personas que han sido discipuladas en D para D. En este momento, hay algunos l\u00edderes j\u00f3venes clave de la iglesia a quienes tenemos la oportunidad de guiarlos y ayudarlos a prepararse para los diversos roles que Dios podr\u00eda darles. en el CEF-Ruanda y m\u00e1s all\u00e1.<\/p>","protected":false},"excerpt":{"rendered":"<h6>Para que su tarjeta de homenajeado llegue antes de Navidad, su pedido debe realizarse antes del viernes 12 de diciembre. Si desea que nuestra oficina le env\u00ede tarjetas de homenajeado en blanco para que las complete y las env\u00ede por correo, env\u00edenos un correo electr\u00f3nico a <a href=\"mailto:efmspanish@friendsmission.com\" target=\"_blank\" rel=\"noopener noreferrer\">efm@friendsmission.com.<\/a><\/h6>","protected":false},"featured_media":28806,"template":"","meta":{"om_disable_all_campaigns":false,"_monsterinsights_skip_tracking":false,"_monsterinsights_sitenote_active":false,"_monsterinsights_sitenote_note":"","_monsterinsights_sitenote_category":0,"_uf_show_specific_survey":0,"_uf_disable_surveys":false,"_genesis_hide_title":false,"_genesis_hide_breadcrumbs":false,"_genesis_hide_singular_image":false,"_genesis_hide_footer_widgets":false,"_genesis_custom_body_class":"","_genesis_custom_post_class":"","_genesis_layout":"","_links_to":"","_links_to_target":""},"product_brand":[],"product_cat":[56,357],"product_tag":[],"class_list":{"0":"post-5224","1":"product","2":"type-product","3":"status-publish","4":"has-post-thumbnail","6":"product_cat-2025-christmas-catalog","7":"product_cat-whole-life-discipleship","8":"entry","10":"first","11":"instock","12":"shipping-taxable","13":"purchasable","14":"product-type-variable"},"aioseo_notices":[],"_links":{"self":[{"href":"https:\/\/friendsmission.com\/es\/wp-json\/wp\/v2\/product\/5224","targetHints":{"allow":["GET"]}}],"collection":[{"href":"https:\/\/friendsmission.com\/es\/wp-json\/wp\/v2\/product"}],"about":[{"href":"https:\/\/friendsmission.com\/es\/wp-json\/wp\/v2\/types\/product"}],"wp:featuredmedia":[{"embeddable":true,"href":"https:\/\/friendsmission.com\/es\/wp-json\/wp\/v2\/media\/28806"}],"wp:attachment":[{"href":"https:\/\/friendsmission.com\/es\/wp-json\/wp\/v2\/media?parent=5224"}],"wp:term":[{"taxonomy":"product_brand","embeddable":true,"href":"https:\/\/friendsmission.com\/es\/wp-json\/wp\/v2\/product_brand?post=5224"},{"taxonomy":"product_cat","embeddable":true,"href":"https:\/\/friendsmission.com\/es\/wp-json\/wp\/v2\/product_cat?post=5224"},{"taxonomy":"product_tag","embeddable":true,"href":"https:\/\/friendsmission.com\/es\/wp-json\/wp\/v2\/product_tag?post=5224"}],"curies":[{"name":"wp","href":"https:\/\/api.w.org\/{rel}","templated":true}]}}