{"id":5208,"date":"2019-11-01T21:38:52","date_gmt":"2019-11-02T03:38:52","guid":{"rendered":"https:\/\/friendsmission.com\/?post_type=product&#038;p=5208"},"modified":"2025-10-15T14:41:29","modified_gmt":"2025-10-15T20:41:29","slug":"leadership-development-gllt","status":"publish","type":"product","link":"https:\/\/friendsmission.com\/es\/producto\/leadership-development-gllt\/","title":{"rendered":"Desarrollo de Liderazgo | GLLT"},"content":{"rendered":"<p>Los programas de capacitaci\u00f3n de liderazgo de los Grandes Lagos son cursos de capacitaci\u00f3n en teolog\u00eda y liderazgo en la regi\u00f3n de los Grandes Lagos en \u00c1frica Central. Sirve a pastores, hombres y mujeres, y l\u00edderes de iglesias en Burundi, Ruanda y Congo. Las Juntas Anuales en estos pa\u00edses han crecido r\u00e1pidamente en los \u00faltimos a\u00f1os y muchos de los nuevos pastores se han graduado de estos cursos que son tan necesarios. \u00a1Una inversi\u00f3n en el desarrollo de un l\u00edder produce fruto del Reino de por vida!<\/p>\n<p>Su regalo:<\/p>\n<ul>\n<li>Apoya un movimiento que ha estado capacitando con \u00e9xito a pastores desde 1999.<\/li>\n<li>Impacta pa\u00edses, que han experimentado violencia y guerra, con pastores capacitados para ministrar el Evangelio de la Paz a toda una comunidad. Los l\u00edderes regresan de su educaci\u00f3n e impactan a toda la iglesia.<\/li>\n<\/ul>","protected":false},"excerpt":{"rendered":"<h6>Para que su tarjeta de homenajeado llegue antes de Navidad, su pedido debe realizarse antes del viernes 12 de diciembre. Si desea que nuestra oficina le env\u00ede tarjetas de homenajeado en blanco para que las complete y las env\u00ede por correo, env\u00edenos un correo electr\u00f3nico a <a href=\"mailto:efmspanish@friendsmission.com\" target=\"_blank\" rel=\"noopener noreferrer\">efmspanish@friendsmission.com<\/a>.<\/h6>","protected":false},"featured_media":28797,"template":"","meta":{"om_disable_all_campaigns":false,"_monsterinsights_skip_tracking":false,"_monsterinsights_sitenote_active":false,"_monsterinsights_sitenote_note":"","_monsterinsights_sitenote_category":0,"_uf_show_specific_survey":0,"_uf_disable_surveys":false,"_genesis_hide_title":false,"_genesis_hide_breadcrumbs":false,"_genesis_hide_singular_image":false,"_genesis_hide_footer_widgets":false,"_genesis_custom_body_class":"","_genesis_custom_post_class":"","_genesis_layout":"","_links_to":"","_links_to_target":""},"product_brand":[],"product_cat":[56,268],"product_tag":[],"class_list":{"0":"post-5208","1":"product","2":"type-product","3":"status-publish","4":"has-post-thumbnail","6":"product_cat-2025-christmas-catalog","7":"product_cat-leadership-development","8":"entry","10":"first","11":"instock","12":"shipping-taxable","13":"purchasable","14":"product-type-variable"},"aioseo_notices":[],"_links":{"self":[{"href":"https:\/\/friendsmission.com\/es\/wp-json\/wp\/v2\/product\/5208","targetHints":{"allow":["GET"]}}],"collection":[{"href":"https:\/\/friendsmission.com\/es\/wp-json\/wp\/v2\/product"}],"about":[{"href":"https:\/\/friendsmission.com\/es\/wp-json\/wp\/v2\/types\/product"}],"wp:featuredmedia":[{"embeddable":true,"href":"https:\/\/friendsmission.com\/es\/wp-json\/wp\/v2\/media\/28797"}],"wp:attachment":[{"href":"https:\/\/friendsmission.com\/es\/wp-json\/wp\/v2\/media?parent=5208"}],"wp:term":[{"taxonomy":"product_brand","embeddable":true,"href":"https:\/\/friendsmission.com\/es\/wp-json\/wp\/v2\/product_brand?post=5208"},{"taxonomy":"product_cat","embeddable":true,"href":"https:\/\/friendsmission.com\/es\/wp-json\/wp\/v2\/product_cat?post=5208"},{"taxonomy":"product_tag","embeddable":true,"href":"https:\/\/friendsmission.com\/es\/wp-json\/wp\/v2\/product_tag?post=5208"}],"curies":[{"name":"wp","href":"https:\/\/api.w.org\/{rel}","templated":true}]}}