{"id":28804,"date":"2025-10-15T14:53:01","date_gmt":"2025-10-15T20:53:01","guid":{"rendered":"https:\/\/friendsmission.com\/?post_type=product&#038;p=28804"},"modified":"2025-10-15T14:57:08","modified_gmt":"2025-10-15T20:57:08","slug":"leadership-development-training-for-future-missionaries-and-new-church-planters","status":"publish","type":"product","link":"https:\/\/friendsmission.com\/es\/producto\/leadership-development-training-for-future-missionaries-and-new-church-planters\/","title":{"rendered":"Desarrollo de liderazgo | Capacitaci\u00f3n para futuros misioneros y nuevos plantadores de iglesias"},"content":{"rendered":"<p>La Reuni\u00f3n Anual de M\u00e9xico trabaja para capacitar a futuros misioneros o nuevos plantadores de iglesias antes de que salgan al campo. Su donativo cubre el costo de la asistencia de un estudiante y la capacitaci\u00f3n que necesita en el Instituto de Teolog\u00eda de los Amigos de M\u00e9xico.<\/p>","protected":false},"excerpt":{"rendered":"<h6>Para que su tarjeta de homenajeado llegue antes de Navidad, su pedido debe realizarse antes del viernes 12 de diciembre. Si desea que nuestra oficina le env\u00ede tarjetas de homenajeado en blanco para que las complete y las env\u00ede por correo, env\u00edenos un correo electr\u00f3nico a <a href=\"mailto:efmspanish@friendsmission.com\" target=\"_blank\" rel=\"noopener noreferrer\">efmspanish@friendsmission.com<\/a>.<\/h6>","protected":false},"featured_media":28805,"template":"","meta":{"om_disable_all_campaigns":false,"_monsterinsights_skip_tracking":false,"_monsterinsights_sitenote_active":false,"_monsterinsights_sitenote_note":"","_monsterinsights_sitenote_category":0,"_uf_show_specific_survey":0,"_uf_disable_surveys":false,"_genesis_hide_title":false,"_genesis_hide_breadcrumbs":false,"_genesis_hide_singular_image":false,"_genesis_hide_footer_widgets":false,"_genesis_custom_body_class":"","_genesis_custom_post_class":"","_genesis_layout":"","_links_to":"","_links_to_target":""},"product_brand":[],"product_cat":[56,268],"product_tag":[],"class_list":{"0":"post-28804","1":"product","2":"type-product","3":"status-publish","4":"has-post-thumbnail","6":"product_cat-2025-christmas-catalog","7":"product_cat-leadership-development","8":"entry","10":"first","11":"instock","12":"shipping-taxable","13":"purchasable","14":"product-type-simple"},"aioseo_notices":[],"_links":{"self":[{"href":"https:\/\/friendsmission.com\/es\/wp-json\/wp\/v2\/product\/28804","targetHints":{"allow":["GET"]}}],"collection":[{"href":"https:\/\/friendsmission.com\/es\/wp-json\/wp\/v2\/product"}],"about":[{"href":"https:\/\/friendsmission.com\/es\/wp-json\/wp\/v2\/types\/product"}],"wp:featuredmedia":[{"embeddable":true,"href":"https:\/\/friendsmission.com\/es\/wp-json\/wp\/v2\/media\/28805"}],"wp:attachment":[{"href":"https:\/\/friendsmission.com\/es\/wp-json\/wp\/v2\/media?parent=28804"}],"wp:term":[{"taxonomy":"product_brand","embeddable":true,"href":"https:\/\/friendsmission.com\/es\/wp-json\/wp\/v2\/product_brand?post=28804"},{"taxonomy":"product_cat","embeddable":true,"href":"https:\/\/friendsmission.com\/es\/wp-json\/wp\/v2\/product_cat?post=28804"},{"taxonomy":"product_tag","embeddable":true,"href":"https:\/\/friendsmission.com\/es\/wp-json\/wp\/v2\/product_tag?post=28804"}],"curies":[{"name":"wp","href":"https:\/\/api.w.org\/{rel}","templated":true}]}}