{"id":28786,"date":"2025-10-15T14:13:20","date_gmt":"2025-10-15T20:13:20","guid":{"rendered":"https:\/\/friendsmission.com\/?post_type=product&#038;p=28786"},"modified":"2025-10-15T14:17:49","modified_gmt":"2025-10-15T20:17:49","slug":"luke-10-initiative-field-internships","status":"publish","type":"product","link":"https:\/\/friendsmission.com\/es\/producto\/luke-10-initiative-field-internships\/","title":{"rendered":"Iniciativa Lucas 10 | Pasant\u00edas de campo"},"content":{"rendered":"<p>La Iniciativa Lucas 10 de EFM promueve conversaciones de discernimiento grupal, desde la base y a nivel mundial, sobre d\u00f3nde se puede enviar a los Amigos Evang\u00e9licos a iniciar nuevos campos misioneros. Por favor, oren al Se\u00f1or de la mies para que les indique d\u00f3nde los Amigos Evang\u00e9licos de todo el mundo podr\u00edan explorar y enviar misioneros.<\/p>\n<p><b>Pasant\u00edas de campo: <\/b><b><\/b>Las pasant\u00edas equipan a los misioneros potenciales para aprender de trabajadores experimentados, servir en el ministerio local y el discipulado, y participar en una inmersi\u00f3n cultural y ling\u00fc\u00edstica a largo plazo: una respuesta a la oraci\u00f3n por los l\u00edderes j\u00f3venes que disciernen el llamado de Dios y se preparan para servir transculturalmente con EFM.<\/p>","protected":false},"excerpt":{"rendered":"<h6>Para que su tarjeta de homenajeado llegue antes de Navidad, su pedido debe realizarse antes del viernes 12 de diciembre. Si desea que nuestra oficina le env\u00ede tarjetas de homenajeado en blanco para que las complete y las env\u00ede por correo, env\u00edenos un correo electr\u00f3nico a <a href=\"mailto:efm@friensdmission.com?subject=Blank%20Honoree%20Cards\" target=\"_blank\" rel=\"noopener noreferrer\">efm@friensdmission.com<\/a>.<\/h6>","protected":false},"featured_media":28790,"template":"","meta":{"om_disable_all_campaigns":false,"_monsterinsights_skip_tracking":false,"_monsterinsights_sitenote_active":false,"_monsterinsights_sitenote_note":"","_monsterinsights_sitenote_category":0,"_uf_show_specific_survey":0,"_uf_disable_surveys":false,"_genesis_hide_title":false,"_genesis_hide_breadcrumbs":false,"_genesis_hide_singular_image":false,"_genesis_hide_footer_widgets":false,"_genesis_custom_body_class":"","_genesis_custom_post_class":"","_genesis_layout":"","_links_to":"","_links_to_target":""},"product_brand":[],"product_cat":[56,483],"product_tag":[],"class_list":{"0":"post-28786","1":"product","2":"type-product","3":"status-publish","4":"has-post-thumbnail","6":"product_cat-2025-christmas-catalog","7":"product_cat-luke-10-initiative","8":"entry","10":"first","11":"instock","12":"shipping-taxable","13":"purchasable","14":"product-type-variable"},"aioseo_notices":[],"_links":{"self":[{"href":"https:\/\/friendsmission.com\/es\/wp-json\/wp\/v2\/product\/28786","targetHints":{"allow":["GET"]}}],"collection":[{"href":"https:\/\/friendsmission.com\/es\/wp-json\/wp\/v2\/product"}],"about":[{"href":"https:\/\/friendsmission.com\/es\/wp-json\/wp\/v2\/types\/product"}],"wp:featuredmedia":[{"embeddable":true,"href":"https:\/\/friendsmission.com\/es\/wp-json\/wp\/v2\/media\/28790"}],"wp:attachment":[{"href":"https:\/\/friendsmission.com\/es\/wp-json\/wp\/v2\/media?parent=28786"}],"wp:term":[{"taxonomy":"product_brand","embeddable":true,"href":"https:\/\/friendsmission.com\/es\/wp-json\/wp\/v2\/product_brand?post=28786"},{"taxonomy":"product_cat","embeddable":true,"href":"https:\/\/friendsmission.com\/es\/wp-json\/wp\/v2\/product_cat?post=28786"},{"taxonomy":"product_tag","embeddable":true,"href":"https:\/\/friendsmission.com\/es\/wp-json\/wp\/v2\/product_tag?post=28786"}],"curies":[{"name":"wp","href":"https:\/\/api.w.org\/{rel}","templated":true}]}}