{"id":28758,"date":"2025-10-15T12:50:58","date_gmt":"2025-10-15T18:50:58","guid":{"rendered":"https:\/\/friendsmission.com\/?post_type=product&#038;p=28758"},"modified":"2025-10-15T13:10:53","modified_gmt":"2025-10-15T19:10:53","slug":"motorcycle","status":"publish","type":"product","link":"https:\/\/friendsmission.com\/es\/producto\/motorcycle\/","title":{"rendered":"Iniciativa Lucas 10 | Futuros retiros y capacitaciones misionales"},"content":{"rendered":"<p>Las motocicletas brindan a nuestros trabajadores de Friends la flexibilidad de ir a donde est\u00e1 la gente... ya sea cerca o lejos.<span class=\"Apple-converted-space\">\u00a0<\/span>Los evangelistas, plantadores de iglesias y capacitadores de liderazgo son libres de realizar su trabajo con intencionalidad y flexibilidad.<\/p>","protected":false},"excerpt":{"rendered":"<h6>Para que su tarjeta de homenajeado llegue antes de Navidad, su pedido debe realizarse antes del viernes 12 de diciembre. Si desea que nuestra oficina le env\u00ede tarjetas de homenajeado en blanco para que las complete y las env\u00ede por correo, env\u00edenos un correo electr\u00f3nico a <a href=\"mailto:efm@friensdmission.com?subject=Blank%20Honoree%20Cards\" target=\"_blank\" rel=\"noopener noreferrer\">efm@friensdmission.com<\/a>.<\/h6>","protected":false},"featured_media":28762,"template":"","meta":{"om_disable_all_campaigns":false,"_monsterinsights_skip_tracking":false,"_monsterinsights_sitenote_active":false,"_monsterinsights_sitenote_note":"","_monsterinsights_sitenote_category":0,"_uf_show_specific_survey":0,"_uf_disable_surveys":false,"_genesis_hide_title":false,"_genesis_hide_breadcrumbs":false,"_genesis_hide_singular_image":false,"_genesis_hide_footer_widgets":false,"_genesis_custom_body_class":"","_genesis_custom_post_class":"","_genesis_layout":"","_links_to":"","_links_to_target":""},"product_brand":[],"product_cat":[56,359],"product_tag":[],"class_list":{"0":"post-28758","1":"product","2":"type-product","3":"status-publish","4":"has-post-thumbnail","6":"product_cat-2025-christmas-catalog","7":"product_cat-transportation","8":"entry","10":"first","11":"instock","12":"shipping-taxable","13":"purchasable","14":"product-type-variable"},"aioseo_notices":[],"_links":{"self":[{"href":"https:\/\/friendsmission.com\/es\/wp-json\/wp\/v2\/product\/28758","targetHints":{"allow":["GET"]}}],"collection":[{"href":"https:\/\/friendsmission.com\/es\/wp-json\/wp\/v2\/product"}],"about":[{"href":"https:\/\/friendsmission.com\/es\/wp-json\/wp\/v2\/types\/product"}],"wp:featuredmedia":[{"embeddable":true,"href":"https:\/\/friendsmission.com\/es\/wp-json\/wp\/v2\/media\/28762"}],"wp:attachment":[{"href":"https:\/\/friendsmission.com\/es\/wp-json\/wp\/v2\/media?parent=28758"}],"wp:term":[{"taxonomy":"product_brand","embeddable":true,"href":"https:\/\/friendsmission.com\/es\/wp-json\/wp\/v2\/product_brand?post=28758"},{"taxonomy":"product_cat","embeddable":true,"href":"https:\/\/friendsmission.com\/es\/wp-json\/wp\/v2\/product_cat?post=28758"},{"taxonomy":"product_tag","embeddable":true,"href":"https:\/\/friendsmission.com\/es\/wp-json\/wp\/v2\/product_tag?post=28758"}],"curies":[{"name":"wp","href":"https:\/\/api.w.org\/{rel}","templated":true}]}}