{"id":27128,"date":"2024-10-16T11:09:47","date_gmt":"2024-10-16T17:09:47","guid":{"rendered":"https:\/\/friendsmission.com\/?post_type=product&#038;p=27128"},"modified":"2025-10-15T13:59:10","modified_gmt":"2025-10-15T19:59:10","slug":"health-family-latrine","status":"publish","type":"product","link":"https:\/\/friendsmission.com\/es\/producto\/health-family-latrine\/","title":{"rendered":"Salud | Abastecimiento de agua y sanitarios dom\u00e9sticos"},"content":{"rendered":"<p>La falta de sanitarios es una fuente importante de problemas de salud en los pa\u00edses en desarrollo. Este proyecto proporciona conexiones de agua y sanitarios mejorados, adem\u00e1s de equipar a familias rurales con letrinas dom\u00e9sticas. Las familias contribuyen preparando materiales, como cavar el hoyo y recolectar madera y arena para la construcci\u00f3n, garantizando as\u00ed la satisfacci\u00f3n de las necesidades de saneamiento tanto de la comunidad como de los hogares.<\/p>","protected":false},"excerpt":{"rendered":"<h6>Para que su tarjeta de homenajeado llegue antes de Navidad, su pedido debe realizarse antes del viernes 12 de diciembre. Si desea que nuestra oficina le env\u00ede tarjetas de homenajeado en blanco para que las complete y las env\u00ede por correo, env\u00edenos un correo electr\u00f3nico a <a href=\"mailto:efmspanish@friendsmission.com\" target=\"_blank\" rel=\"noopener noreferrer\">efmspanish@friendsmission.com<\/a>.<\/h6>","protected":false},"featured_media":28777,"template":"","meta":{"om_disable_all_campaigns":false,"_monsterinsights_skip_tracking":false,"_monsterinsights_sitenote_active":false,"_monsterinsights_sitenote_note":"","_monsterinsights_sitenote_category":0,"_uf_show_specific_survey":0,"_uf_disable_surveys":false,"_genesis_hide_title":false,"_genesis_hide_breadcrumbs":false,"_genesis_hide_singular_image":false,"_genesis_hide_footer_widgets":false,"_genesis_custom_body_class":"","_genesis_custom_post_class":"","_genesis_layout":"","_links_to":"","_links_to_target":""},"product_brand":[],"product_cat":[56],"product_tag":[],"class_list":{"0":"post-27128","1":"product","2":"type-product","3":"status-publish","4":"has-post-thumbnail","6":"product_cat-2025-christmas-catalog","7":"entry","9":"first","10":"instock","11":"shipping-taxable","12":"purchasable","13":"product-type-variable"},"aioseo_notices":[],"_links":{"self":[{"href":"https:\/\/friendsmission.com\/es\/wp-json\/wp\/v2\/product\/27128","targetHints":{"allow":["GET"]}}],"collection":[{"href":"https:\/\/friendsmission.com\/es\/wp-json\/wp\/v2\/product"}],"about":[{"href":"https:\/\/friendsmission.com\/es\/wp-json\/wp\/v2\/types\/product"}],"wp:featuredmedia":[{"embeddable":true,"href":"https:\/\/friendsmission.com\/es\/wp-json\/wp\/v2\/media\/28777"}],"wp:attachment":[{"href":"https:\/\/friendsmission.com\/es\/wp-json\/wp\/v2\/media?parent=27128"}],"wp:term":[{"taxonomy":"product_brand","embeddable":true,"href":"https:\/\/friendsmission.com\/es\/wp-json\/wp\/v2\/product_brand?post=27128"},{"taxonomy":"product_cat","embeddable":true,"href":"https:\/\/friendsmission.com\/es\/wp-json\/wp\/v2\/product_cat?post=27128"},{"taxonomy":"product_tag","embeddable":true,"href":"https:\/\/friendsmission.com\/es\/wp-json\/wp\/v2\/product_tag?post=27128"}],"curies":[{"name":"wp","href":"https:\/\/api.w.org\/{rel}","templated":true}]}}