{"id":23429,"date":"2022-10-07T16:13:23","date_gmt":"2022-10-07T22:13:23","guid":{"rendered":"https:\/\/friendsmission.com\/?post_type=product&#038;p=23429"},"modified":"2025-10-15T12:40:52","modified_gmt":"2025-10-15T18:40:52","slug":"women-pregnancy-care","status":"publish","type":"product","link":"https:\/\/friendsmission.com\/es\/producto\/women-pregnancy-care\/","title":{"rendered":"Mujeres | Atenci\u00f3n del embarazo en riesgo"},"content":{"rendered":"<p>Debido a que viajar a una cl\u00ednica a menudo tiene un costo inalcanzable, las mujeres que viven en aldeas remotas no tienen f\u00e1cil acceso a la atenci\u00f3n m\u00e9dica durante el parto. El parto en casa es com\u00fan, incluso cuando hay riesgos para la salud, y no es raro que una madre o un beb\u00e9 pierdan la vida. Usted puede ayudar proporcionando una beca para que las madres en riesgo viajen a una cl\u00ednica regional donde puedan recibir la mejor atenci\u00f3n disponible durante el parto.<\/p>","protected":false},"excerpt":{"rendered":"<h6>Para que su tarjeta de homenajeado llegue antes de Navidad, su pedido debe realizarse antes del viernes 12 de diciembre. Si desea que nuestra oficina le env\u00ede tarjetas de homenajeado en blanco para que las complete y las env\u00ede por correo, env\u00edenos un correo electr\u00f3nico a <a href=\"mailto:efmspanish@friendsmission.com\" target=\"_blank\" rel=\"noopener noreferrer\">efmspanish@friendsmission.com<\/a>.<\/h6>","protected":false},"featured_media":28747,"template":"","meta":{"om_disable_all_campaigns":false,"_monsterinsights_skip_tracking":false,"_monsterinsights_sitenote_active":false,"_monsterinsights_sitenote_note":"","_monsterinsights_sitenote_category":0,"_uf_show_specific_survey":0,"_uf_disable_surveys":false,"_genesis_hide_title":false,"_genesis_hide_breadcrumbs":false,"_genesis_hide_singular_image":false,"_genesis_hide_footer_widgets":false,"_genesis_custom_body_class":"","_genesis_custom_post_class":"","_genesis_layout":"","_links_to":"","_links_to_target":""},"product_brand":[],"product_cat":[56],"product_tag":[],"class_list":{"0":"post-23429","1":"product","2":"type-product","3":"status-publish","4":"has-post-thumbnail","6":"product_cat-2025-christmas-catalog","7":"entry","9":"first","10":"instock","11":"shipping-taxable","12":"purchasable","13":"product-type-simple"},"aioseo_notices":[],"_links":{"self":[{"href":"https:\/\/friendsmission.com\/es\/wp-json\/wp\/v2\/product\/23429","targetHints":{"allow":["GET"]}}],"collection":[{"href":"https:\/\/friendsmission.com\/es\/wp-json\/wp\/v2\/product"}],"about":[{"href":"https:\/\/friendsmission.com\/es\/wp-json\/wp\/v2\/types\/product"}],"wp:featuredmedia":[{"embeddable":true,"href":"https:\/\/friendsmission.com\/es\/wp-json\/wp\/v2\/media\/28747"}],"wp:attachment":[{"href":"https:\/\/friendsmission.com\/es\/wp-json\/wp\/v2\/media?parent=23429"}],"wp:term":[{"taxonomy":"product_brand","embeddable":true,"href":"https:\/\/friendsmission.com\/es\/wp-json\/wp\/v2\/product_brand?post=23429"},{"taxonomy":"product_cat","embeddable":true,"href":"https:\/\/friendsmission.com\/es\/wp-json\/wp\/v2\/product_cat?post=23429"},{"taxonomy":"product_tag","embeddable":true,"href":"https:\/\/friendsmission.com\/es\/wp-json\/wp\/v2\/product_tag?post=23429"}],"curies":[{"name":"wp","href":"https:\/\/api.w.org\/{rel}","templated":true}]}}