{"id":20932,"date":"2021-10-07T18:20:11","date_gmt":"2021-10-08T00:20:11","guid":{"rendered":"https:\/\/friendsmission.com\/?post_type=product&#038;p=20932"},"modified":"2025-10-20T11:21:19","modified_gmt":"2025-10-20T17:21:19","slug":"love-gift","status":"publish","type":"product","link":"https:\/\/friendsmission.com\/es\/producto\/love-gift\/","title":{"rendered":"Consuelo | Regalo de amor navide\u00f1o"},"content":{"rendered":"<p>Un peque\u00f1o regalo de Navidad es una forma sencilla de alegrar a los creyentes de todo el mundo que de otra manera no lo recibir\u00edan. Tu paquete de regalo contendr\u00e1 arroz, aceite de cocina, fideos,<span class=\"Apple-converted-space\">\u00a0 <\/span>leche en polvo y un paquete de jab\u00f3n. Es una forma tangible y pr\u00e1ctica de recordarle a alguien el amor de Cristo en Navidad.<\/p>","protected":false},"excerpt":{"rendered":"<h6>Para que su tarjeta de homenajeado llegue antes de Navidad, su pedido debe realizarse antes del viernes 12 de diciembre. Si desea que nuestra oficina le env\u00ede tarjetas de homenajeado en blanco para que las complete y las env\u00ede por correo, env\u00edenos un correo electr\u00f3nico a <a href=\"mailto:efmspanish@friendsmission.com\" target=\"_blank\" rel=\"noopener noreferrer\">efmspanish@friendsmission.com<\/a>.<\/h6>","protected":false},"featured_media":28768,"template":"","meta":{"om_disable_all_campaigns":false,"_monsterinsights_skip_tracking":false,"_monsterinsights_sitenote_active":false,"_monsterinsights_sitenote_note":"","_monsterinsights_sitenote_category":0,"_uf_show_specific_survey":0,"_uf_disable_surveys":false,"_genesis_hide_title":false,"_genesis_hide_breadcrumbs":false,"_genesis_hide_singular_image":false,"_genesis_hide_footer_widgets":false,"_genesis_custom_body_class":"","_genesis_custom_post_class":"","_genesis_layout":"","_links_to":"","_links_to_target":""},"product_brand":[],"product_cat":[56],"product_tag":[],"class_list":{"0":"post-20932","1":"product","2":"type-product","3":"status-publish","4":"has-post-thumbnail","6":"product_cat-2025-christmas-catalog","7":"entry","9":"first","10":"instock","11":"shipping-taxable","12":"purchasable","13":"product-type-simple"},"aioseo_notices":[],"_links":{"self":[{"href":"https:\/\/friendsmission.com\/es\/wp-json\/wp\/v2\/product\/20932","targetHints":{"allow":["GET"]}}],"collection":[{"href":"https:\/\/friendsmission.com\/es\/wp-json\/wp\/v2\/product"}],"about":[{"href":"https:\/\/friendsmission.com\/es\/wp-json\/wp\/v2\/types\/product"}],"wp:featuredmedia":[{"embeddable":true,"href":"https:\/\/friendsmission.com\/es\/wp-json\/wp\/v2\/media\/28768"}],"wp:attachment":[{"href":"https:\/\/friendsmission.com\/es\/wp-json\/wp\/v2\/media?parent=20932"}],"wp:term":[{"taxonomy":"product_brand","embeddable":true,"href":"https:\/\/friendsmission.com\/es\/wp-json\/wp\/v2\/product_brand?post=20932"},{"taxonomy":"product_cat","embeddable":true,"href":"https:\/\/friendsmission.com\/es\/wp-json\/wp\/v2\/product_cat?post=20932"},{"taxonomy":"product_tag","embeddable":true,"href":"https:\/\/friendsmission.com\/es\/wp-json\/wp\/v2\/product_tag?post=20932"}],"curies":[{"name":"wp","href":"https:\/\/api.w.org\/{rel}","templated":true}]}}