{"id":650,"date":"2018-08-17T18:04:29","date_gmt":"2018-08-17T18:04:29","guid":{"rendered":"https:\/\/friendsmission.com\/?page_id=650"},"modified":"2026-04-01T12:41:37","modified_gmt":"2026-04-01T18:41:37","slug":"go","status":"publish","type":"page","link":"https:\/\/friendsmission.com\/es\/go\/","title":{"rendered":""},"content":{"rendered":"<p><img loading=\"lazy\" decoding=\"async\" class=\"alignnone size-full wp-image-693\" src=\"https:\/\/friendsmission.com\/wp-content\/uploads\/2025\/04\/Go-Web-Banner-Spanish.png\" alt=\"\" width=\"1920\" height=\"600\" \/><\/p>\n<h3><img loading=\"lazy\" decoding=\"async\" class=\"wp-image-631 size-thumbnail alignleft\" src=\"https:\/\/friendsmission.com\/wp-content\/uploads\/2018\/08\/Arrow-150x150.png\" sizes=\"auto, (max-width: 150px) 100vw, 150px\" srcset=\"https:\/\/friendsmission.com\/wp-content\/uploads\/2018\/08\/Arrow-150x150.png 150w, https:\/\/friendsmission.com\/wp-content\/uploads\/2018\/08\/Arrow-100x100.png 100w, https:\/\/friendsmission.com\/wp-content\/uploads\/2018\/08\/Arrow.png 300w\" alt=\"\" width=\"150\" height=\"150\" \/><\/h3>\n<h3>Si sientes que Dios te est\u00e1 pidiendo que consideres ser alguien que va y cuenta, \u00a1a nuestro personal de EFM le gustar\u00eda hablar contigo! \u00a1Perm\u00edtanos ayudarle a explorar las posibilidades de c\u00f3mo podemos asociarnos para dar a conocer a Jes\u00fas en todo el mundo!<\/h3>\n<h3><\/h3>\n<h3><a href=\"https:\/\/friendsmission.com\/es\/serve\/\" target=\"_blank\" rel=\"noopener\"><img loading=\"lazy\" decoding=\"async\" class=\"alignnone wp-image-27778 size-large\" src=\"https:\/\/friendsmission.com\/wp-content\/uploads\/2025\/01\/Help-Wanted-Ad-1024x791.png\" alt=\"\" width=\"1024\" height=\"791\" srcset=\"https:\/\/friendsmission.com\/wp-content\/uploads\/2025\/01\/Help-Wanted-Ad-1024x791.png 1024w, https:\/\/friendsmission.com\/wp-content\/uploads\/2025\/01\/Help-Wanted-Ad-300x232.png 300w, https:\/\/friendsmission.com\/wp-content\/uploads\/2025\/01\/Help-Wanted-Ad-768x593.png 768w, https:\/\/friendsmission.com\/wp-content\/uploads\/2025\/01\/Help-Wanted-Ad-1536x1187.png 1536w, https:\/\/friendsmission.com\/wp-content\/uploads\/2025\/01\/Help-Wanted-Ad-16x12.png 16w, https:\/\/friendsmission.com\/wp-content\/uploads\/2025\/01\/Help-Wanted-Ad-600x464.png 600w, https:\/\/friendsmission.com\/wp-content\/uploads\/2025\/01\/Help-Wanted-Ad.png 1650w\" sizes=\"auto, (max-width: 1024px) 100vw, 1024px\" \/><\/a><\/h3>\n<h3>Para iniciar la conversaci\u00f3n, por favor contacte <a href=\"https:\/\/friendsmission.com\/es\/contact-matt-macy\/\" target=\"_blank\" rel=\"noopener noreferrer\">Matt Macy<\/a>, Director de Movilizaci\u00f3n, o descargar <em>Camino para convertirse en un misionero<\/em> below.<\/h3>\n<table>\n<tbody>\n<tr>\n<td><a href=\"https:\/\/friendsmission.com\/wp-content\/uploads\/2024\/07\/Pathway-to-Becoming-an-EFM-Missionary-Web-Version-2024.pdf\" target=\"_blank\" rel=\"noopener\"><img loading=\"lazy\" decoding=\"async\" class=\"alignnone wp-image-19855 size-medium\" src=\"https:\/\/friendsmission.com\/wp-content\/uploads\/2021\/02\/Pathway-Button-300x75.jpg\" alt=\"\" width=\"300\" height=\"75\" srcset=\"https:\/\/friendsmission.com\/wp-content\/uploads\/2021\/02\/Pathway-Button-300x75.jpg 300w, https:\/\/friendsmission.com\/wp-content\/uploads\/2021\/02\/Pathway-Button-1024x256.jpg 1024w, https:\/\/friendsmission.com\/wp-content\/uploads\/2021\/02\/Pathway-Button-768x192.jpg 768w, https:\/\/friendsmission.com\/wp-content\/uploads\/2021\/02\/Pathway-Button-1536x384.jpg 1536w, https:\/\/friendsmission.com\/wp-content\/uploads\/2021\/02\/Pathway-Button-600x150.jpg 600w, https:\/\/friendsmission.com\/wp-content\/uploads\/2021\/02\/Pathway-Button.jpg 1667w\" sizes=\"auto, (max-width: 300px) 100vw, 300px\" \/><\/a><\/td>\n<td><a href=\"https:\/\/friendsmission.com\/es\/future-missionaries\/\" target=\"_blank\" rel=\"noopener\"><img loading=\"lazy\" decoding=\"async\" class=\"alignnone wp-image-22094 size-medium\" src=\"https:\/\/friendsmission.com\/wp-content\/uploads\/2023\/05\/Button-Opportunities-for-FMs-Spanish-V2.png\" alt=\"\" width=\"300\" height=\"75\" srcset=\"https:\/\/friendsmission.com\/wp-content\/uploads\/2023\/05\/Button-Opportunities-for-FMs-Spanish-V2.png 1667w, https:\/\/friendsmission.com\/wp-content\/uploads\/2023\/05\/Button-Opportunities-for-FMs-Spanish-V2-300x75.png 300w, https:\/\/friendsmission.com\/wp-content\/uploads\/2023\/05\/Button-Opportunities-for-FMs-Spanish-V2-1024x256.png 1024w, https:\/\/friendsmission.com\/wp-content\/uploads\/2023\/05\/Button-Opportunities-for-FMs-Spanish-V2-768x192.png 768w, https:\/\/friendsmission.com\/wp-content\/uploads\/2023\/05\/Button-Opportunities-for-FMs-Spanish-V2-1536x384.png 1536w, https:\/\/friendsmission.com\/wp-content\/uploads\/2023\/05\/Button-Opportunities-for-FMs-Spanish-V2-18x5.png 18w, https:\/\/friendsmission.com\/wp-content\/uploads\/2023\/05\/Button-Opportunities-for-FMs-Spanish-V2-600x150.png 600w\" sizes=\"auto, (max-width: 300px) 100vw, 300px\" \/><\/a><\/td>\n<td><a href=\"https:\/\/friendsmission.com\/es\/serve\/\" target=\"_blank\" rel=\"noopener\"><img loading=\"lazy\" decoding=\"async\" class=\"alignnone wp-image-26752 size-medium\" src=\"https:\/\/friendsmission.com\/wp-content\/uploads\/2024\/07\/Opportunities-to-Serve-Overseas-Button-300x75.png\" alt=\"\" width=\"300\" height=\"75\" srcset=\"https:\/\/friendsmission.com\/wp-content\/uploads\/2024\/07\/Opportunities-to-Serve-Overseas-Button-300x75.png 300w, https:\/\/friendsmission.com\/wp-content\/uploads\/2024\/07\/Opportunities-to-Serve-Overseas-Button-1024x256.png 1024w, https:\/\/friendsmission.com\/wp-content\/uploads\/2024\/07\/Opportunities-to-Serve-Overseas-Button-768x192.png 768w, https:\/\/friendsmission.com\/wp-content\/uploads\/2024\/07\/Opportunities-to-Serve-Overseas-Button-1536x384.png 1536w, https:\/\/friendsmission.com\/wp-content\/uploads\/2024\/07\/Opportunities-to-Serve-Overseas-Button-18x5.png 18w, https:\/\/friendsmission.com\/wp-content\/uploads\/2024\/07\/Opportunities-to-Serve-Overseas-Button-600x150.png 600w, https:\/\/friendsmission.com\/wp-content\/uploads\/2024\/07\/Opportunities-to-Serve-Overseas-Button.png 1667w\" sizes=\"auto, (max-width: 300px) 100vw, 300px\" \/><\/a><\/td>\n<\/tr>\n<tr>\n<td><a href=\"https:\/\/friendsmission.com\/wp-content\/uploads\/2024\/09\/Qualifications-for-a-Career-Missionary.pdf\" target=\"_blank\" rel=\"noopener\"><img loading=\"lazy\" decoding=\"async\" class=\"alignnone wp-image-27031 size-medium\" src=\"https:\/\/friendsmission.com\/wp-content\/uploads\/2024\/09\/Qualifications-for-a-Career-Missionary-Button-300x75.png\" alt=\"\" width=\"300\" height=\"75\" srcset=\"https:\/\/friendsmission.com\/wp-content\/uploads\/2024\/09\/Qualifications-for-a-Career-Missionary-Button-300x75.png 300w, https:\/\/friendsmission.com\/wp-content\/uploads\/2024\/09\/Qualifications-for-a-Career-Missionary-Button-1024x256.png 1024w, https:\/\/friendsmission.com\/wp-content\/uploads\/2024\/09\/Qualifications-for-a-Career-Missionary-Button-768x192.png 768w, https:\/\/friendsmission.com\/wp-content\/uploads\/2024\/09\/Qualifications-for-a-Career-Missionary-Button-1536x384.png 1536w, https:\/\/friendsmission.com\/wp-content\/uploads\/2024\/09\/Qualifications-for-a-Career-Missionary-Button-18x5.png 18w, https:\/\/friendsmission.com\/wp-content\/uploads\/2024\/09\/Qualifications-for-a-Career-Missionary-Button-600x150.png 600w, https:\/\/friendsmission.com\/wp-content\/uploads\/2024\/09\/Qualifications-for-a-Career-Missionary-Button.png 1667w\" sizes=\"auto, (max-width: 300px) 100vw, 300px\" \/><\/a><\/td>\n<td><a href=\"https:\/\/friendsmission.com\/es\/luke-10-trips\/\" target=\"_blank\" rel=\"noopener\"><img loading=\"lazy\" decoding=\"async\" class=\"alignnone wp-image-26209 size-medium\" src=\"https:\/\/friendsmission.com\/wp-content\/uploads\/2024\/04\/Learn-About-Luke-10-Trips-Button-300x75.png\" alt=\"\" width=\"300\" height=\"75\" srcset=\"https:\/\/friendsmission.com\/wp-content\/uploads\/2024\/04\/Learn-About-Luke-10-Trips-Button-300x75.png 300w, https:\/\/friendsmission.com\/wp-content\/uploads\/2024\/04\/Learn-About-Luke-10-Trips-Button-1024x256.png 1024w, https:\/\/friendsmission.com\/wp-content\/uploads\/2024\/04\/Learn-About-Luke-10-Trips-Button-768x192.png 768w, https:\/\/friendsmission.com\/wp-content\/uploads\/2024\/04\/Learn-About-Luke-10-Trips-Button-1536x384.png 1536w, https:\/\/friendsmission.com\/wp-content\/uploads\/2024\/04\/Learn-About-Luke-10-Trips-Button-18x5.png 18w, https:\/\/friendsmission.com\/wp-content\/uploads\/2024\/04\/Learn-About-Luke-10-Trips-Button-600x150.png 600w, https:\/\/friendsmission.com\/wp-content\/uploads\/2024\/04\/Learn-About-Luke-10-Trips-Button.png 1667w\" sizes=\"auto, (max-width: 300px) 100vw, 300px\" \/><\/a><\/td>\n<td><\/td>\n<\/tr>\n<\/tbody>\n<\/table>\n<h3 style=\"text-align: left;\"><\/h3>","protected":false},"excerpt":{"rendered":"<p>If you feel that God is asking you to consider being one who goes and tells, our EFM staff would like to talk to you! Let us help you explore the possibilities of how we can partner together to make Jesus known throughout the world! To start the conversation, please contact Matt Macy, Director of [&hellip;]<\/p>","protected":false},"author":1,"featured_media":0,"parent":0,"menu_order":0,"comment_status":"closed","ping_status":"closed","template":"","meta":{"om_disable_all_campaigns":false,"_monsterinsights_skip_tracking":false,"_monsterinsights_sitenote_active":false,"_monsterinsights_sitenote_note":"","_monsterinsights_sitenote_category":0,"_uf_show_specific_survey":0,"_uf_disable_surveys":false,"_genesis_hide_title":false,"_genesis_hide_breadcrumbs":false,"_genesis_hide_singular_image":false,"_genesis_hide_footer_widgets":false,"_genesis_custom_body_class":"full","_genesis_custom_post_class":"","_genesis_layout":"content-sidebar","footnotes":"","_links_to":"","_links_to_target":""},"class_list":{"0":"post-650","1":"page","2":"type-page","3":"status-publish","5":"entry","6":"has-post-thumbnail"},"aioseo_notices":[],"_links":{"self":[{"href":"https:\/\/friendsmission.com\/es\/wp-json\/wp\/v2\/pages\/650","targetHints":{"allow":["GET"]}}],"collection":[{"href":"https:\/\/friendsmission.com\/es\/wp-json\/wp\/v2\/pages"}],"about":[{"href":"https:\/\/friendsmission.com\/es\/wp-json\/wp\/v2\/types\/page"}],"author":[{"embeddable":true,"href":"https:\/\/friendsmission.com\/es\/wp-json\/wp\/v2\/users\/1"}],"replies":[{"embeddable":true,"href":"https:\/\/friendsmission.com\/es\/wp-json\/wp\/v2\/comments?post=650"}],"version-history":[{"count":66,"href":"https:\/\/friendsmission.com\/es\/wp-json\/wp\/v2\/pages\/650\/revisions"}],"predecessor-version":[{"id":29700,"href":"https:\/\/friendsmission.com\/es\/wp-json\/wp\/v2\/pages\/650\/revisions\/29700"}],"wp:attachment":[{"href":"https:\/\/friendsmission.com\/es\/wp-json\/wp\/v2\/media?parent=650"}],"curies":[{"name":"wp","href":"https:\/\/api.w.org\/{rel}","templated":true}]}}