{"id":649,"date":"2018-08-17T18:04:26","date_gmt":"2018-08-17T18:04:26","guid":{"rendered":"https:\/\/friendsmission.com\/?page_id=649"},"modified":"2024-08-06T11:15:42","modified_gmt":"2024-08-06T17:15:42","slug":"give-old","status":"publish","type":"page","link":"https:\/\/friendsmission.com\/es\/give-old\/","title":{"rendered":""},"content":{"rendered":"<p><img loading=\"lazy\" decoding=\"async\" class=\"alignnone size-full wp-image-692\" src=\"https:\/\/friendsmission.com\/wp-content\/uploads\/2018\/09\/GIVE.jpg\" alt=\"\" width=\"1920\" height=\"600\" \/><\/p>\r\n<table border=\"0\" width=\"100%\" cellspacing=\"0\" cellpadding=\"0\">\r\n<tbody>\r\n<tr>\r\n<td align=\"center\" valign=\"top\" width=\"33%\"><a href=\"https:\/\/friendsmission.com\/es\/missionaries\/\"><img loading=\"lazy\" decoding=\"async\" class=\"aligncenter\" src=\"https:\/\/friendsmission.com\/wp-content\/uploads\/2018\/09\/Give-to-a-missionary-white.jpg\" width=\"300\" height=\"75\" \/><\/a><\/td>\r\n<td align=\"center\" valign=\"top\" width=\"33%\"><a href=\"https:\/\/catalog.friendsmission.com\/2024-projects\" target=\"_blank\" rel=\"noopener noreferrer\"><img loading=\"lazy\" decoding=\"async\" class=\"aligncenter\" src=\"https:\/\/friendsmission.com\/wp-content\/uploads\/2018\/08\/Give-to-Project-White.jpg\" alt=\"\" width=\"300\" height=\"75\" \/><\/a><\/td>\r\n<td align=\"center\" valign=\"top\" width=\"33%\"><a href=\"https:\/\/catalog.friendsmission.com\/donate\" target=\"_blank\" rel=\"noopener\"><img loading=\"lazy\" decoding=\"async\" class=\"aligncenter wp-image-24049 size-medium\" src=\"https:\/\/friendsmission.com\/wp-content\/uploads\/2023\/01\/Strategic-Foundations-Button-300x75.jpg\" alt=\"\" width=\"300\" height=\"75\" srcset=\"https:\/\/friendsmission.com\/wp-content\/uploads\/2023\/01\/Strategic-Foundations-Button-300x75.jpg 300w, https:\/\/friendsmission.com\/wp-content\/uploads\/2023\/01\/Strategic-Foundations-Button-1024x256.jpg 1024w, https:\/\/friendsmission.com\/wp-content\/uploads\/2023\/01\/Strategic-Foundations-Button-768x192.jpg 768w, https:\/\/friendsmission.com\/wp-content\/uploads\/2023\/01\/Strategic-Foundations-Button-1536x384.jpg 1536w, https:\/\/friendsmission.com\/wp-content\/uploads\/2023\/01\/Strategic-Foundations-Button-18x5.jpg 18w, https:\/\/friendsmission.com\/wp-content\/uploads\/2023\/01\/Strategic-Foundations-Button-600x150.jpg 600w, https:\/\/friendsmission.com\/wp-content\/uploads\/2023\/01\/Strategic-Foundations-Button.jpg 1667w\" sizes=\"auto, (max-width: 300px) 100vw, 300px\" \/><\/a><\/td>\r\n<\/tr>\r\n<\/tbody>\r\n<\/table>\r\n<h3 style=\"text-align: center;\">\u00a0<\/h3>\r\n<h3 style=\"text-align: center;\">If you are looking to give to the Five Year Goal, please visit <a href=\"https:\/\/catalog.friendsmission.com\/five-year-goal\">aqu\u00ed<\/a>.<\/h3>\r\n<h3 style=\"text-align: center;\">If you are looking to donate to a Luke 10 Exploration Trip, please visit <a href=\"https:\/\/catalog.friendsmission.com\/give\/456828?amount=5000#!\/donation\/checkout\">aqu\u00ed<\/a>. Make sure to select Project | EFM Luke 10 Initiative | Luke 10 Exploration Trips in the drop-down and add who the donation is for in the comments.\u00a0<\/h3>\r\n<h3 style=\"text-align: center;\"><span class=\"ui-provider a b c d e f g h i j k l m n o p q r s t u v w x y z ab ac ae af ag ah ai aj ak\" dir=\"ltr\">To give to an EFM Disciple-Making Apprentice, click <a href=\"https:\/\/catalog.friendsmission.com\/apprentice\">aqu\u00ed<\/a>. <\/span><\/h3>\r\n<h3 style=\"text-align: center;\"><span class=\"ui-provider a b c d e f g h i j k l m n o p q r s t u v w x y z ab ac ae af ag ah ai aj ak\" dir=\"ltr\">To give to Whole-Life Discipleship Training, click <a href=\"https:\/\/catalog.friendsmission.com\/discipleship\">aqu\u00ed<\/a>.<\/span><\/h3>\r\n<hr \/>\r\n<p style=\"text-align: center;\"><strong>Nuestro Dios es generoso.<\/strong><br \/>When we give our time, money, and resources we echo the generosity of God.<\/p>\r\n<p style=\"text-align: center;\">The resources God entrusts to you, and that you entrust to Evangelical Friends Mission, are carefully used to further our purpose.<\/p>\r\n<p style=\"text-align: center;\">Donaciones a<strong> Fundamentos estrat\u00e9gicos de EFM<\/strong>, anteriormente conocida como <strong>Ministerios Generales EFM<\/strong>, supports the work of EFM in three ways: 1) emerging missionary and leadership development, 2) missionary care and support, and 3) unifying the body of Evangelical Friends Church North America (EFC-NA) around the Great Commission.<\/p>\r\n<p style=\"text-align: center;\">EFM is committed to protecting your confidentiality and data security. We have selected Classy Pay as our processor. Classy Pay is compliant with<br \/>Payment Card Industry Data Security Standards and uses advanced security solutions that protect sensitive data and reduce the risk of fraud.<\/p>\r\n<p><a href=\"https:\/\/friendsmission.com\/wp-content\/uploads\/2021\/11\/Classy-Pay-Logo.png\"><img loading=\"lazy\" decoding=\"async\" class=\"wp-image-21138 size-full aligncenter\" src=\"https:\/\/friendsmission.com\/wp-content\/uploads\/2021\/11\/Classy-Pay-Logo.png\" alt=\"\" width=\"300\" height=\"110\" srcset=\"https:\/\/friendsmission.com\/wp-content\/uploads\/2021\/11\/Classy-Pay-Logo.png 300w, https:\/\/friendsmission.com\/wp-content\/uploads\/2021\/11\/Classy-Pay-Logo-18x7.png 18w\" sizes=\"auto, (max-width: 300px) 100vw, 300px\" \/><\/a><\/p>\r\n<p style=\"text-align: center;\"><em>Nuestro compromiso con usted es que todas las donaciones a EFM se utilicen seg\u00fan lo designado. Una vez que un ministerio est\u00e1 totalmente financiado, seguimos la pol\u00edtica para utilizar los fondos para la siguiente necesidad del ministerio m\u00e1s cercano. El 100% de cada donaci\u00f3n a EFM se destina al proyecto o fondo misionero al que se entrega.<\/em><\/p>\r\n<table>\r\n<tbody>\r\n<tr>\r\n<td><a href=\"https:\/\/friendsmission.com\/wp-content\/uploads\/2021\/05\/FAQ-for-Giving-Spanish-March-2021-Update.pdf\" target=\"_blank\" rel=\"noopener noreferrer\"><img loading=\"lazy\" decoding=\"async\" class=\"aligncenter wp-image-19983 size-medium\" src=\"https:\/\/friendsmission.com\/wp-content\/uploads\/2022\/03\/Spanish-Click-here-FAQS-button.png\" alt=\"\" width=\"300\" height=\"75\" srcset=\"https:\/\/friendsmission.com\/wp-content\/uploads\/2022\/03\/Spanish-Click-here-FAQS-button.png 1667w, https:\/\/friendsmission.com\/wp-content\/uploads\/2022\/03\/Spanish-Click-here-FAQS-button-300x75.png 300w, https:\/\/friendsmission.com\/wp-content\/uploads\/2022\/03\/Spanish-Click-here-FAQS-button-1024x256.png 1024w, https:\/\/friendsmission.com\/wp-content\/uploads\/2022\/03\/Spanish-Click-here-FAQS-button-768x192.png 768w, https:\/\/friendsmission.com\/wp-content\/uploads\/2022\/03\/Spanish-Click-here-FAQS-button-1536x384.png 1536w, https:\/\/friendsmission.com\/wp-content\/uploads\/2022\/03\/Spanish-Click-here-FAQS-button-18x5.png 18w, https:\/\/friendsmission.com\/wp-content\/uploads\/2022\/03\/Spanish-Click-here-FAQS-button-600x150.png 600w\" sizes=\"auto, (max-width: 300px) 100vw, 300px\" \/><\/a><\/td>\r\n<td><a href=\"https:\/\/friendsmission.com\/wp-content\/uploads\/2022\/11\/Automatic_Bank_Transfer_Form.pdf\" target=\"_blank\" rel=\"noopener noreferrer\"><img loading=\"lazy\" decoding=\"async\" class=\"aligncenter wp-image-19981 size-medium\" src=\"https:\/\/friendsmission.com\/wp-content\/uploads\/2021\/03\/Automatic-Bank-Transfer-Button-300x75.jpg\" alt=\"\" width=\"300\" height=\"75\" srcset=\"https:\/\/friendsmission.com\/wp-content\/uploads\/2021\/03\/Automatic-Bank-Transfer-Button-300x75.jpg 300w, https:\/\/friendsmission.com\/wp-content\/uploads\/2021\/03\/Automatic-Bank-Transfer-Button-1024x256.jpg 1024w, https:\/\/friendsmission.com\/wp-content\/uploads\/2021\/03\/Automatic-Bank-Transfer-Button-768x192.jpg 768w, https:\/\/friendsmission.com\/wp-content\/uploads\/2021\/03\/Automatic-Bank-Transfer-Button-1536x384.jpg 1536w, https:\/\/friendsmission.com\/wp-content\/uploads\/2021\/03\/Automatic-Bank-Transfer-Button-600x150.jpg 600w, https:\/\/friendsmission.com\/wp-content\/uploads\/2021\/03\/Automatic-Bank-Transfer-Button.jpg 1667w\" sizes=\"auto, (max-width: 300px) 100vw, 300px\" \/><\/a><\/td>\r\n<\/tr>\r\n<\/tbody>\r\n<\/table>","protected":false},"excerpt":{"rendered":"<p>\u00a0 If you are looking to give to the Five Year Goal, please visit here. If you are looking to donate to a Luke 10 Exploration Trip, please visit here. Make sure to select Project | EFM Luke 10 Initiative | Luke 10 Exploration Trips in the drop-down and add who the donation is for [&hellip;]<\/p>","protected":false},"author":1,"featured_media":0,"parent":0,"menu_order":0,"comment_status":"closed","ping_status":"closed","template":"","meta":{"om_disable_all_campaigns":false,"_monsterinsights_skip_tracking":false,"_monsterinsights_sitenote_active":false,"_monsterinsights_sitenote_note":"","_monsterinsights_sitenote_category":0,"_uf_show_specific_survey":0,"_uf_disable_surveys":false,"_genesis_hide_title":false,"_genesis_hide_breadcrumbs":false,"_genesis_hide_singular_image":false,"_genesis_hide_footer_widgets":false,"_genesis_custom_body_class":"full","_genesis_custom_post_class":"","_genesis_layout":"","footnotes":"","_links_to":"","_links_to_target":""},"class_list":{"0":"post-649","1":"page","2":"type-page","3":"status-publish","5":"entry","6":"has-post-thumbnail"},"aioseo_notices":[],"_links":{"self":[{"href":"https:\/\/friendsmission.com\/es\/wp-json\/wp\/v2\/pages\/649","targetHints":{"allow":["GET"]}}],"collection":[{"href":"https:\/\/friendsmission.com\/es\/wp-json\/wp\/v2\/pages"}],"about":[{"href":"https:\/\/friendsmission.com\/es\/wp-json\/wp\/v2\/types\/page"}],"author":[{"embeddable":true,"href":"https:\/\/friendsmission.com\/es\/wp-json\/wp\/v2\/users\/1"}],"replies":[{"embeddable":true,"href":"https:\/\/friendsmission.com\/es\/wp-json\/wp\/v2\/comments?post=649"}],"version-history":[{"count":45,"href":"https:\/\/friendsmission.com\/es\/wp-json\/wp\/v2\/pages\/649\/revisions"}],"predecessor-version":[{"id":25869,"href":"https:\/\/friendsmission.com\/es\/wp-json\/wp\/v2\/pages\/649\/revisions\/25869"}],"wp:attachment":[{"href":"https:\/\/friendsmission.com\/es\/wp-json\/wp\/v2\/media?parent=649"}],"curies":[{"name":"wp","href":"https:\/\/api.w.org\/{rel}","templated":true}]}}