{"id":26208,"date":"2024-04-18T13:37:29","date_gmt":"2024-04-18T19:37:29","guid":{"rendered":"https:\/\/friendsmission.com\/?page_id=26208"},"modified":"2026-03-31T12:22:33","modified_gmt":"2026-03-31T18:22:33","slug":"luke-10-info","status":"publish","type":"page","link":"https:\/\/friendsmission.com\/es\/luke-10-info\/","title":{"rendered":"What Is The Luke 10 Initiative"},"content":{"rendered":"<h1 style=\"text-align: center;\">\u00bfQu\u00e9 es la Iniciativa Lucas 10?<\/h1>\n<p style=\"text-align: center;\"><iframe loading=\"lazy\" title=\"YouTube video player\" src=\"https:\/\/www.youtube.com\/embed\/gxbnfzo9ues\" width=\"560\" height=\"315\" frameborder=\"0\" allowfullscreen=\"allowfullscreen\" data-mce-fragment=\"1\"><\/iframe><\/p>\n<p style=\"text-align: left;\">\u00a1La iniciativa Lucas 10 es c\u00f3mo EFM determinar\u00e1 d\u00f3nde se iniciar\u00e1n los cinco nuevos campos para nuestra meta de cinco a\u00f1os! EFM depende de las regiones\/ Juntas Anuales, iglesias e individuos a los que EFM sirve como agencia de misiones para participar en este proceso de discernimiento. La Iniciativa Lucas 10 requiere cuatro tipos de participantes en los Luke 10 Think Tanks para que se re\u00fanan y disciernan, seg\u00fan los criterios CAN GO de EFM, qu\u00e9 lugares y grupos de personas visitar a trav\u00e9s de equipos viajes exploratorios llamados Viajes de Exploraci\u00f3n Lucas 10. De estos viajes y los grupos de expertos surgir\u00e1n recomendaciones a la Junta de EFM sobre d\u00f3nde iniciar nuevos campos, en donde se han identificado los cinco criterios CAN GO de EFM.<\/p>\n<hr \/>\n<h2 style=\"text-align: center;\">Los Criterios de EFM CAN GO<\/h2>\n<p style=\"text-align: center;\">During the first Luke 10 Think Tanks that were held the following criteria for where to launch new fields was set based on a study of missions history, especially how decisions were made about where to pioneer new fields.\u00a0 The <strong>CAN GO<\/strong> Criteria was specifically developed for discerning where to EFM \u2018can go\u2019 to work at launching new fields, not for discerning who should be on Luke 10 Trips or who should serve on missionary teams to launch the field.<\/p>\n<p><a href=\"https:\/\/friendsmission.com\/wp-content\/uploads\/2020\/11\/Five-Year-Goal-CAN-GO-1.jpg\"><img loading=\"lazy\" decoding=\"async\" class=\"alignnone wp-image-19209 size-large\" src=\"https:\/\/friendsmission.com\/wp-content\/uploads\/2020\/12\/Five-Year-Goal-CAN-GO-Spanish.jpg\" alt=\"\" width=\"1024\" height=\"412\" srcset=\"https:\/\/friendsmission.com\/wp-content\/uploads\/2020\/12\/Five-Year-Goal-CAN-GO-Spanish.jpg 1600w, https:\/\/friendsmission.com\/wp-content\/uploads\/2020\/12\/Five-Year-Goal-CAN-GO-Spanish-300x121.jpg 300w, https:\/\/friendsmission.com\/wp-content\/uploads\/2020\/12\/Five-Year-Goal-CAN-GO-Spanish-1024x412.jpg 1024w, https:\/\/friendsmission.com\/wp-content\/uploads\/2020\/12\/Five-Year-Goal-CAN-GO-Spanish-768x309.jpg 768w, https:\/\/friendsmission.com\/wp-content\/uploads\/2020\/12\/Five-Year-Goal-CAN-GO-Spanish-1536x617.jpg 1536w, https:\/\/friendsmission.com\/wp-content\/uploads\/2020\/12\/Five-Year-Goal-CAN-GO-Spanish-600x241.jpg 600w\" sizes=\"auto, (max-width: 1024px) 100vw, 1024px\" \/><\/a><\/p>\n<hr \/>\n<h2 style=\"text-align: center;\">Cuatro tipos de participantes<\/h2>\n<ol>\n<li><strong>Futuros Misioneros.<\/strong>Estos son personas que ya pueden estar sinti\u00e9ndose guiados a convertirse en misioneros de carrera o simplemente est\u00e1n explorando la idea y est\u00e1n abiertos a dar los siguientes pasos. Estos pr\u00f3ximos pasos pueden incluir participar en un viaje de Lucas 10 o visitar un campo misionero existente (o m\u00e1s de un campo).<\/li>\n<li><strong>Personas con Experiencia Misionera<\/strong>. Estas son personas que han servido como misioneros a corto o largo plazo o tienen una amplia participaci\u00f3n en misiones y trabajo transcultural.<\/li>\n<li><strong>L\u00edderes influyentes de la iglesia<\/strong>. Estas son personas a nivel de la iglesia local y\/o regional que est\u00e1n apasionadas por las misiones, conocidos por su capacidad de discernir la voluntad del Se\u00f1or y que est\u00e1n ansiosos por ayudar a guiar a su(s) iglesia(s) a comprometerse activamente con esta Meta de Cinco A\u00f1os.<\/li>\n<li><strong>Voz de Amigos de otros continentes<\/strong>. Las \u00e1reas del mundo donde las iglesias de los Amigos Evang\u00e9licos se est\u00e1n multiplicando m\u00e1s r\u00e1pidamente son Am\u00e9rica Latina, Asia y \u00c1frica. No solo necesitamos escuchar sus perspectivas cuando consideramos posibles nuevos campos en sus regiones del mundo, sino que tambi\u00e9n podemos encontrarnos uniendo fuerzas con ellos para iniciar estos nuevos campos.<\/li>\n<\/ol>\n<hr \/>\n<h2 style=\"text-align: center;\">Grupos de Expertos Think Thanks Lucas 10<\/h2>\n<p>Los Think Tanks de Lucas 10 ayudan a discernir d\u00f3nde buscar nuevos campos potenciales y tambi\u00e9n qu\u00e9 pasos tomar para iniciar esos nuevos campos una vez que hayan sido aprobados por la Junta de EFM. Durante los Think Thanks hay mucha oraci\u00f3n, lectura de Lucas 10, b\u00fasqueda de temas expresados por los cuatro tipos de participantes y discernimiento de la direcci\u00f3n del Esp\u00edritu Santo con respecto a c\u00f3mo avanzar con los planes.<\/p>\n<p>Our last Think Tank took place on November 8, 2023. At this think tank, seventy-five leaders met, including the EFM Board and Staff, potential future missionaries, missionary applicants, and people with missions experience representing seven regions\/yearly meetings in the U.S. and seventeen Luke 10 Exploration Trip teams. After an incredible day of worship, prayer, and discernment, the Think Tank made the recommendation to begin the launch process for six new fields which the EFM board approved the next day!<\/p>\n<p>Our 2024 National Think tank will be taking place in November, details coming soon.<\/p>\n<hr \/>\n<h2 style=\"text-align: center;\">Lucas 10 viajes<\/h2>\n<p>An important part of the Luke 10 Initiative are trips that groups of individuals take to explore countries, regions, and people groups where we are or might be starting a new field! There are three types of trips EFM is currently taking: Luke 10 Exploration Trips, Luke 10 Pre-Launch Planning Trips, and 10:2 Prayer Trips. For more details on these trips and how to get involved, visit <strong><a href=\"https:\/\/friendsmission.com\/es\/luke-10-trips\/\">aqu\u00ed<\/a><\/strong>.<\/p>\n<p><strong>Seven Fields that EFM has Committed to Launching so Far!<\/strong><\/p>\n<ol>\n<li>M\u00e9xico<\/li>\n<li>Pueblo Shuar de Ecuador y Per\u00fa<\/li>\n<li>Sud\u00e1n del Sur<\/li>\n<li>Grecia<\/li>\n<li>Nordeste de Brasil<\/li>\n<li>Persian Gulf States<\/li>\n<li>Los Balcanes<\/li>\n<\/ol>\n<p><strong>Two Fields EFM is Continuing to Explore<\/strong><\/p>\n<ol>\n<li>Tanzania<\/li>\n<li>Unreached People Groups in Southeast Asia<\/li>\n<\/ol>","protected":false},"excerpt":{"rendered":"<p>What is the Luke 10 Initiative? The Luke 10 Initiative is how EFM will determine where the five new fields will be started for our Five-Year Goal! EFM depends on the regions\/yearly meetings, churches, and individuals that EFM serves as their missions\u2019 agency to engage in this discernment process. The Luke 10 Initiative requires four [&hellip;]<\/p>","protected":false},"author":2,"featured_media":0,"parent":0,"menu_order":0,"comment_status":"closed","ping_status":"closed","template":"","meta":{"om_disable_all_campaigns":false,"_monsterinsights_skip_tracking":false,"_monsterinsights_sitenote_active":false,"_monsterinsights_sitenote_note":"","_monsterinsights_sitenote_category":0,"_uf_show_specific_survey":0,"_uf_disable_surveys":false,"_genesis_hide_title":false,"_genesis_hide_breadcrumbs":false,"_genesis_hide_singular_image":false,"_genesis_hide_footer_widgets":false,"_genesis_custom_body_class":"full","_genesis_custom_post_class":"","_genesis_layout":"content-sidebar","footnotes":"","_links_to":"","_links_to_target":""},"class_list":{"0":"post-26208","1":"page","2":"type-page","3":"status-publish","5":"entry","6":"has-post-thumbnail"},"aioseo_notices":[],"_links":{"self":[{"href":"https:\/\/friendsmission.com\/es\/wp-json\/wp\/v2\/pages\/26208","targetHints":{"allow":["GET"]}}],"collection":[{"href":"https:\/\/friendsmission.com\/es\/wp-json\/wp\/v2\/pages"}],"about":[{"href":"https:\/\/friendsmission.com\/es\/wp-json\/wp\/v2\/types\/page"}],"author":[{"embeddable":true,"href":"https:\/\/friendsmission.com\/es\/wp-json\/wp\/v2\/users\/2"}],"replies":[{"embeddable":true,"href":"https:\/\/friendsmission.com\/es\/wp-json\/wp\/v2\/comments?post=26208"}],"version-history":[{"count":8,"href":"https:\/\/friendsmission.com\/es\/wp-json\/wp\/v2\/pages\/26208\/revisions"}],"predecessor-version":[{"id":29684,"href":"https:\/\/friendsmission.com\/es\/wp-json\/wp\/v2\/pages\/26208\/revisions\/29684"}],"wp:attachment":[{"href":"https:\/\/friendsmission.com\/es\/wp-json\/wp\/v2\/media?parent=26208"}],"curies":[{"name":"wp","href":"https:\/\/api.w.org\/{rel}","templated":true}]}}