{"id":24588,"date":"2023-05-16T11:42:02","date_gmt":"2023-05-16T17:42:02","guid":{"rendered":"https:\/\/friendsmission.com\/?page_id=24588"},"modified":"2024-06-10T21:38:08","modified_gmt":"2024-06-11T03:38:08","slug":"family-missions-focus","status":"publish","type":"page","link":"https:\/\/friendsmission.com\/es\/family-missions-focus\/","title":{"rendered":"2024 Family Missions Focus"},"content":{"rendered":"<p><img loading=\"lazy\" decoding=\"async\" class=\"alignnone wp-image-26263 size-full\" src=\"https:\/\/friendsmission.com\/wp-content\/uploads\/2024\/04\/Constant-Contact-Banner.png\" alt=\"\" width=\"1920\" height=\"600\" srcset=\"https:\/\/friendsmission.com\/wp-content\/uploads\/2024\/04\/Constant-Contact-Banner.png 1920w, https:\/\/friendsmission.com\/wp-content\/uploads\/2024\/04\/Constant-Contact-Banner-300x94.png 300w, https:\/\/friendsmission.com\/wp-content\/uploads\/2024\/04\/Constant-Contact-Banner-1024x320.png 1024w, https:\/\/friendsmission.com\/wp-content\/uploads\/2024\/04\/Constant-Contact-Banner-768x240.png 768w, https:\/\/friendsmission.com\/wp-content\/uploads\/2024\/04\/Constant-Contact-Banner-1536x480.png 1536w, https:\/\/friendsmission.com\/wp-content\/uploads\/2024\/04\/Constant-Contact-Banner-18x6.png 18w, https:\/\/friendsmission.com\/wp-content\/uploads\/2024\/04\/Constant-Contact-Banner-600x188.png 600w\" sizes=\"auto, (max-width: 1920px) 100vw, 1920px\" \/><\/p>\n<table>\n<tbody>\n<tr>\n<td><a href=\"#FamilyForm\"><img loading=\"lazy\" decoding=\"async\" class=\"aligncenter wp-image-26428 size-medium\" src=\"https:\/\/friendsmission.com\/wp-content\/uploads\/2024\/05\/2024-Give-to-Family-Mission-Focus-Button-2-300x75.png\" alt=\"\" width=\"300\" height=\"75\" srcset=\"https:\/\/friendsmission.com\/wp-content\/uploads\/2024\/05\/2024-Give-to-Family-Mission-Focus-Button-2-300x75.png 300w, https:\/\/friendsmission.com\/wp-content\/uploads\/2024\/05\/2024-Give-to-Family-Mission-Focus-Button-2-1024x256.png 1024w, https:\/\/friendsmission.com\/wp-content\/uploads\/2024\/05\/2024-Give-to-Family-Mission-Focus-Button-2-768x192.png 768w, https:\/\/friendsmission.com\/wp-content\/uploads\/2024\/05\/2024-Give-to-Family-Mission-Focus-Button-2-1536x384.png 1536w, https:\/\/friendsmission.com\/wp-content\/uploads\/2024\/05\/2024-Give-to-Family-Mission-Focus-Button-2-18x5.png 18w, https:\/\/friendsmission.com\/wp-content\/uploads\/2024\/05\/2024-Give-to-Family-Mission-Focus-Button-2-600x150.png 600w, https:\/\/friendsmission.com\/wp-content\/uploads\/2024\/05\/2024-Give-to-Family-Mission-Focus-Button-2.png 1667w\" sizes=\"auto, (max-width: 300px) 100vw, 300px\" \/><\/a><\/td>\n<td><a href=\"https:\/\/friendsmission.com\/wp-content\/uploads\/2024\/05\/2024-EFM-Family-Missions-Focus-booklet-Final.pdf\" target=\"_blank\" rel=\"noopener\"><img loading=\"lazy\" decoding=\"async\" class=\"aligncenter wp-image-26341 size-medium\" src=\"https:\/\/friendsmission.com\/wp-content\/uploads\/2024\/05\/2024-Family-Mission-Focus-Download-Devo-Button-300x75.png\" alt=\"\" width=\"300\" height=\"75\" srcset=\"https:\/\/friendsmission.com\/wp-content\/uploads\/2024\/05\/2024-Family-Mission-Focus-Download-Devo-Button-300x75.png 300w, https:\/\/friendsmission.com\/wp-content\/uploads\/2024\/05\/2024-Family-Mission-Focus-Download-Devo-Button-1024x256.png 1024w, https:\/\/friendsmission.com\/wp-content\/uploads\/2024\/05\/2024-Family-Mission-Focus-Download-Devo-Button-768x192.png 768w, https:\/\/friendsmission.com\/wp-content\/uploads\/2024\/05\/2024-Family-Mission-Focus-Download-Devo-Button-1536x384.png 1536w, https:\/\/friendsmission.com\/wp-content\/uploads\/2024\/05\/2024-Family-Mission-Focus-Download-Devo-Button-18x5.png 18w, https:\/\/friendsmission.com\/wp-content\/uploads\/2024\/05\/2024-Family-Mission-Focus-Download-Devo-Button-600x150.png 600w, https:\/\/friendsmission.com\/wp-content\/uploads\/2024\/05\/2024-Family-Mission-Focus-Download-Devo-Button.png 1667w\" sizes=\"auto, (max-width: 300px) 100vw, 300px\" \/><\/a><\/td>\n<\/tr>\n<\/tbody>\n<\/table>\n<h3>\u00a1Descargue los recursos a continuaci\u00f3n para ayudar a promover la ofrenda! Por favor env\u00edenos un correo electr\u00f3nico a\u00a0<a href=\"mailto:efmspanish@friendsmission.com\" target=\"_blank\" rel=\"noopener\">efmspanish@friendsmission.com<\/a>\u00a0si hay alguna otra forma en que nuestra oficina pueda brindarle recursos a su iglesia.<\/h3>\n<table>\n<tbody>\n<tr>\n<td><a href=\"https:\/\/friendsmission.com\/wp-content\/uploads\/2024\/04\/Constant-Contact-Banner.png\" target=\"_blank\" rel=\"noopener\"><img loading=\"lazy\" decoding=\"async\" class=\"wp-image-26361 size-medium aligncenter\" src=\"https:\/\/friendsmission.com\/wp-content\/uploads\/2024\/05\/Family-Mission-Focus-2024-Download-Banner-Button-300x75.png\" alt=\"\" width=\"300\" height=\"75\" srcset=\"https:\/\/friendsmission.com\/wp-content\/uploads\/2024\/05\/Family-Mission-Focus-2024-Download-Banner-Button-300x75.png 300w, https:\/\/friendsmission.com\/wp-content\/uploads\/2024\/05\/Family-Mission-Focus-2024-Download-Banner-Button-1024x256.png 1024w, https:\/\/friendsmission.com\/wp-content\/uploads\/2024\/05\/Family-Mission-Focus-2024-Download-Banner-Button-768x192.png 768w, https:\/\/friendsmission.com\/wp-content\/uploads\/2024\/05\/Family-Mission-Focus-2024-Download-Banner-Button-1536x384.png 1536w, https:\/\/friendsmission.com\/wp-content\/uploads\/2024\/05\/Family-Mission-Focus-2024-Download-Banner-Button-18x5.png 18w, https:\/\/friendsmission.com\/wp-content\/uploads\/2024\/05\/Family-Mission-Focus-2024-Download-Banner-Button-600x150.png 600w, https:\/\/friendsmission.com\/wp-content\/uploads\/2024\/05\/Family-Mission-Focus-2024-Download-Banner-Button.png 1667w\" sizes=\"auto, (max-width: 300px) 100vw, 300px\" \/><\/a><\/td>\n<td><a href=\"https:\/\/friendsmission.com\/wp-content\/uploads\/2024\/05\/2024-FMF-Social-Media.png\" target=\"_blank\" rel=\"noopener\"><img loading=\"lazy\" decoding=\"async\" class=\"wp-image-26362 size-medium aligncenter\" src=\"https:\/\/friendsmission.com\/wp-content\/uploads\/2024\/05\/Family-Mission-Focus-2024-Download-Social-Button-300x75.png\" alt=\"\" width=\"300\" height=\"75\" srcset=\"https:\/\/friendsmission.com\/wp-content\/uploads\/2024\/05\/Family-Mission-Focus-2024-Download-Social-Button-300x75.png 300w, https:\/\/friendsmission.com\/wp-content\/uploads\/2024\/05\/Family-Mission-Focus-2024-Download-Social-Button-1024x256.png 1024w, https:\/\/friendsmission.com\/wp-content\/uploads\/2024\/05\/Family-Mission-Focus-2024-Download-Social-Button-768x192.png 768w, https:\/\/friendsmission.com\/wp-content\/uploads\/2024\/05\/Family-Mission-Focus-2024-Download-Social-Button-1536x384.png 1536w, https:\/\/friendsmission.com\/wp-content\/uploads\/2024\/05\/Family-Mission-Focus-2024-Download-Social-Button-18x5.png 18w, https:\/\/friendsmission.com\/wp-content\/uploads\/2024\/05\/Family-Mission-Focus-2024-Download-Social-Button-600x150.png 600w, https:\/\/friendsmission.com\/wp-content\/uploads\/2024\/05\/Family-Mission-Focus-2024-Download-Social-Button.png 1667w\" sizes=\"auto, (max-width: 300px) 100vw, 300px\" \/><\/a><\/td>\n<td><a href=\"https:\/\/friendsmission.com\/wp-content\/uploads\/2024\/05\/2024-FMF-PPT.jpg\" target=\"_blank\" rel=\"noopener\"><img loading=\"lazy\" decoding=\"async\" class=\"wp-image-26363 size-medium aligncenter\" src=\"https:\/\/friendsmission.com\/wp-content\/uploads\/2024\/05\/Family-Mission-Focus-2024-Download-Slide-Button-300x75.png\" alt=\"\" width=\"300\" height=\"75\" srcset=\"https:\/\/friendsmission.com\/wp-content\/uploads\/2024\/05\/Family-Mission-Focus-2024-Download-Slide-Button-300x75.png 300w, https:\/\/friendsmission.com\/wp-content\/uploads\/2024\/05\/Family-Mission-Focus-2024-Download-Slide-Button-1024x256.png 1024w, https:\/\/friendsmission.com\/wp-content\/uploads\/2024\/05\/Family-Mission-Focus-2024-Download-Slide-Button-768x192.png 768w, https:\/\/friendsmission.com\/wp-content\/uploads\/2024\/05\/Family-Mission-Focus-2024-Download-Slide-Button-1536x384.png 1536w, https:\/\/friendsmission.com\/wp-content\/uploads\/2024\/05\/Family-Mission-Focus-2024-Download-Slide-Button-18x5.png 18w, https:\/\/friendsmission.com\/wp-content\/uploads\/2024\/05\/Family-Mission-Focus-2024-Download-Slide-Button-600x150.png 600w, https:\/\/friendsmission.com\/wp-content\/uploads\/2024\/05\/Family-Mission-Focus-2024-Download-Slide-Button.png 1667w\" sizes=\"auto, (max-width: 300px) 100vw, 300px\" \/><\/a><\/td>\n<td><a href=\"https:\/\/friendsmission.com\/wp-content\/uploads\/2024\/05\/Family_Mission_Focus_Webpage-1.png\" target=\"_blank\" rel=\"noopener\"><img loading=\"lazy\" decoding=\"async\" class=\"wp-image-26364 size-medium aligncenter\" src=\"https:\/\/friendsmission.com\/wp-content\/uploads\/2024\/05\/Family-Mission-Focus-2024-Download-QR-code-Button-300x75.png\" alt=\"\" width=\"300\" height=\"75\" srcset=\"https:\/\/friendsmission.com\/wp-content\/uploads\/2024\/05\/Family-Mission-Focus-2024-Download-QR-code-Button-300x75.png 300w, https:\/\/friendsmission.com\/wp-content\/uploads\/2024\/05\/Family-Mission-Focus-2024-Download-QR-code-Button-1024x256.png 1024w, https:\/\/friendsmission.com\/wp-content\/uploads\/2024\/05\/Family-Mission-Focus-2024-Download-QR-code-Button-768x192.png 768w, https:\/\/friendsmission.com\/wp-content\/uploads\/2024\/05\/Family-Mission-Focus-2024-Download-QR-code-Button-1536x384.png 1536w, https:\/\/friendsmission.com\/wp-content\/uploads\/2024\/05\/Family-Mission-Focus-2024-Download-QR-code-Button-18x5.png 18w, https:\/\/friendsmission.com\/wp-content\/uploads\/2024\/05\/Family-Mission-Focus-2024-Download-QR-code-Button-600x150.png 600w, https:\/\/friendsmission.com\/wp-content\/uploads\/2024\/05\/Family-Mission-Focus-2024-Download-QR-code-Button.png 1667w\" sizes=\"auto, (max-width: 300px) 100vw, 300px\" \/><\/a><\/td>\n<\/tr>\n<\/tbody>\n<\/table>\n<h3 style=\"text-align: center;\">Vea el devocional como un flipbook en su dispositivo a continuaci\u00f3n.<\/h3>\n<div class=\"_df_book df-lite\" id=\"df_26357\"  _slug=\"2024-family-missions-devotional\" data-title=\"2024-family-missions-devotional\" wpoptions=\"true\" thumbtype=\"\" ><\/div><script class=\"df-shortcode-script\" nowprocket type=\"application\/javascript\">window.option_df_26357 = {\"outline\":[],\"autoEnableOutline\":\"false\",\"autoEnableThumbnail\":\"false\",\"overwritePDFOutline\":\"false\",\"direction\":\"1\",\"pageSize\":\"0\",\"source\":\"https:\\\/\\\/friendsmission.com\\\/wp-content\\\/uploads\\\/2024\\\/05\\\/2024-EFM-Family-Missions-Focus-booklet-Final.pdf\",\"wpOptions\":\"true\"}; if(window.DFLIP && window.DFLIP.parseBooks){window.DFLIP.parseBooks();}<\/script>\n<p>&nbsp;<\/p>\n<p>As we serve the Lord together, we are reminded of the immense need to continue spreading the gospel to unreached people groups worldwide. According to the Joshua Project, there are still over 7,000 unreached people groups, representing 3.23 billion individuals who have yet to hear the Good News! We must instill a passion for missions in our children, empowering them to carry on the work of spreading the gospel.<\/p>\n<p>Inspired by reports written by Ron Stansell (former EFM Missionary) and collected by Gregg Pricket (former EFM Board Member), we present this five-day devotional as a tool to ignite conversations about missions within your family. Each day is designed to be completed in 5-10 minutes, providing scripture readings and prompts to engage children in meaningful discussions about the importance of missions.<\/p>\n<p>Whether you pray for missionaries, go as a missionary, or financially support a missionary, we all have a role to play in fulfilling the Great Commission. We offer this devotional as a gift to you, trusting that it will spark a desire to actively participate in missions, both now and in the future.<\/p>\n<p>Thank you for your ongoing support of EFM and our mission to spread the gospel to the ends of the earth. Together, let us serve the Lord and his people with joy and dedication.<\/p>\n<p>Blessings,<\/p>\n<p><img loading=\"lazy\" decoding=\"async\" id=\"FamilyForm\" class=\"wp-image-20522 alignnone\" src=\"https:\/\/friendsmission.com\/wp-content\/uploads\/2024\/05\/EFM-Staff.png\" alt=\"\" width=\"300\" height=\"74\" \/><\/p>\n<hr \/>\n<table style=\"background-color: #51c4f8; width: 500px; height: 800px;\">\n<tbody>\n<tr>\n<td><img loading=\"lazy\" decoding=\"async\" class=\"aligncenter wp-image-26338 size-medium\" src=\"https:\/\/friendsmission.com\/wp-content\/uploads\/2024\/05\/2024-FMF-Social-Media-300x300.png\" alt=\"\" width=\"300\" height=\"300\" srcset=\"https:\/\/friendsmission.com\/wp-content\/uploads\/2024\/05\/2024-FMF-Social-Media-300x300.png 300w, https:\/\/friendsmission.com\/wp-content\/uploads\/2024\/05\/2024-FMF-Social-Media-1024x1024.png 1024w, https:\/\/friendsmission.com\/wp-content\/uploads\/2024\/05\/2024-FMF-Social-Media-150x150.png 150w, https:\/\/friendsmission.com\/wp-content\/uploads\/2024\/05\/2024-FMF-Social-Media-768x768.png 768w, https:\/\/friendsmission.com\/wp-content\/uploads\/2024\/05\/2024-FMF-Social-Media-1536x1536.png 1536w, https:\/\/friendsmission.com\/wp-content\/uploads\/2024\/05\/2024-FMF-Social-Media-2048x2048.png 2048w, https:\/\/friendsmission.com\/wp-content\/uploads\/2024\/05\/2024-FMF-Social-Media-12x12.png 12w, https:\/\/friendsmission.com\/wp-content\/uploads\/2024\/05\/2024-FMF-Social-Media-600x600.png 600w, https:\/\/friendsmission.com\/wp-content\/uploads\/2024\/05\/2024-FMF-Social-Media-100x100.png 100w\" sizes=\"auto, (max-width: 300px) 100vw, 300px\" \/><iframe loading=\"lazy\" src=\"https:\/\/catalog.friendsmission.com\/give\/587144\/#!\/donation\/checkout?eg=true\" width=\"600\" height=\"600\"><span data-mce-type=\"bookmark\" style=\"display: inline-block; width: 0px; overflow: hidden; line-height: 0;\" class=\"mce_SELRES_start\"><\/span><span data-mce-type=\"bookmark\" style=\"display: inline-block; width: 0px; overflow: hidden; line-height: 0;\" class=\"mce_SELRES_start\"><\/span><span data-mce-type=\"bookmark\" style=\"display: inline-block; width: 0px; overflow: hidden; line-height: 0;\" class=\"mce_SELRES_start\"><\/span><span data-mce-type=\"bookmark\" style=\"display: inline-block; width: 0px; overflow: hidden; line-height: 0;\" class=\"mce_SELRES_start\"><\/span><span data-mce-type=\"bookmark\" style=\"display: inline-block; width: 0px; overflow: hidden; line-height: 0;\" class=\"mce_SELRES_start\"><\/span><\/iframe><\/td>\n<\/tr>\n<\/tbody>\n<\/table>","protected":false},"excerpt":{"rendered":"<p>Download the resources below to help promote the offering! Please email us at\u00a0efm@friendsmission.com\u00a0if there is any other way our office can resource your church. View Devotion as a Flipbook on Your Device Below &nbsp; As we serve the Lord together, we are reminded of the immense need to continue spreading the gospel to unreached people [&hellip;]<\/p>","protected":false},"author":2,"featured_media":0,"parent":0,"menu_order":0,"comment_status":"closed","ping_status":"closed","template":"","meta":{"om_disable_all_campaigns":false,"_monsterinsights_skip_tracking":false,"_monsterinsights_sitenote_active":false,"_monsterinsights_sitenote_note":"","_monsterinsights_sitenote_category":0,"_uf_show_specific_survey":0,"_uf_disable_surveys":false,"_genesis_hide_title":false,"_genesis_hide_breadcrumbs":false,"_genesis_hide_singular_image":false,"_genesis_hide_footer_widgets":false,"_genesis_custom_body_class":"full","_genesis_custom_post_class":"","_genesis_layout":"","footnotes":"","_links_to":"","_links_to_target":""},"class_list":{"0":"post-24588","1":"page","2":"type-page","3":"status-publish","5":"entry","6":"has-post-thumbnail"},"aioseo_notices":[],"_links":{"self":[{"href":"https:\/\/friendsmission.com\/es\/wp-json\/wp\/v2\/pages\/24588","targetHints":{"allow":["GET"]}}],"collection":[{"href":"https:\/\/friendsmission.com\/es\/wp-json\/wp\/v2\/pages"}],"about":[{"href":"https:\/\/friendsmission.com\/es\/wp-json\/wp\/v2\/types\/page"}],"author":[{"embeddable":true,"href":"https:\/\/friendsmission.com\/es\/wp-json\/wp\/v2\/users\/2"}],"replies":[{"embeddable":true,"href":"https:\/\/friendsmission.com\/es\/wp-json\/wp\/v2\/comments?post=24588"}],"version-history":[{"count":27,"href":"https:\/\/friendsmission.com\/es\/wp-json\/wp\/v2\/pages\/24588\/revisions"}],"predecessor-version":[{"id":26465,"href":"https:\/\/friendsmission.com\/es\/wp-json\/wp\/v2\/pages\/24588\/revisions\/26465"}],"wp:attachment":[{"href":"https:\/\/friendsmission.com\/es\/wp-json\/wp\/v2\/media?parent=24588"}],"curies":[{"name":"wp","href":"https:\/\/api.w.org\/{rel}","templated":true}]}}