{"id":2380,"date":"2019-07-11T13:43:42","date_gmt":"2019-07-11T19:43:42","guid":{"rendered":"https:\/\/friendsmission.com\/?page_id=2380"},"modified":"2021-06-09T11:22:23","modified_gmt":"2021-06-09T17:22:23","slug":"children","status":"publish","type":"page","link":"https:\/\/friendsmission.com\/es\/children\/","title":{"rendered":""},"content":{"rendered":"<p style=\"text-align: center;\"><a href=\"http:\/\/friendsmission.com\/es\/ninos\/\" target=\"_blank\" rel=\"noopener noreferrer\"><img loading=\"lazy\" decoding=\"async\" class=\"alignright wp-image-20384 size-medium\" src=\"https:\/\/friendsmission.com\/wp-content\/uploads\/2021\/06\/View-in-Spanish-Button-300x75.jpg\" alt=\"\" width=\"300\" height=\"75\" srcset=\"https:\/\/friendsmission.com\/wp-content\/uploads\/2021\/06\/View-in-Spanish-Button-300x75.jpg 300w, https:\/\/friendsmission.com\/wp-content\/uploads\/2021\/06\/View-in-Spanish-Button-1024x256.jpg 1024w, https:\/\/friendsmission.com\/wp-content\/uploads\/2021\/06\/View-in-Spanish-Button-768x192.jpg 768w, https:\/\/friendsmission.com\/wp-content\/uploads\/2021\/06\/View-in-Spanish-Button-1536x384.jpg 1536w, https:\/\/friendsmission.com\/wp-content\/uploads\/2021\/06\/View-in-Spanish-Button-600x150.jpg 600w, https:\/\/friendsmission.com\/wp-content\/uploads\/2021\/06\/View-in-Spanish-Button.jpg 1667w\" sizes=\"auto, (max-width: 300px) 100vw, 300px\" \/><\/a><\/p>\r\n<p style=\"text-align: center;\"><img loading=\"lazy\" decoding=\"async\" class=\"aligncenter wp-image-20086 size-full\" src=\"https:\/\/friendsmission.com\/wp-content\/uploads\/2021\/04\/From-Seed-to-Harvest-CC-Banner.jpg\" alt=\"\" width=\"1920\" height=\"600\" srcset=\"https:\/\/friendsmission.com\/wp-content\/uploads\/2021\/04\/From-Seed-to-Harvest-CC-Banner.jpg 1920w, https:\/\/friendsmission.com\/wp-content\/uploads\/2021\/04\/From-Seed-to-Harvest-CC-Banner-300x94.jpg 300w, https:\/\/friendsmission.com\/wp-content\/uploads\/2021\/04\/From-Seed-to-Harvest-CC-Banner-1024x320.jpg 1024w, https:\/\/friendsmission.com\/wp-content\/uploads\/2021\/04\/From-Seed-to-Harvest-CC-Banner-768x240.jpg 768w, https:\/\/friendsmission.com\/wp-content\/uploads\/2021\/04\/From-Seed-to-Harvest-CC-Banner-1536x480.jpg 1536w, https:\/\/friendsmission.com\/wp-content\/uploads\/2021\/04\/From-Seed-to-Harvest-CC-Banner-600x188.jpg 600w\" sizes=\"auto, (max-width: 1920px) 100vw, 1920px\" \/><\/p>\r\n<p style=\"text-align: center;\"><a href=\"https:\/\/friendsmission.com\/es\/children-resources\/\" target=\"_blank\" rel=\"noopener noreferrer\"><img loading=\"lazy\" decoding=\"async\" class=\"aligncenter wp-image-20300 size-medium\" src=\"https:\/\/friendsmission.com\/wp-content\/uploads\/2021\/05\/Church-Resources-Button-300x75.jpg\" alt=\"\" width=\"300\" height=\"75\" srcset=\"https:\/\/friendsmission.com\/wp-content\/uploads\/2021\/05\/Church-Resources-Button-300x75.jpg 300w, https:\/\/friendsmission.com\/wp-content\/uploads\/2021\/05\/Church-Resources-Button-1024x256.jpg 1024w, https:\/\/friendsmission.com\/wp-content\/uploads\/2021\/05\/Church-Resources-Button-768x192.jpg 768w, https:\/\/friendsmission.com\/wp-content\/uploads\/2021\/05\/Church-Resources-Button-1536x384.jpg 1536w, https:\/\/friendsmission.com\/wp-content\/uploads\/2021\/05\/Church-Resources-Button-600x150.jpg 600w, https:\/\/friendsmission.com\/wp-content\/uploads\/2021\/05\/Church-Resources-Button.jpg 1667w\" sizes=\"auto, (max-width: 300px) 100vw, 300px\" \/><\/a><\/p>\r\n<p style=\"text-align: center;\"><a href=\"https:\/\/catalog.friendsmission.com\/2021childrensmissionsfocus\" target=\"_blank\" rel=\"noopener noreferrer\"><img loading=\"lazy\" decoding=\"async\" class=\"aligncenter wp-image-20301 size-medium\" src=\"https:\/\/friendsmission.com\/wp-content\/uploads\/2021\/05\/Childrens-Give-Button-300x75.jpg\" alt=\"\" width=\"300\" height=\"75\" srcset=\"https:\/\/friendsmission.com\/wp-content\/uploads\/2021\/05\/Childrens-Give-Button-300x75.jpg 300w, https:\/\/friendsmission.com\/wp-content\/uploads\/2021\/05\/Childrens-Give-Button-1024x256.jpg 1024w, https:\/\/friendsmission.com\/wp-content\/uploads\/2021\/05\/Childrens-Give-Button-768x192.jpg 768w, https:\/\/friendsmission.com\/wp-content\/uploads\/2021\/05\/Childrens-Give-Button-1536x384.jpg 1536w, https:\/\/friendsmission.com\/wp-content\/uploads\/2021\/05\/Childrens-Give-Button-600x150.jpg 600w, https:\/\/friendsmission.com\/wp-content\/uploads\/2021\/05\/Childrens-Give-Button.jpg 1667w\" sizes=\"auto, (max-width: 300px) 100vw, 300px\" \/><\/a><\/p>\r\n<p>Ever since I was a child I have been fascinated by the story of William Abel, a Native American from the Friends Church who in 1919 left Southern California and traveled to La Paz, Bolivia, to begin reaching a Native American group called the Aymaras with the Gospel. Even though his ministry there was very short, he became the seed that led to a large group of Friends churches in Bolivia called <em>Iglesia Nacional Evang\u00e9lica Los Amigos<\/em> (National Evangelical Church of Friends).<\/p>\r\n<p><img loading=\"lazy\" decoding=\"async\" class=\"alignright size-medium wp-image-20299\" src=\"https:\/\/friendsmission.com\/wp-content\/uploads\/2021\/05\/William-Abel-216x300.jpg\" alt=\"\" width=\"216\" height=\"300\" srcset=\"https:\/\/friendsmission.com\/wp-content\/uploads\/2021\/05\/William-Abel-216x300.jpg 216w, https:\/\/friendsmission.com\/wp-content\/uploads\/2021\/05\/William-Abel.jpg 373w\" sizes=\"auto, (max-width: 216px) 100vw, 216px\" \/>There are two verses in John chapter 12 that describe really well William\u2019s life and ministry. Here they are in the version of the Bible called <em>The Message<\/em>:<\/p>\r\n<p style=\"text-align: center;\"><em>\u201c\u2026Unless a grain of wheat is buried in the ground, dead to the world,<\/em><\/p>\r\n<p style=\"text-align: center;\"><em>\u00a0it is never more than a grain of wheat. <\/em><\/p>\r\n<p style=\"text-align: center;\"><em>But if it is buried, it sprouts and reproduces itself many times over. <\/em><\/p>\r\n<p style=\"text-align: center;\"><em>In the same way, anyone who holds on to life just as it is destroys that life. <\/em><\/p>\r\n<p style=\"text-align: center;\"><em>But if you let it go, reckless in your love, you\u2019ll have it forever, real and eternal.\u201d<\/em><\/p>\r\n<p>The lessons for this year\u2019s Children\u2019s Missions Focus tell the story of William Abel and unpack the meaning of John 12:24-25 for our own lives and ministries. They are designed especially for children but could easily be adapted for youth and even adults. Opportunities are given for memorizing John 12:24-25, getting acquainted with Evangelical Friends missionaries who are active today, praying for the missionaries, and taking an offering to help support their ministries.<\/p>\r\n<p>You can find the lessons for \u201cFrom Seed to Harvest\u201d at <a href=\"https:\/\/friendsmission.com\/es\/children-resources\/\">www.friendsmission.com\/children-resources<\/a>. Would you find a way to put these lessons to good use? Maybe it will be in your own home with your children or grandchildren. Maybe it will be in the Sunday school program of your church. Maybe a kid\u2019s club, youth group, or a small group of adults. This material will not bear fruit unless it is used. Please find a way to use it. Someone\u2019s life and eternal destiny could be impacted by those who take the time to work through these lessons.<\/p>\r\n<p>The money collected through this offering will be used for EFM\u2019s work around the world and will help support EFM\u2019s Five-Year Goal of <strong>sending 10 new missionary households from North America to launch 5 new fields by 2025<\/strong>. This goal is being carried out through a process called the Luke 10 Initiative which involves Luke 10:2 Gatherings for prayer, Luke 10 Think Tanks, and Luke 10 Trips. To learn more about the goal and this initiative please go to <a href=\"https:\/\/friendsmission.com\/es\/meta-de-cinco-anos\/\">www.friendsmission.com\/five-year-goal<\/a>. As we send more missionaries and launch new fields we want to provide a way for our children and youth to participate in this effort and to also be inspired by stories like William\u2019s that they too can become pioneer missionaries among the unreached peoples of the world.<\/p>\r\n<p>Some churches may take an offering together, while other churches encourage their members to send contributions directly to EFM. However you or your church chooses to handle it, I pray that you will consider giving to our 2021 Children\u2019s Missions Focus. We need both your prayers and financial support as we ask God to lead us in reaching our Five-Year Goal!<\/p>\r\n<p>Your fellow servant in Christ,<\/p>\r\n<p><img loading=\"lazy\" decoding=\"async\" class=\"wp-image-1514 alignleft\" src=\"https:\/\/friendsmission.com\/wp-content\/uploads\/2019\/03\/Dan-Signature-e1552946689697-300x56.png\" alt=\"\" width=\"246\" height=\"46\" srcset=\"https:\/\/friendsmission.com\/wp-content\/uploads\/2019\/03\/Dan-Signature-e1552946689697-300x56.png 300w, https:\/\/friendsmission.com\/wp-content\/uploads\/2019\/03\/Dan-Signature-e1552946689697-768x143.png 768w, https:\/\/friendsmission.com\/wp-content\/uploads\/2019\/03\/Dan-Signature-e1552946689697-1024x191.png 1024w, https:\/\/friendsmission.com\/wp-content\/uploads\/2019\/03\/Dan-Signature-e1552946689697-600x112.png 600w, https:\/\/friendsmission.com\/wp-content\/uploads\/2019\/03\/Dan-Signature-e1552946689697.png 1109w\" sizes=\"auto, (max-width: 246px) 100vw, 246px\" \/><\/p>\r\n<p>&nbsp;<\/p>\r\n<p>&nbsp;<\/p>\r\n<p>Dan Cammack<\/p>\r\n<p>Director Ejecutivo de EFM<\/p>\r\n<hr \/>\r\n<p>To find out more about William Abel and also get the full story of the group of Friends churches in Bolivia called <em>Iglesia Nacional Evang\u00e9lica Los Amigos<\/em> (INELA), I highly recommend a book by Nancy Thomas entitled <em>A Long Walk, A Gradual Ascent<\/em>. It is available through Amazon.com. Nancy and her husband, Harold, served for many years in Bolivia as missionaries and worked with this group of churches. In writing the book a team of Bolivian Friends helped them with research and provided insights that helped shape the content of the chapters. It is well written and well worth your time!<\/p>\r\n<hr \/>\r\n<p style=\"text-align: center;\"><em data-rich-text-format-boundary=\"true\">Nuestro compromiso con usted es que todas las donaciones a EFM se utilicen seg\u00fan lo designado. Una vez que un ministerio est\u00e1 totalmente financiado, seguimos la pol\u00edtica para utilizar los fondos para la siguiente necesidad del ministerio m\u00e1s cercano. El 100% de cada donaci\u00f3n a EFM se destina al proyecto o fondo misionero al que se entrega.<\/em><\/p>\r\n\r\n<p>&nbsp;<\/p>","protected":false},"excerpt":{"rendered":"<p>Ever since I was a child I have been fascinated by the story of William Abel, a Native American from the Friends Church who in 1919 left Southern California and traveled to La Paz, Bolivia, to begin reaching a Native American group called the Aymaras with the Gospel. Even though his ministry there was very [&hellip;]<\/p>","protected":false},"author":2,"featured_media":0,"parent":0,"menu_order":0,"comment_status":"closed","ping_status":"closed","template":"page_landing.php","meta":{"om_disable_all_campaigns":false,"_monsterinsights_skip_tracking":false,"_monsterinsights_sitenote_active":false,"_monsterinsights_sitenote_note":"","_monsterinsights_sitenote_category":0,"_uf_show_specific_survey":0,"_uf_disable_surveys":false,"_genesis_hide_title":false,"_genesis_hide_breadcrumbs":false,"_genesis_hide_singular_image":false,"_genesis_hide_footer_widgets":false,"_genesis_custom_body_class":"full","_genesis_custom_post_class":"","_genesis_layout":"full-width-content","footnotes":"","_links_to":"","_links_to_target":""},"class_list":{"0":"post-2380","1":"page","2":"type-page","3":"status-publish","5":"entry","6":"has-post-thumbnail"},"aioseo_notices":[],"_links":{"self":[{"href":"https:\/\/friendsmission.com\/es\/wp-json\/wp\/v2\/pages\/2380","targetHints":{"allow":["GET"]}}],"collection":[{"href":"https:\/\/friendsmission.com\/es\/wp-json\/wp\/v2\/pages"}],"about":[{"href":"https:\/\/friendsmission.com\/es\/wp-json\/wp\/v2\/types\/page"}],"author":[{"embeddable":true,"href":"https:\/\/friendsmission.com\/es\/wp-json\/wp\/v2\/users\/2"}],"replies":[{"embeddable":true,"href":"https:\/\/friendsmission.com\/es\/wp-json\/wp\/v2\/comments?post=2380"}],"version-history":[{"count":37,"href":"https:\/\/friendsmission.com\/es\/wp-json\/wp\/v2\/pages\/2380\/revisions"}],"predecessor-version":[{"id":20321,"href":"https:\/\/friendsmission.com\/es\/wp-json\/wp\/v2\/pages\/2380\/revisions\/20321"}],"wp:attachment":[{"href":"https:\/\/friendsmission.com\/es\/wp-json\/wp\/v2\/media?parent=2380"}],"curies":[{"name":"wp","href":"https:\/\/api.w.org\/{rel}","templated":true}]}}