{"id":22080,"date":"2022-03-17T11:45:06","date_gmt":"2022-03-17T17:45:06","guid":{"rendered":"https:\/\/friendsmission.com\/?page_id=22080"},"modified":"2026-03-31T11:36:54","modified_gmt":"2026-03-31T17:36:54","slug":"luke-10-2-prayer-gathering-form","status":"publish","type":"page","link":"https:\/\/friendsmission.com\/es\/luke-10-2-prayer-gathering-form\/","title":{"rendered":"Participate In Our Monthly Luke 10:2 Prayer Gathering"},"content":{"rendered":"<p><a href=\"https:\/\/friendsmission.com\/wp-content\/uploads\/2026\/01\/A-Luke-10-logo-with-tape-blue-rec.png\"><img loading=\"lazy\" decoding=\"async\" class=\"size-medium wp-image-29445 aligncenter\" src=\"https:\/\/friendsmission.com\/wp-content\/uploads\/2026\/01\/A-Luke-10-logo-with-tape-blue-rec-300x263.png\" alt=\"\" width=\"300\" height=\"263\" srcset=\"https:\/\/friendsmission.com\/wp-content\/uploads\/2026\/01\/A-Luke-10-logo-with-tape-blue-rec-300x263.png 300w, https:\/\/friendsmission.com\/wp-content\/uploads\/2026\/01\/A-Luke-10-logo-with-tape-blue-rec-1024x897.png 1024w, https:\/\/friendsmission.com\/wp-content\/uploads\/2026\/01\/A-Luke-10-logo-with-tape-blue-rec-768x673.png 768w, https:\/\/friendsmission.com\/wp-content\/uploads\/2026\/01\/A-Luke-10-logo-with-tape-blue-rec-14x12.png 14w, https:\/\/friendsmission.com\/wp-content\/uploads\/2026\/01\/A-Luke-10-logo-with-tape-blue-rec-600x526.png 600w, https:\/\/friendsmission.com\/wp-content\/uploads\/2026\/01\/A-Luke-10-logo-with-tape-blue-rec.png 1233w\" sizes=\"auto, (max-width: 300px) 100vw, 300px\" \/><\/a><\/p>\n<p>\u00danete a nosotros el 2<sup>nd<\/sup> Jueves de cada mes de 10 a 11 a. m. PST a nuestra reuni\u00f3n Luke 10: 2 a trav\u00e9s de Zoom en apoyo de la meta de cinco a\u00f1os de EFM. Tambi\u00e9n te invitamos a seguir las actualizaciones de alabanza y oraci\u00f3n por la meta de cinco a\u00f1os de EFM a trav\u00e9s de la carta de oraci\u00f3n mensual de EFM. La Carta de Oraci\u00f3n de EFM es la forma m\u00e1s f\u00e1cil de recibir actualizaciones peri\u00f3dicas y breves de los misioneros y l\u00edderes nacionales y se env\u00eda a principios de cada mes. Este formulario debe ser llenado individualmente por cada persona en su hogar que desee recibir la Carta de Oraci\u00f3n de EFM.<\/p>\n<p><script src=\"https:\/\/cdn.virtuoussoftware.com\/virtuous.embed.min.js\" data-vform=\"A21E6EDE-2DAF-46F0-83D4-D2E736CC8D46\" data-orgId=\"480\" data-isGiving=\"false\" data-dependencies=\"[]\">\n<\/script><\/p>","protected":false},"excerpt":{"rendered":"<p>Join us on the 2nd Thursday of each month from 10-11 AM PST for our Luke 10:2 Gathering via Zoom in support of EFM\u2019s Five-Year Goal.\u00a0 We also invite you to follow praise and prayer updates for EFM\u2019s Five-Year Goal in EFM\u2019s monthly prayer letter.\u00a0 The EFM Prayer Letter is the easiest way to get [&hellip;]<\/p>","protected":false},"author":2,"featured_media":0,"parent":0,"menu_order":0,"comment_status":"closed","ping_status":"closed","template":"","meta":{"om_disable_all_campaigns":false,"_monsterinsights_skip_tracking":false,"_monsterinsights_sitenote_active":false,"_monsterinsights_sitenote_note":"","_monsterinsights_sitenote_category":0,"_uf_show_specific_survey":0,"_uf_disable_surveys":false,"_genesis_hide_title":false,"_genesis_hide_breadcrumbs":false,"_genesis_hide_singular_image":false,"_genesis_hide_footer_widgets":false,"_genesis_custom_body_class":"full","_genesis_custom_post_class":"","_genesis_layout":"","footnotes":"","_links_to":"","_links_to_target":""},"class_list":{"0":"post-22080","1":"page","2":"type-page","3":"status-publish","5":"entry"},"aioseo_notices":[],"_links":{"self":[{"href":"https:\/\/friendsmission.com\/es\/wp-json\/wp\/v2\/pages\/22080","targetHints":{"allow":["GET"]}}],"collection":[{"href":"https:\/\/friendsmission.com\/es\/wp-json\/wp\/v2\/pages"}],"about":[{"href":"https:\/\/friendsmission.com\/es\/wp-json\/wp\/v2\/types\/page"}],"author":[{"embeddable":true,"href":"https:\/\/friendsmission.com\/es\/wp-json\/wp\/v2\/users\/2"}],"replies":[{"embeddable":true,"href":"https:\/\/friendsmission.com\/es\/wp-json\/wp\/v2\/comments?post=22080"}],"version-history":[{"count":8,"href":"https:\/\/friendsmission.com\/es\/wp-json\/wp\/v2\/pages\/22080\/revisions"}],"predecessor-version":[{"id":29672,"href":"https:\/\/friendsmission.com\/es\/wp-json\/wp\/v2\/pages\/22080\/revisions\/29672"}],"wp:attachment":[{"href":"https:\/\/friendsmission.com\/es\/wp-json\/wp\/v2\/media?parent=22080"}],"curies":[{"name":"wp","href":"https:\/\/api.w.org\/{rel}","templated":true}]}}