{"id":21961,"date":"2022-03-09T11:44:54","date_gmt":"2022-03-09T17:44:54","guid":{"rendered":"https:\/\/friendsmission.com\/?page_id=21961"},"modified":"2022-03-15T11:33:43","modified_gmt":"2022-03-15T17:33:43","slug":"give-easter-2022","status":"publish","type":"page","link":"https:\/\/friendsmission.com\/es\/give-easter-2022\/","title":{"rendered":"\u00a1Dale a la Ofrenda de Pascua 2022!"},"content":{"rendered":"<p><a href=\"https:\/\/friendsmission.com\/wp-content\/uploads\/2022\/03\/Web-Banner-Sp-logo.jpg\"><img loading=\"lazy\" decoding=\"async\" class=\"alignnone wp-image-21948 size-full\" src=\"https:\/\/friendsmission.com\/wp-content\/uploads\/2022\/03\/Web-Banner-Sp-logo.jpg\" alt=\"\" width=\"1920\" height=\"600\" srcset=\"https:\/\/friendsmission.com\/wp-content\/uploads\/2022\/03\/Web-Banner-Sp-logo.jpg 1920w, https:\/\/friendsmission.com\/wp-content\/uploads\/2022\/03\/Web-Banner-Sp-logo-300x94.jpg 300w, https:\/\/friendsmission.com\/wp-content\/uploads\/2022\/03\/Web-Banner-Sp-logo-1024x320.jpg 1024w, https:\/\/friendsmission.com\/wp-content\/uploads\/2022\/03\/Web-Banner-Sp-logo-768x240.jpg 768w, https:\/\/friendsmission.com\/wp-content\/uploads\/2022\/03\/Web-Banner-Sp-logo-1536x480.jpg 1536w, https:\/\/friendsmission.com\/wp-content\/uploads\/2022\/03\/Web-Banner-Sp-logo-18x6.jpg 18w, https:\/\/friendsmission.com\/wp-content\/uploads\/2022\/03\/Web-Banner-Sp-logo-600x188.jpg 600w\" sizes=\"auto, (max-width: 1920px) 100vw, 1920px\" \/><\/a><\/p>\n<p>La Pasi\u00f3n de Jes\u00fas por el mundo ocupa el centro del escenario durante la Semana Santa. En la semana entre el Domingo de Ramos y la Pascua, Jes\u00fas garantiz\u00f3 el cumplimiento de sus famosas palabras: \u201cPorque de tal manera am\u00f3 Dios al mundo que ha dado a su Hijo unig\u00e9nito, para que todo el que cree en \u00e9l no se pierda, sino que tenga vida eterna\u201d. Su pasi\u00f3n fue clara.<\/p>\n<p>Misi\u00f3n Evang\u00e9lica Amigos, en asociaci\u00f3n con Iglesias de los Amigos en los EE. UU., tenemos un fuerte sentir que el Se\u00f1or nos est\u00e1 guiando a abrazar una nueva expresi\u00f3n de Juan 3:16 juntos. Recientemente comenzamos el segundo a\u00f1o de nuestra\u00a0<a href=\"https:\/\/friendsmission.com\/es\/meta-de-cinco-anos\/\" target=\"_blank\" rel=\"nofollow noopener\"><strong>Meta de Cinco A\u00f1os<\/strong><\/a><strong>\u00a0que es alimentado por el<\/strong><strong>ucas 10<\/strong>. Nuestro objetivo es enviar diez nuevos hogares misioneros a cinco nuevos campos para 2025.<\/p>\n<p>Estamos agradecidos con el Se\u00f1or por todo lo que est\u00e1 haciendo y agradecidos por ustedes. Gracias por su apoyo para impulsar la Iniciativa Lucas 10 a trav\u00e9s de nuestra ofrenda de Pascua. Tus donaciones nos ayudar\u00e1n a impulsar el movimiento que fue la esencia de la pasi\u00f3n de Jes\u00fas: que todos experimenten el poder transformador de la Resurrecci\u00f3n.<\/p>\n<p><script src=\"https:\/\/cdn.virtuoussoftware.com\/virtuous.embed.min.js\" data-vform=\"B66C8A7C-6037-4D08-9BE4-F65E9AD46653\" data-orgId=\"480\" data-isGiving=\"true\" data-merchantType=\"Virtuous\" data-dependencies=\"[]\">\n<\/script><\/p>\n<table style=\"background-color: #c8ced6;\">\n<tbody>\n<tr>\n<td><em>Nuestro compromiso con usted es que todas las donaciones a EFM se utilicen seg\u00fan lo designado. Una vez que un ministerio est\u00e1 totalmente financiado, seguimos la pol\u00edtica para utilizar los fondos para la siguiente necesidad del ministerio m\u00e1s cercano. El 100% de cada donaci\u00f3n a EFM se destina al proyecto o fondo misionero al que se entrega.\u00a0<\/em><\/p>\n<p><em>Evangelical Friends Mission es una organizaci\u00f3n 501(c)3 exenta de impuestos y su donaci\u00f3n es deducible de impuestos dentro de las pautas de la ley estadounidense. Para reclamar una donaci\u00f3n como una deducci\u00f3n en sus impuestos de EE. UU., conserve el recibo de donaci\u00f3n por correo electr\u00f3nico como su registro oficial. Te lo enviaremos una vez que completes con \u00e9xito tu donaci\u00f3n.<\/em><\/td>\n<td><\/td>\n<\/tr>\n<tr>\n<td style=\"text-align: center;\"><em>Para obtener m\u00e1s informaci\u00f3n sobre c\u00f3mo dar y hacer compromisos con EFM:<\/em><a href=\"https:\/\/friendsmission.com\/wp-content\/uploads\/2021\/05\/FAQ-for-Giving-Spanish-March-2021-Update.pdf\"><img loading=\"lazy\" decoding=\"async\" class=\"aligncenter wp-image-19983 size-medium\" src=\"https:\/\/friendsmission.com\/wp-content\/uploads\/2022\/03\/Spanish-Click-here-FAQS-button.png\" alt=\"\" width=\"300\" height=\"75\" srcset=\"https:\/\/friendsmission.com\/wp-content\/uploads\/2022\/03\/Spanish-Click-here-FAQS-button.png 1667w, https:\/\/friendsmission.com\/wp-content\/uploads\/2022\/03\/Spanish-Click-here-FAQS-button-300x75.png 300w, https:\/\/friendsmission.com\/wp-content\/uploads\/2022\/03\/Spanish-Click-here-FAQS-button-1024x256.png 1024w, https:\/\/friendsmission.com\/wp-content\/uploads\/2022\/03\/Spanish-Click-here-FAQS-button-768x192.png 768w, https:\/\/friendsmission.com\/wp-content\/uploads\/2022\/03\/Spanish-Click-here-FAQS-button-1536x384.png 1536w, https:\/\/friendsmission.com\/wp-content\/uploads\/2022\/03\/Spanish-Click-here-FAQS-button-18x5.png 18w, https:\/\/friendsmission.com\/wp-content\/uploads\/2022\/03\/Spanish-Click-here-FAQS-button-600x150.png 600w\" sizes=\"auto, (max-width: 300px) 100vw, 300px\" \/><\/a><\/td>\n<td><\/td>\n<\/tr>\n<\/tbody>\n<\/table>\n<p>&nbsp;<\/p>","protected":false},"excerpt":{"rendered":"<p>Jesus\u2019 Passion for the world takes center stage during Holy Week. In the week between Palm Sunday and Easter, Jesus guaranteed the fulfillment of his famous words, \u201cFor God so loved the world that he gave his one and only Son, that whoever believes in him shall not perish but have eternal life\u201d. His passion [&hellip;]<\/p>","protected":false},"author":2,"featured_media":0,"parent":0,"menu_order":0,"comment_status":"closed","ping_status":"closed","template":"","meta":{"om_disable_all_campaigns":false,"_monsterinsights_skip_tracking":false,"_monsterinsights_sitenote_active":false,"_monsterinsights_sitenote_note":"","_monsterinsights_sitenote_category":0,"_uf_show_specific_survey":0,"_uf_disable_surveys":false,"_genesis_hide_title":false,"_genesis_hide_breadcrumbs":false,"_genesis_hide_singular_image":false,"_genesis_hide_footer_widgets":false,"_genesis_custom_body_class":"full","_genesis_custom_post_class":"","_genesis_layout":"","footnotes":"","_links_to":"","_links_to_target":""},"class_list":{"0":"post-21961","1":"page","2":"type-page","3":"status-publish","5":"entry"},"aioseo_notices":[],"_links":{"self":[{"href":"https:\/\/friendsmission.com\/es\/wp-json\/wp\/v2\/pages\/21961","targetHints":{"allow":["GET"]}}],"collection":[{"href":"https:\/\/friendsmission.com\/es\/wp-json\/wp\/v2\/pages"}],"about":[{"href":"https:\/\/friendsmission.com\/es\/wp-json\/wp\/v2\/types\/page"}],"author":[{"embeddable":true,"href":"https:\/\/friendsmission.com\/es\/wp-json\/wp\/v2\/users\/2"}],"replies":[{"embeddable":true,"href":"https:\/\/friendsmission.com\/es\/wp-json\/wp\/v2\/comments?post=21961"}],"version-history":[{"count":9,"href":"https:\/\/friendsmission.com\/es\/wp-json\/wp\/v2\/pages\/21961\/revisions"}],"predecessor-version":[{"id":22029,"href":"https:\/\/friendsmission.com\/es\/wp-json\/wp\/v2\/pages\/21961\/revisions\/22029"}],"wp:attachment":[{"href":"https:\/\/friendsmission.com\/es\/wp-json\/wp\/v2\/media?parent=21961"}],"curies":[{"name":"wp","href":"https:\/\/api.w.org\/{rel}","templated":true}]}}