{"id":21867,"date":"2022-03-01T15:32:58","date_gmt":"2022-03-01T21:32:58","guid":{"rendered":"https:\/\/friendsmission.com\/?page_id=21867"},"modified":"2023-03-02T12:39:40","modified_gmt":"2023-03-02T18:39:40","slug":"church-subscription-form","status":"publish","type":"page","link":"https:\/\/friendsmission.com\/es\/church-subscription-form\/","title":{"rendered":""},"content":{"rendered":"<p><a href=\"https:\/\/friendsmission.com\/wp-content\/uploads\/2021\/12\/Web-Banner-Subscribe.png\"><img loading=\"lazy\" decoding=\"async\" class=\"alignnone wp-image-21267 size-full\" src=\"https:\/\/friendsmission.com\/wp-content\/uploads\/2021\/12\/Web-Banner-Subscribe.png\" alt=\"\" width=\"1920\" height=\"600\" srcset=\"https:\/\/friendsmission.com\/wp-content\/uploads\/2021\/12\/Web-Banner-Subscribe.png 1920w, https:\/\/friendsmission.com\/wp-content\/uploads\/2021\/12\/Web-Banner-Subscribe-300x94.png 300w, https:\/\/friendsmission.com\/wp-content\/uploads\/2021\/12\/Web-Banner-Subscribe-1024x320.png 1024w, https:\/\/friendsmission.com\/wp-content\/uploads\/2021\/12\/Web-Banner-Subscribe-768x240.png 768w, https:\/\/friendsmission.com\/wp-content\/uploads\/2021\/12\/Web-Banner-Subscribe-1536x480.png 1536w, https:\/\/friendsmission.com\/wp-content\/uploads\/2021\/12\/Web-Banner-Subscribe-18x6.png 18w, https:\/\/friendsmission.com\/wp-content\/uploads\/2021\/12\/Web-Banner-Subscribe-600x188.png 600w\" sizes=\"auto, (max-width: 1920px) 100vw, 1920px\" \/><\/a><\/p>\n<h1>Informaci\u00f3n de contacto de la iglesia y suscripciones a noticias misioneras<\/h1>\n<p><span style=\"font-size: 16px;\">\u00a1Esta p\u00e1gina es para que las oficinas de la iglesia actualicen su informaci\u00f3n de contacto y suscripciones a noticias misioneras! Recomendamos que este formulario lo llene un administrador de la iglesia o un pastor principal. <\/span><span style=\"font-size: 16px;\">Para la direcci\u00f3n de correo electr\u00f3nico, indique <\/span><em style=\"font-size: 16px;\">el correo electr\u00f3nico de la oficina de la iglesia o el mejor correo electr\u00f3nico de contacto para la iglesia.<\/em><span style=\"font-size: 16px;\">.<\/span><\/p>\n<div>\n<p>\u00a1Los misioneros necesitan personas como usted para orar por ellos! \u00a1Indique qu\u00e9 misioneros y comunicaciones generales le gustar\u00eda recibir a la oficina de su iglesia, incluida nuestra carta de oraci\u00f3n mensual!<\/p>\n<\/div>\n<p>Si desea actualizar su informaci\u00f3n de contacto personal (del hogar) y su suscripci\u00f3n, utilice este formulario. <a href=\"https:\/\/friendsmission.com\/es\/subscribe\/\">please use this form.<\/a><\/p>\n<div>\n<p><script src=\"https:\/\/cdn.virtuoussoftware.com\/virtuous.embed.min.js\" data-vform=\"E6B5B55E-77A3-44A1-AA95-22A53AD1E6F0\" data-orgId=\"480\" data-isGiving=\"false\" data-dependencies=\"[]\">\n<\/script><\/p>\n<\/div>","protected":false},"excerpt":{"rendered":"<p>Church Contact Info &amp; Missionary News Subscriptions This page is for church offices to update their Contact Info and Missionary News Subscriptions! We recommend this form be filled out by a church admin or Lead Pastor. For the email address, please list the church office email or best contact email for the church. Missionaries need [&hellip;]<\/p>","protected":false},"author":2,"featured_media":0,"parent":0,"menu_order":0,"comment_status":"closed","ping_status":"closed","template":"","meta":{"om_disable_all_campaigns":false,"_monsterinsights_skip_tracking":false,"_monsterinsights_sitenote_active":false,"_monsterinsights_sitenote_note":"","_monsterinsights_sitenote_category":0,"_uf_show_specific_survey":0,"_uf_disable_surveys":false,"_genesis_hide_title":false,"_genesis_hide_breadcrumbs":false,"_genesis_hide_singular_image":false,"_genesis_hide_footer_widgets":false,"_genesis_custom_body_class":"full","_genesis_custom_post_class":"","_genesis_layout":"","footnotes":"","_links_to":"","_links_to_target":""},"class_list":{"0":"post-21867","1":"page","2":"type-page","3":"status-publish","5":"entry"},"aioseo_notices":[],"_links":{"self":[{"href":"https:\/\/friendsmission.com\/es\/wp-json\/wp\/v2\/pages\/21867","targetHints":{"allow":["GET"]}}],"collection":[{"href":"https:\/\/friendsmission.com\/es\/wp-json\/wp\/v2\/pages"}],"about":[{"href":"https:\/\/friendsmission.com\/es\/wp-json\/wp\/v2\/types\/page"}],"author":[{"embeddable":true,"href":"https:\/\/friendsmission.com\/es\/wp-json\/wp\/v2\/users\/2"}],"replies":[{"embeddable":true,"href":"https:\/\/friendsmission.com\/es\/wp-json\/wp\/v2\/comments?post=21867"}],"version-history":[{"count":7,"href":"https:\/\/friendsmission.com\/es\/wp-json\/wp\/v2\/pages\/21867\/revisions"}],"predecessor-version":[{"id":24252,"href":"https:\/\/friendsmission.com\/es\/wp-json\/wp\/v2\/pages\/21867\/revisions\/24252"}],"wp:attachment":[{"href":"https:\/\/friendsmission.com\/es\/wp-json\/wp\/v2\/media?parent=21867"}],"curies":[{"name":"wp","href":"https:\/\/api.w.org\/{rel}","templated":true}]}}