{"id":21195,"date":"2021-12-01T13:47:27","date_gmt":"2021-12-01T19:47:27","guid":{"rendered":"https:\/\/friendsmission.com\/?page_id=21195"},"modified":"2021-12-01T15:21:12","modified_gmt":"2021-12-01T21:21:12","slug":"fin-de-ano","status":"publish","type":"page","link":"https:\/\/friendsmission.com\/es\/fin-de-ano\/","title":{"rendered":"Ofrenda de Fin de A\u00f1o 2021"},"content":{"rendered":"<p><img loading=\"lazy\" decoding=\"async\" class=\"aligncenter wp-image-856\" src=\"https:\/\/friendsmission.com\/wp-content\/uploads\/2018\/09\/EFM-color-300x186.png\" alt=\"\" width=\"206\" height=\"128\" srcset=\"https:\/\/friendsmission.com\/wp-content\/uploads\/2018\/09\/EFM-color-300x186.png 300w, https:\/\/friendsmission.com\/wp-content\/uploads\/2018\/09\/EFM-color-600x373.png 600w, https:\/\/friendsmission.com\/wp-content\/uploads\/2018\/09\/EFM-color-768x477.png 768w, https:\/\/friendsmission.com\/wp-content\/uploads\/2018\/09\/EFM-color-1024x636.png 1024w\" sizes=\"auto, (max-width: 206px) 100vw, 206px\" \/><\/p>\n<p>Diciembre de 2021<\/p>\n<p>Querido Evangelical Friends,<\/p>\n<p><em><strong>Estamos en una \u00e9poca de gratitud.<\/strong><\/em><\/p>\n<p>Entre muchas otras cosas, estoy agradecido por la incesante diligencia de Dios en su tarea de edificar la Iglesia. Su trabajo en la vida de los l\u00edderes emergentes ha sido evidente. Es una caracter\u00edstica gratificante del prop\u00f3sito de EFM. Y la\u00a0<a href=\"https:\/\/friendsmission.com\/es\/meta-de-cinco-anos\/\" target=\"_blank\" rel=\"noopener\">Iniciativa Lucas 10<\/a>\u00a0&#8211;\u00a0enviar al menos diez nuevas familias de misioneros a al menos diez nuevos campos en los pr\u00f3ximos cinco a\u00f1os &#8211;\u00a0es descubrir muchos ejemplos de la obra de Dios en las vidas de los l\u00edderes emergentes.<\/p>\n<p><em><strong>Escuchamos sus historias.<\/strong><\/em><\/p>\n<p>Recientemente, un joven describi\u00f3 su llamado. Lleg\u00f3 en dos oleadas. La primera ocurri\u00f3 en una serie de experiencias de adoraci\u00f3n con su grupo de j\u00f3venes. En estas, \u00e9l se sinti\u00f3 muy consciente y abrumado por la gracia de Dios. Abrumado con gratitud y emoci\u00f3n, el amor de Jes\u00fas gan\u00f3 su coraz\u00f3n.<\/p>\n<p>Despu\u00e9s, escuch\u00f3 a un l\u00edder de misiones repetir una investigaci\u00f3n reciente (<a href=\"https:\/\/joshuaproject.net\/frontier\">https:\/\/joshuaproject.net\/frontier<\/a>) la cual concluye que el 25% de la poblaci\u00f3n mundial casi no tiene posibilidades de escuchar acerca de Jes\u00fas de alguien de su propio grupo \u00e9tnico. Al reflexionar sobre su propia experiencia de el amor de Jes\u00fas, el joven se alarm\u00f3 de saber que casi dos mil millones tienen solo una remota posibilidad de experimentarlo por s\u00ed mismos. Se rindi\u00f3 y dijo: \u201cAqu\u00ed estoy, Se\u00f1or. \u00a1Yo ir\u00e9!&#8221;<\/p>\n<p>Actualmente, de la Iniciativa Lucas 10, EFM tiene una lista de casi cien futuros misioneros potenciales. EFM esta comprometido, junto con sus congregaciones locales, a ayudarlos a descubrir la direcci\u00f3n de Dios, equiparlos y enviarlos a algunas de estas personas. Hacemos esto a trav\u00e9s de retiros y viajes de discernimiento, as\u00ed como creando cohortes para la formaci\u00f3n y exhortaci\u00f3n.<\/p>\n<p><em><strong>Jes\u00fas est\u00e1 llamando a la pr\u00f3xima ola de l\u00edderes. Este es Jes\u00fas construyendo su Iglesia.<\/strong><\/em><\/p>\n<p>Esta temporada, mientras usted reflexiona sobre la obra de Dios en su vida, nuestra esperanza es que se vuelva m\u00e1s consciente del amor de Dios por usted. Que la gracia de Dios lo llene de gratitud.<\/p>\n<div>\n<table style=\"background-color: #dfd4d0;\">\n<tbody>\n<tr>\n<td>La gratitud hace que nuestra alma crezca y, a menudo, despierta en nosotros una respuesta de gran coraz\u00f3n. Al igual que el joven, es posible que usted experimente un deseo imperioso de compartir la difusi\u00f3n del asombroso amor de Jes\u00fas. Si es as\u00ed, considere tres opciones.<\/p>\n<ol>\n<li><strong>Ir<\/strong>. Dios nos sorprende y puede estar llam\u00e1ndole (incluso a usted) para que vaya, sin importar su edad o posici\u00f3n en la vida. Si es as\u00ed, nos encantar\u00eda saber de usted.<\/li>\n<li><strong>Orando<\/strong>. Cuando queremos para los dem\u00e1s m\u00e1s de lo que podemos darles, oramos. Una cuarta parte de la poblaci\u00f3n mundial necesita un milagro para escuchar las Buenas Nuevas. P\u00eddale a nuestro Dios generoso por esto.<\/li>\n<li><strong>Enviar<\/strong>. Apoye ayudando a EFM a descubrir, capacitar y enviar a estos futuros misioneros. Una donaci\u00f3n de fin de a\u00f1o impulsar\u00eda este trabajo al garantizar que contin\u00faen las oportunidades de discernimiento y capacitaci\u00f3n.<\/li>\n<\/ol>\n<p>Gracias por reflexionar en oraci\u00f3n sobre estas posibilidades.<\/td>\n<\/tr>\n<\/tbody>\n<\/table>\n<\/div>\n<div><\/div>\n<div>\n<div>\n<p>Nosotros, los misioneros y el personal de EFM, estamos agradecidos por usted. Dios est\u00e1 edificando activamente su iglesia en todo el mundo a trav\u00e9s de personas como usted.<\/p>\n<p>Por Emmanuel,<\/p>\n<\/div>\n<\/div>\n<p><img loading=\"lazy\" decoding=\"async\" class=\"wp-image-20522 alignleft\" src=\"https:\/\/friendsmission.com\/wp-content\/uploads\/2021\/07\/Stans-Signature2-300x78.png\" alt=\"\" width=\"181\" height=\"47\" srcset=\"https:\/\/friendsmission.com\/wp-content\/uploads\/2021\/07\/Stans-Signature2-300x78.png 300w, https:\/\/friendsmission.com\/wp-content\/uploads\/2021\/07\/Stans-Signature2.png 334w\" sizes=\"auto, (max-width: 181px) 100vw, 181px\" \/><\/p>\n<p>&nbsp;<\/p>\n<p>&nbsp;<\/p>\n<p>David Leach<\/p>\n<p>Executive Director<\/p>\n<p><a href=\"https:\/\/catalog.friendsmission.com\/year-end-2021\" target=\"_blank\" rel=\"noopener\"><img loading=\"lazy\" decoding=\"async\" class=\"aligncenter wp-image-19179 size-medium\" src=\"https:\/\/friendsmission.com\/wp-content\/uploads\/2020\/11\/Year-End-Spanish-Button-300x75.jpg\" alt=\"\" width=\"300\" height=\"75\" srcset=\"https:\/\/friendsmission.com\/wp-content\/uploads\/2020\/11\/Year-End-Spanish-Button-300x75.jpg 300w, https:\/\/friendsmission.com\/wp-content\/uploads\/2020\/11\/Year-End-Spanish-Button-1024x256.jpg 1024w, https:\/\/friendsmission.com\/wp-content\/uploads\/2020\/11\/Year-End-Spanish-Button-768x192.jpg 768w, https:\/\/friendsmission.com\/wp-content\/uploads\/2020\/11\/Year-End-Spanish-Button-1536x384.jpg 1536w, https:\/\/friendsmission.com\/wp-content\/uploads\/2020\/11\/Year-End-Spanish-Button-600x150.jpg 600w, https:\/\/friendsmission.com\/wp-content\/uploads\/2020\/11\/Year-End-Spanish-Button.jpg 1667w\" sizes=\"auto, (max-width: 300px) 100vw, 300px\" \/><\/a><\/p>\n<p>P.D. Desafortunadamente, nuestro formulario de donaciones en l\u00ednea solo est\u00e1 disponible en ingl\u00e9s en este momento. Sin embargo, si usted cambia la configuraci\u00f3n de idioma a espa\u00f1ol en su navegador, deber\u00eda traducir el formulario. Estamos trabajando para agregar un formulario de donaci\u00f3n en espa\u00f1ol pronto. Gracias por su paciencia y comprensi\u00f3n.<\/p>\n<hr \/>\n<p>La Ofrenda de Fin de A\u00f1o apoya los ministerios de EFM que Dios est\u00e1 usando para construir activamente su iglesia en todo el mundo. Para asociarse, puede: Hay tres formas de donar:<\/p>\n<ul>\n<li>Donar en l\u00ednea\u00a0<strong><a href=\"https:\/\/catalog.friendsmission.com\/year-end-2021\" target=\"_blank\" rel=\"noopener\">aqu\u00ed<\/a><\/strong>.<\/li>\n<li>Donar con tarjeta de cr\u00e9dito por tel\u00e9fono al\u00a0<strong>303-421-8100<\/strong>.<\/li>\n<li>Env\u00ede un cheque con la notaci\u00f3n: &#8220;Ofrenda de fin de a\u00f1o&#8221; a\u00a0<strong>EFM, PO Box 771139, Wichita, KS 67277<\/strong>.<\/li>\n<\/ul>","protected":false},"excerpt":{"rendered":"<p>Diciembre de 2021 Querido Evangelical Friends, Estamos en una \u00e9poca de gratitud. Entre muchas otras cosas, estoy agradecido por la incesante diligencia de Dios en su tarea de edificar la Iglesia. Su trabajo en la vida de los l\u00edderes emergentes ha sido evidente. Es una caracter\u00edstica gratificante del prop\u00f3sito de EFM. Y la\u00a0Iniciativa Lucas 10\u00a0&#8211;\u00a0enviar [&hellip;]<\/p>","protected":false},"author":2,"featured_media":0,"parent":0,"menu_order":0,"comment_status":"closed","ping_status":"closed","template":"","meta":{"om_disable_all_campaigns":false,"_monsterinsights_skip_tracking":false,"_monsterinsights_sitenote_active":false,"_monsterinsights_sitenote_note":"","_monsterinsights_sitenote_category":0,"_uf_show_specific_survey":0,"_uf_disable_surveys":false,"_genesis_hide_title":false,"_genesis_hide_breadcrumbs":false,"_genesis_hide_singular_image":false,"_genesis_hide_footer_widgets":false,"_genesis_custom_body_class":"full","_genesis_custom_post_class":"","_genesis_layout":"","footnotes":"","_links_to":"","_links_to_target":""},"class_list":{"0":"post-21195","1":"page","2":"type-page","3":"status-publish","5":"entry"},"aioseo_notices":[],"_links":{"self":[{"href":"https:\/\/friendsmission.com\/es\/wp-json\/wp\/v2\/pages\/21195","targetHints":{"allow":["GET"]}}],"collection":[{"href":"https:\/\/friendsmission.com\/es\/wp-json\/wp\/v2\/pages"}],"about":[{"href":"https:\/\/friendsmission.com\/es\/wp-json\/wp\/v2\/types\/page"}],"author":[{"embeddable":true,"href":"https:\/\/friendsmission.com\/es\/wp-json\/wp\/v2\/users\/2"}],"replies":[{"embeddable":true,"href":"https:\/\/friendsmission.com\/es\/wp-json\/wp\/v2\/comments?post=21195"}],"version-history":[{"count":6,"href":"https:\/\/friendsmission.com\/es\/wp-json\/wp\/v2\/pages\/21195\/revisions"}],"predecessor-version":[{"id":21203,"href":"https:\/\/friendsmission.com\/es\/wp-json\/wp\/v2\/pages\/21195\/revisions\/21203"}],"wp:attachment":[{"href":"https:\/\/friendsmission.com\/es\/wp-json\/wp\/v2\/media?parent=21195"}],"curies":[{"name":"wp","href":"https:\/\/api.w.org\/{rel}","templated":true}]}}