{"id":19420,"date":"2020-12-16T18:13:27","date_gmt":"2020-12-17T00:13:27","guid":{"rendered":"https:\/\/friendsmission.com\/?page_id=19420"},"modified":"2020-12-16T18:15:35","modified_gmt":"2020-12-17T00:15:35","slug":"ir","status":"publish","type":"page","link":"https:\/\/friendsmission.com\/es\/ir\/","title":{"rendered":"Meta de Cinco A\u00f1os | Ir"},"content":{"rendered":"<p><img loading=\"lazy\" decoding=\"async\" class=\"aligncenter size-full wp-image-19372\" src=\"https:\/\/friendsmission.com\/wp-content\/uploads\/2020\/12\/2020-Constant-Contact-Banner_Sp.jpg\" alt=\"\" width=\"1600\" height=\"534\" srcset=\"https:\/\/friendsmission.com\/wp-content\/uploads\/2020\/12\/2020-Constant-Contact-Banner_Sp.jpg 1600w, https:\/\/friendsmission.com\/wp-content\/uploads\/2020\/12\/2020-Constant-Contact-Banner_Sp-300x100.jpg 300w, https:\/\/friendsmission.com\/wp-content\/uploads\/2020\/12\/2020-Constant-Contact-Banner_Sp-1024x342.jpg 1024w, https:\/\/friendsmission.com\/wp-content\/uploads\/2020\/12\/2020-Constant-Contact-Banner_Sp-768x256.jpg 768w, https:\/\/friendsmission.com\/wp-content\/uploads\/2020\/12\/2020-Constant-Contact-Banner_Sp-1536x513.jpg 1536w, https:\/\/friendsmission.com\/wp-content\/uploads\/2020\/12\/2020-Constant-Contact-Banner_Sp-600x200.jpg 600w\" sizes=\"auto, (max-width: 1600px) 100vw, 1600px\" \/><\/p>\n<h3><img loading=\"lazy\" decoding=\"async\" class=\"alignleft wp-image-631 size-thumbnail\" src=\"https:\/\/friendsmission.com\/wp-content\/uploads\/2018\/08\/Arrow-150x150.png\" alt=\"\" width=\"150\" height=\"150\" srcset=\"https:\/\/friendsmission.com\/wp-content\/uploads\/2018\/08\/Arrow-150x150.png 150w, https:\/\/friendsmission.com\/wp-content\/uploads\/2018\/08\/Arrow-100x100.png 100w, https:\/\/friendsmission.com\/wp-content\/uploads\/2018\/08\/Arrow.png 300w\" sizes=\"auto, (max-width: 150px) 100vw, 150px\" \/>\u00a1Gracias por considerar ir por la meta de cinco a\u00f1os de EFM!<\/h3>\n<p>Te invitamos a participar en un equipo que visita sitios potenciales para iniciar un nuevo campo misionero. EFM lo llama &#8220;Viajes Lucas 10&#8221;. Comun\u00edcate con los l\u00edderes de misiones de tu Regi\u00f3n o Junta Anual para obtener informaci\u00f3n. Tambi\u00e9n puedes completar este <a href=\"https:\/\/forms.office.com\/Pages\/ResponsePage.aspx?id=QJhAnJUk-Um0DXAbTsmoX4o62KKvoiZGryneRpMU_pZUMUZPQTJQUTM1WUhOTUo5M08xUDFQV1RHWS4u\" target=\"_blank\" rel=\"noopener noreferrer\"><strong>formulario de la Iniciativa de Lucas 10<\/strong><\/a><strong>*<\/strong> para expresar tus intereses.<\/p>\n<p>Si est\u00e1s explorando la idea de servir con EFM como misionero, <strong><a href=\"https:\/\/forms.office.com\/Pages\/ResponsePage.aspx?id=QJhAnJUk-Um0DXAbTsmoX4o62KKvoiZGryneRpMU_pZUMUZPQTJQUTM1WUhOTUo5M08xUDFQV1RHWS4u\" target=\"_blank\" rel=\"noopener noreferrer\">completa este formulario<\/a>*.<\/strong><\/p>\n<p>Si conoces a alguien que pueda estar interesado en explorar la posibilidad de ser un misionero a corto plazo (uno o dos a\u00f1os o m\u00e1s) o un misionero de carrera, proporci\u00f3nale la informaci\u00f3n del <strong><a href=\"https:\/\/forms.office.com\/Pages\/ResponsePage.aspx?id=QJhAnJUk-Um0DXAbTsmoX4o62KKvoiZGryneRpMU_pZUMUZPQTJQUTM1WUhOTUo5M08xUDFQV1RHWS4u\" target=\"_blank\" rel=\"noopener noreferrer\">formulario de la Iniciativa Lucas 10<\/a>*.<\/strong><\/p>\n<h5><strong>*<\/strong><span lang=\"es\">Haga clic en el cuadro en la esquina superior derecha para cambiar el idioma a espa\u00f1ol.<\/span><\/h5>","protected":false},"excerpt":{"rendered":"<p>\u00a1Gracias por considerar ir por la meta de cinco a\u00f1os de EFM! Te invitamos a participar en un equipo que visita sitios potenciales para iniciar un nuevo campo misionero. EFM lo llama &#8220;Viajes Lucas 10&#8221;. Comun\u00edcate con los l\u00edderes de misiones de tu Regi\u00f3n o Junta Anual para obtener informaci\u00f3n. Tambi\u00e9n puedes completar este formulario [&hellip;]<\/p>","protected":false},"author":2,"featured_media":0,"parent":0,"menu_order":0,"comment_status":"closed","ping_status":"closed","template":"","meta":{"om_disable_all_campaigns":false,"_monsterinsights_skip_tracking":false,"_monsterinsights_sitenote_active":false,"_monsterinsights_sitenote_note":"","_monsterinsights_sitenote_category":0,"_uf_show_specific_survey":0,"_uf_disable_surveys":false,"_genesis_hide_title":false,"_genesis_hide_breadcrumbs":false,"_genesis_hide_singular_image":false,"_genesis_hide_footer_widgets":false,"_genesis_custom_body_class":"full","_genesis_custom_post_class":"","_genesis_layout":"","footnotes":"","_links_to":"","_links_to_target":""},"class_list":{"0":"post-19420","1":"page","2":"type-page","3":"status-publish","5":"entry"},"aioseo_notices":[],"_links":{"self":[{"href":"https:\/\/friendsmission.com\/es\/wp-json\/wp\/v2\/pages\/19420","targetHints":{"allow":["GET"]}}],"collection":[{"href":"https:\/\/friendsmission.com\/es\/wp-json\/wp\/v2\/pages"}],"about":[{"href":"https:\/\/friendsmission.com\/es\/wp-json\/wp\/v2\/types\/page"}],"author":[{"embeddable":true,"href":"https:\/\/friendsmission.com\/es\/wp-json\/wp\/v2\/users\/2"}],"replies":[{"embeddable":true,"href":"https:\/\/friendsmission.com\/es\/wp-json\/wp\/v2\/comments?post=19420"}],"version-history":[{"count":4,"href":"https:\/\/friendsmission.com\/es\/wp-json\/wp\/v2\/pages\/19420\/revisions"}],"predecessor-version":[{"id":19422,"href":"https:\/\/friendsmission.com\/es\/wp-json\/wp\/v2\/pages\/19420\/revisions\/19422"}],"wp:attachment":[{"href":"https:\/\/friendsmission.com\/es\/wp-json\/wp\/v2\/media?parent=19420"}],"curies":[{"name":"wp","href":"https:\/\/api.w.org\/{rel}","templated":true}]}}