{"id":19384,"date":"2020-12-16T17:16:39","date_gmt":"2020-12-16T23:16:39","guid":{"rendered":"https:\/\/friendsmission.com\/?page_id=19384"},"modified":"2021-03-11T16:03:10","modified_gmt":"2021-03-11T22:03:10","slug":"lucas-10","status":"publish","type":"page","link":"https:\/\/friendsmission.com\/es\/lucas-10\/","title":{"rendered":"Meta de Cinco A\u00f1os | Grupos de Expertos de Lucas 10"},"content":{"rendered":"<p><img loading=\"lazy\" decoding=\"async\" class=\"aligncenter size-full wp-image-19372\" src=\"https:\/\/friendsmission.com\/wp-content\/uploads\/2020\/12\/2020-Constant-Contact-Banner_Sp.jpg\" alt=\"\" width=\"1600\" height=\"534\" srcset=\"https:\/\/friendsmission.com\/wp-content\/uploads\/2020\/12\/2020-Constant-Contact-Banner_Sp.jpg 1600w, https:\/\/friendsmission.com\/wp-content\/uploads\/2020\/12\/2020-Constant-Contact-Banner_Sp-300x100.jpg 300w, https:\/\/friendsmission.com\/wp-content\/uploads\/2020\/12\/2020-Constant-Contact-Banner_Sp-1024x342.jpg 1024w, https:\/\/friendsmission.com\/wp-content\/uploads\/2020\/12\/2020-Constant-Contact-Banner_Sp-768x256.jpg 768w, https:\/\/friendsmission.com\/wp-content\/uploads\/2020\/12\/2020-Constant-Contact-Banner_Sp-1536x513.jpg 1536w, https:\/\/friendsmission.com\/wp-content\/uploads\/2020\/12\/2020-Constant-Contact-Banner_Sp-600x200.jpg 600w\" sizes=\"auto, (max-width: 1600px) 100vw, 1600px\" \/><\/p>\n<table>\n<tbody>\n<tr>\n<td><img loading=\"lazy\" decoding=\"async\" class=\"aligncenter wp-image-19955\" src=\"https:\/\/friendsmission.com\/wp-content\/uploads\/2021\/03\/Luke-10-Square-Spanish.jpg\" alt=\"\" width=\"2000\" height=\"2000\" srcset=\"https:\/\/friendsmission.com\/wp-content\/uploads\/2021\/03\/Luke-10-Square-Spanish.jpg 2400w, https:\/\/friendsmission.com\/wp-content\/uploads\/2021\/03\/Luke-10-Square-Spanish-300x300.jpg 300w, https:\/\/friendsmission.com\/wp-content\/uploads\/2021\/03\/Luke-10-Square-Spanish-1024x1024.jpg 1024w, https:\/\/friendsmission.com\/wp-content\/uploads\/2021\/03\/Luke-10-Square-Spanish-150x150.jpg 150w, https:\/\/friendsmission.com\/wp-content\/uploads\/2021\/03\/Luke-10-Square-Spanish-768x768.jpg 768w, https:\/\/friendsmission.com\/wp-content\/uploads\/2021\/03\/Luke-10-Square-Spanish-1536x1536.jpg 1536w, https:\/\/friendsmission.com\/wp-content\/uploads\/2021\/03\/Luke-10-Square-Spanish-2048x2048.jpg 2048w, https:\/\/friendsmission.com\/wp-content\/uploads\/2021\/03\/Luke-10-Square-Spanish-600x600.jpg 600w, https:\/\/friendsmission.com\/wp-content\/uploads\/2021\/03\/Luke-10-Square-Spanish-100x100.jpg 100w\" sizes=\"auto, (max-width: 2000px) 100vw, 2000px\" \/><\/td>\n<td><span style=\"color: #ffffff;\">hello<\/span><\/td>\n<td>Los Grupos de Expertos de Lucas 10 ayudan a discernir d\u00f3nde buscar nuevos campos potenciales y tambi\u00e9n qu\u00e9 pasos tomar para iniciar esos nuevos campos una vez que hayan sido aprobados por la Junta Directiva de EFM. Durante las reuniones de Grupos de Expertos hay mucha oraci\u00f3n, lectura de Lucas 10, b\u00fasqueda de temas expresados \u200b\u200bpor los cuatro tipos de participantes y discerniendo la direcci\u00f3n del Esp\u00edritu Santo en cuanto a c\u00f3mo seguir adelante con los planes.<\/p>\n<p>La pr\u00f3xima reuni\u00f3n de Grupos de Expertos de Lucas 10 nacional de EFM se llevar\u00e1 a cabo en<strong> Junio 2021<\/strong>. En ese momento, se identificar\u00e1n al menos 10 sitios potenciales para nuevos campos. Sin embargo, antes de que se re\u00fana este grupo de expertos, se le solicitar\u00e1 a cada Regi\u00f3n y Junta Anual que sea anfitri\u00f3n de un Grupo de Expertos de Lucas 10 para considerar las fortalezas, los recursos, las pasiones, el contexto, las asociaciones y la experiencia en misiones de su regi\u00f3n. De estos Grupos de Expertos regionales, surgir\u00e1n recomendaciones para el Grupo de Expertos nacional de Lucas 10 con respecto a posibles sitios para explorar. A medida que las regiones comparen notas, hagan observaciones y disciernan las prioridades para exploraci\u00f3n en el grupo de expertos nacional, se desarrollar\u00e1n planes para realizar viajes Lucas 10 a diez sitios potenciales antes de <strong>Noviembre de 2022<\/strong>.<\/td>\n<\/tr>\n<\/tbody>\n<\/table>\n<p>&nbsp;<\/p>","protected":false},"excerpt":{"rendered":"<p>hello Los Grupos de Expertos de Lucas 10 ayudan a discernir d\u00f3nde buscar nuevos campos potenciales y tambi\u00e9n qu\u00e9 pasos tomar para iniciar esos nuevos campos una vez que hayan sido aprobados por la Junta Directiva de EFM. Durante las reuniones de Grupos de Expertos hay mucha oraci\u00f3n, lectura de Lucas 10, b\u00fasqueda de temas [&hellip;]<\/p>","protected":false},"author":2,"featured_media":0,"parent":0,"menu_order":0,"comment_status":"closed","ping_status":"closed","template":"","meta":{"om_disable_all_campaigns":false,"_monsterinsights_skip_tracking":false,"_monsterinsights_sitenote_active":false,"_monsterinsights_sitenote_note":"","_monsterinsights_sitenote_category":0,"_uf_show_specific_survey":0,"_uf_disable_surveys":false,"_genesis_hide_title":false,"_genesis_hide_breadcrumbs":false,"_genesis_hide_singular_image":false,"_genesis_hide_footer_widgets":false,"_genesis_custom_body_class":"full","_genesis_custom_post_class":"","_genesis_layout":"","footnotes":"","_links_to":"","_links_to_target":""},"class_list":{"0":"post-19384","1":"page","2":"type-page","3":"status-publish","5":"entry"},"aioseo_notices":[],"_links":{"self":[{"href":"https:\/\/friendsmission.com\/es\/wp-json\/wp\/v2\/pages\/19384","targetHints":{"allow":["GET"]}}],"collection":[{"href":"https:\/\/friendsmission.com\/es\/wp-json\/wp\/v2\/pages"}],"about":[{"href":"https:\/\/friendsmission.com\/es\/wp-json\/wp\/v2\/types\/page"}],"author":[{"embeddable":true,"href":"https:\/\/friendsmission.com\/es\/wp-json\/wp\/v2\/users\/2"}],"replies":[{"embeddable":true,"href":"https:\/\/friendsmission.com\/es\/wp-json\/wp\/v2\/comments?post=19384"}],"version-history":[{"count":4,"href":"https:\/\/friendsmission.com\/es\/wp-json\/wp\/v2\/pages\/19384\/revisions"}],"predecessor-version":[{"id":19972,"href":"https:\/\/friendsmission.com\/es\/wp-json\/wp\/v2\/pages\/19384\/revisions\/19972"}],"wp:attachment":[{"href":"https:\/\/friendsmission.com\/es\/wp-json\/wp\/v2\/media?parent=19384"}],"curies":[{"name":"wp","href":"https:\/\/api.w.org\/{rel}","templated":true}]}}