{"id":19228,"date":"2020-11-30T21:17:33","date_gmt":"2020-12-01T03:17:33","guid":{"rendered":"https:\/\/friendsmission.com\/?page_id=19228"},"modified":"2025-07-21T10:59:53","modified_gmt":"2025-07-21T16:59:53","slug":"five-year-goal-give","status":"publish","type":"page","link":"https:\/\/friendsmission.com\/es\/five-year-goal-give\/","title":{"rendered":"Meta de cinco a\u00f1os | Dar"},"content":{"rendered":"<p><img loading=\"lazy\" decoding=\"async\" class=\"aligncenter size-full wp-image-19007\" src=\"https:\/\/friendsmission.com\/wp-content\/uploads\/2020\/12\/2020-Constant-Contact-Banner_Sp.jpg\" alt=\"\" width=\"1600\" height=\"534\" srcset=\"https:\/\/friendsmission.com\/wp-content\/uploads\/2020\/12\/2020-Constant-Contact-Banner_Sp.jpg 1600w, https:\/\/friendsmission.com\/wp-content\/uploads\/2020\/12\/2020-Constant-Contact-Banner_Sp-300x100.jpg 300w, https:\/\/friendsmission.com\/wp-content\/uploads\/2020\/12\/2020-Constant-Contact-Banner_Sp-1024x342.jpg 1024w, https:\/\/friendsmission.com\/wp-content\/uploads\/2020\/12\/2020-Constant-Contact-Banner_Sp-768x256.jpg 768w, https:\/\/friendsmission.com\/wp-content\/uploads\/2020\/12\/2020-Constant-Contact-Banner_Sp-1536x513.jpg 1536w, https:\/\/friendsmission.com\/wp-content\/uploads\/2020\/12\/2020-Constant-Contact-Banner_Sp-600x200.jpg 600w\" sizes=\"auto, (max-width: 1600px) 100vw, 1600px\" \/><\/p>\n<h3><img loading=\"lazy\" decoding=\"async\" class=\"alignleft size-thumbnail wp-image-733\" src=\"https:\/\/friendsmission.com\/wp-content\/uploads\/2018\/08\/Give-icon-150x150.jpg\" alt=\"\" width=\"150\" height=\"150\" srcset=\"https:\/\/friendsmission.com\/wp-content\/uploads\/2018\/08\/Give-icon-150x150.jpg 150w, https:\/\/friendsmission.com\/wp-content\/uploads\/2018\/08\/Give-icon-100x100.jpg 100w, https:\/\/friendsmission.com\/wp-content\/uploads\/2018\/08\/Give-icon.jpg 300w\" sizes=\"auto, (max-width: 150px) 100vw, 150px\" \/>\u00a1Gracias por donar a la Meta de Cinco A\u00f1os de EFM!<\/h3>\n<p>Los fondos donados ayudan a impulsar la Iniciativa Lucas 10 de EFM, particularmente en asociaci\u00f3n con Amigos en \u00c1frica, Asia y Am\u00e9rica Latina para visitar pueblos no alcanzados bajo la gu\u00eda del Esp\u00edritu Santo. Los fondos tambi\u00e9n se pueden usar para ayudar a las personas en los EE. UU. a cubrir los costos de los viajes de exploraci\u00f3n de Lucas 10 cuando su recaudaci\u00f3n de fondos se est\u00e1 agotando. Si\u00e9ntase libre de agregar notas para explicar cualquier preferencia sobre c\u00f3mo desea que su donaci\u00f3n sea utilizada en la Iniciativa Lucas 10.<\/p>\n<p>Por favor, tambi\u00e9n apoye financieramente y defienda el env\u00edo de personas en su iglesia y regi\u00f3n\/reuni\u00f3n anual para participar en las reuniones del Think Tank de Lucas 10 y en los viajes de exploraci\u00f3n de Lucas 10. \u00a1Se agradece mucho ayudar con los costos de viaje! Para donar a un pa\u00eds o persona espec\u00edfica, tenga en cuenta esto en la secci\u00f3n de comentarios de su donaci\u00f3n.<\/p>\n<p style=\"text-align: center;\"><a href=\"https:\/\/friendsmission.givevirtuous.org\/donate\/five-year-goal\" target=\"_blank\" rel=\"noopener noreferrer\"><img loading=\"lazy\" decoding=\"async\" class=\"aligncenter wp-image-19233 size-medium\" src=\"https:\/\/friendsmission.com\/wp-content\/uploads\/2020\/12\/Five-Year-Goal-Give-Button-Spanish.jpg\" alt=\"\" width=\"300\" height=\"75\" srcset=\"https:\/\/friendsmission.com\/wp-content\/uploads\/2020\/12\/Five-Year-Goal-Give-Button-Spanish.jpg 1667w, https:\/\/friendsmission.com\/wp-content\/uploads\/2020\/12\/Five-Year-Goal-Give-Button-Spanish-300x75.jpg 300w, https:\/\/friendsmission.com\/wp-content\/uploads\/2020\/12\/Five-Year-Goal-Give-Button-Spanish-1024x256.jpg 1024w, https:\/\/friendsmission.com\/wp-content\/uploads\/2020\/12\/Five-Year-Goal-Give-Button-Spanish-768x192.jpg 768w, https:\/\/friendsmission.com\/wp-content\/uploads\/2020\/12\/Five-Year-Goal-Give-Button-Spanish-1536x384.jpg 1536w, https:\/\/friendsmission.com\/wp-content\/uploads\/2020\/12\/Five-Year-Goal-Give-Button-Spanish-600x150.jpg 600w\" sizes=\"auto, (max-width: 300px) 100vw, 300px\" \/><\/a><\/p>","protected":false},"excerpt":{"rendered":"<p>Thank you for giving to EFM\u2019s Five-Year Goal! Donated funds help fuel EFM\u2019s Luke 10 Initiative, particularly in partnering with Friends in Africa, Asia, and Latin America to visit unreached peoples under the Holy Spirit\u2019s guidance. Funds may also be used to help persons in the U.S. meet costs for going on Luke 10 Exploration [&hellip;]<\/p>","protected":false},"author":2,"featured_media":0,"parent":0,"menu_order":0,"comment_status":"closed","ping_status":"closed","template":"","meta":{"om_disable_all_campaigns":false,"_monsterinsights_skip_tracking":false,"_monsterinsights_sitenote_active":false,"_monsterinsights_sitenote_note":"","_monsterinsights_sitenote_category":0,"_uf_show_specific_survey":0,"_uf_disable_surveys":false,"_genesis_hide_title":false,"_genesis_hide_breadcrumbs":false,"_genesis_hide_singular_image":false,"_genesis_hide_footer_widgets":false,"_genesis_custom_body_class":"full","_genesis_custom_post_class":"","_genesis_layout":"content-sidebar","footnotes":"","_links_to":"","_links_to_target":""},"class_list":{"0":"post-19228","1":"page","2":"type-page","3":"status-publish","5":"entry","6":"has-post-thumbnail"},"aioseo_notices":[],"_links":{"self":[{"href":"https:\/\/friendsmission.com\/es\/wp-json\/wp\/v2\/pages\/19228","targetHints":{"allow":["GET"]}}],"collection":[{"href":"https:\/\/friendsmission.com\/es\/wp-json\/wp\/v2\/pages"}],"about":[{"href":"https:\/\/friendsmission.com\/es\/wp-json\/wp\/v2\/types\/page"}],"author":[{"embeddable":true,"href":"https:\/\/friendsmission.com\/es\/wp-json\/wp\/v2\/users\/2"}],"replies":[{"embeddable":true,"href":"https:\/\/friendsmission.com\/es\/wp-json\/wp\/v2\/comments?post=19228"}],"version-history":[{"count":21,"href":"https:\/\/friendsmission.com\/es\/wp-json\/wp\/v2\/pages\/19228\/revisions"}],"predecessor-version":[{"id":28417,"href":"https:\/\/friendsmission.com\/es\/wp-json\/wp\/v2\/pages\/19228\/revisions\/28417"}],"wp:attachment":[{"href":"https:\/\/friendsmission.com\/es\/wp-json\/wp\/v2\/media?parent=19228"}],"curies":[{"name":"wp","href":"https:\/\/api.w.org\/{rel}","templated":true}]}}