{"id":19199,"date":"2020-11-30T20:32:58","date_gmt":"2020-12-01T02:32:58","guid":{"rendered":"https:\/\/friendsmission.com\/?page_id=19199"},"modified":"2026-01-27T12:37:02","modified_gmt":"2026-01-27T18:37:02","slug":"luke-10-think-tanks","status":"publish","type":"page","link":"https:\/\/friendsmission.com\/es\/luke-10-think-tanks\/","title":{"rendered":"Five-Year Goal | Luke 10 Think Tanks"},"content":{"rendered":"<p><img loading=\"lazy\" decoding=\"async\" class=\"aligncenter size-full wp-image-19007\" src=\"https:\/\/friendsmission.com\/wp-content\/uploads\/2020\/12\/2020-Constant-Contact-Banner_Sp.jpg\" alt=\"\" width=\"1600\" height=\"534\" srcset=\"https:\/\/friendsmission.com\/wp-content\/uploads\/2020\/12\/2020-Constant-Contact-Banner_Sp.jpg 1600w, https:\/\/friendsmission.com\/wp-content\/uploads\/2020\/12\/2020-Constant-Contact-Banner_Sp-300x100.jpg 300w, https:\/\/friendsmission.com\/wp-content\/uploads\/2020\/12\/2020-Constant-Contact-Banner_Sp-1024x342.jpg 1024w, https:\/\/friendsmission.com\/wp-content\/uploads\/2020\/12\/2020-Constant-Contact-Banner_Sp-768x256.jpg 768w, https:\/\/friendsmission.com\/wp-content\/uploads\/2020\/12\/2020-Constant-Contact-Banner_Sp-1536x513.jpg 1536w, https:\/\/friendsmission.com\/wp-content\/uploads\/2020\/12\/2020-Constant-Contact-Banner_Sp-600x200.jpg 600w\" sizes=\"auto, (max-width: 1600px) 100vw, 1600px\" \/><\/p>\n<table>\n<tbody>\n<tr>\n<td><a href=\"https:\/\/friendsmission.com\/wp-content\/uploads\/2026\/01\/A-Luke-10-logo-with-tape-blue-rec.png\"><img loading=\"lazy\" decoding=\"async\" class=\"alignnone wp-image-29445 size-medium\" src=\"https:\/\/friendsmission.com\/wp-content\/uploads\/2026\/01\/A-Luke-10-logo-with-tape-blue-rec-300x263.png\" alt=\"\" width=\"300\" height=\"263\" srcset=\"https:\/\/friendsmission.com\/wp-content\/uploads\/2026\/01\/A-Luke-10-logo-with-tape-blue-rec-300x263.png 300w, https:\/\/friendsmission.com\/wp-content\/uploads\/2026\/01\/A-Luke-10-logo-with-tape-blue-rec-1024x897.png 1024w, https:\/\/friendsmission.com\/wp-content\/uploads\/2026\/01\/A-Luke-10-logo-with-tape-blue-rec-768x673.png 768w, https:\/\/friendsmission.com\/wp-content\/uploads\/2026\/01\/A-Luke-10-logo-with-tape-blue-rec-14x12.png 14w, https:\/\/friendsmission.com\/wp-content\/uploads\/2026\/01\/A-Luke-10-logo-with-tape-blue-rec-600x526.png 600w, https:\/\/friendsmission.com\/wp-content\/uploads\/2026\/01\/A-Luke-10-logo-with-tape-blue-rec.png 1233w\" sizes=\"auto, (max-width: 300px) 100vw, 300px\" \/><\/a><\/td>\n<td><span style=\"color: #ffffff;\">hello<\/span><\/td>\n<td>Los Think Tanks de Lucas 10 ayudan a discernir d\u00f3nde buscar nuevos campos potenciales y tambi\u00e9n qu\u00e9 pasos tomar para iniciar esos nuevos campos una vez que hayan sido aprobados por la Junta de EFM. Durante los Think Thanks hay mucha oraci\u00f3n, lectura de Lucas 10, b\u00fasqueda de temas expresados por los cuatro tipos de participantes y discernimiento de la direcci\u00f3n del Esp\u00edritu Santo con respecto a c\u00f3mo avanzar con los planes.<\/td>\n<\/tr>\n<\/tbody>\n<\/table>\n<p>On Thursday, May 27, 2021, about sixty Friends gathered at Quaker Ridge, Colorado, for a national EFM Luke 10 Think Tank. Among them were future missionaries, church leaders, and individuals with missions experience, representing six regions and yearly meetings across North America. Their primary task was to discern where the Lord of the harvest was calling us to explore in preparation for launching at least five new fields by the end of 2025. That day, eleven areas were identified and entrusted to the regions and yearly meetings, which committed to organizing EFM Luke 10 Trips to explore these opportunities in the years that followed.<\/p>\n<table class=\"aligncenter\" style=\"background-color: #c8ced6;\" cellspacing=\"0\" cellpadding=\"0\">\n<tbody>\n<tr>\n<td><img loading=\"lazy\" decoding=\"async\" class=\"alignnone wp-image-20823\" src=\"https:\/\/friendsmission.com\/wp-content\/uploads\/2021\/09\/Peru-Ecuador-300x300.png\" alt=\"\" width=\"800\" height=\"800\" srcset=\"https:\/\/friendsmission.com\/wp-content\/uploads\/2021\/09\/Peru-Ecuador-300x300.png 300w, https:\/\/friendsmission.com\/wp-content\/uploads\/2021\/09\/Peru-Ecuador-1024x1024.png 1024w, https:\/\/friendsmission.com\/wp-content\/uploads\/2021\/09\/Peru-Ecuador-150x150.png 150w, https:\/\/friendsmission.com\/wp-content\/uploads\/2021\/09\/Peru-Ecuador-768x768.png 768w, https:\/\/friendsmission.com\/wp-content\/uploads\/2021\/09\/Peru-Ecuador-600x600.png 600w, https:\/\/friendsmission.com\/wp-content\/uploads\/2021\/09\/Peru-Ecuador-100x100.png 100w, https:\/\/friendsmission.com\/wp-content\/uploads\/2021\/09\/Peru-Ecuador.png 1200w\" sizes=\"auto, (max-width: 800px) 100vw, 800px\" \/><\/td>\n<td>\n<h2><strong>El Pueblo Shuar de Ecuador y Per\u00fa<\/strong><\/h2>\n<p>Steps have already been taken by EFM over the last several years to launch a field among the underreached tribe called the Shuar who live in the jungle of southeast Ecuador and northeast Peru. Much more help is needed to actually launch that field. <strong>Northwest Yearly Meeting<\/strong> (NWYM) is taking the lead on organizing exploratory trips to that area. Evangelical Friends Church-Eastern Region (EFC-ER) has also expressed interest in this opportunity.<\/p>\n<hr \/>\n<\/td>\n<\/tr>\n<tr>\n<td><img loading=\"lazy\" decoding=\"async\" class=\"alignnone wp-image-20826\" src=\"https:\/\/friendsmission.com\/wp-content\/uploads\/2021\/09\/Brazil-300x300.png\" alt=\"\" width=\"800\" height=\"800\" srcset=\"https:\/\/friendsmission.com\/wp-content\/uploads\/2021\/09\/Brazil-300x300.png 300w, https:\/\/friendsmission.com\/wp-content\/uploads\/2021\/09\/Brazil-1024x1024.png 1024w, https:\/\/friendsmission.com\/wp-content\/uploads\/2021\/09\/Brazil-150x150.png 150w, https:\/\/friendsmission.com\/wp-content\/uploads\/2021\/09\/Brazil-768x768.png 768w, https:\/\/friendsmission.com\/wp-content\/uploads\/2021\/09\/Brazil-600x600.png 600w, https:\/\/friendsmission.com\/wp-content\/uploads\/2021\/09\/Brazil-100x100.png 100w, https:\/\/friendsmission.com\/wp-content\/uploads\/2021\/09\/Brazil.png 1200w\" sizes=\"auto, (max-width: 800px) 100vw, 800px\" \/><\/td>\n<td>\n<h2><strong>Nordeste de Brasil<\/strong><\/h2>\n<p>There is a small group of Friends churches in northeast Brazil that border an immense area where there are very few evangelical churches of any kind. This could be a whole new field. <strong>Rocky Mountain Yearly Meeting<\/strong> (RMYM) is taking the lead on organizing exploratory trips to that area. There may also be some interest from EFC-ER in this opportunity.<\/p>\n<hr \/>\n<\/td>\n<\/tr>\n<tr>\n<td><img loading=\"lazy\" decoding=\"async\" class=\"alignnone wp-image-20821\" src=\"https:\/\/friendsmission.com\/wp-content\/uploads\/2021\/09\/Mexico-300x300.png\" alt=\"\" width=\"800\" height=\"800\" srcset=\"https:\/\/friendsmission.com\/wp-content\/uploads\/2021\/09\/Mexico-300x300.png 300w, https:\/\/friendsmission.com\/wp-content\/uploads\/2021\/09\/Mexico-1024x1024.png 1024w, https:\/\/friendsmission.com\/wp-content\/uploads\/2021\/09\/Mexico-150x150.png 150w, https:\/\/friendsmission.com\/wp-content\/uploads\/2021\/09\/Mexico-768x768.png 768w, https:\/\/friendsmission.com\/wp-content\/uploads\/2021\/09\/Mexico-600x600.png 600w, https:\/\/friendsmission.com\/wp-content\/uploads\/2021\/09\/Mexico-100x100.png 100w, https:\/\/friendsmission.com\/wp-content\/uploads\/2021\/09\/Mexico.png 1200w\" sizes=\"auto, (max-width: 800px) 100vw, 800px\" \/><\/td>\n<td>\n<h2><strong>M\u00e9xico<\/strong><\/h2>\n<p>Mexico Yearly Meeting (MYM) has a vision to plant Friends churches in every state of Mexico and has already taken steps in that direction. There are 32 states in that country, most of which have no Friends churches. <strong>Evangelical Friends Church-Mid America<\/strong> (EFC-MAYM) is feeling led to help explore through Luke 10 Trips the possibility of partnering with MYM to establish a new field in one of those states.<\/p>\n<hr \/>\n<\/td>\n<\/tr>\n<tr>\n<td><img loading=\"lazy\" decoding=\"async\" class=\"alignnone wp-image-20827\" src=\"https:\/\/friendsmission.com\/wp-content\/uploads\/2021\/09\/Eastern-Europe-300x300.png\" alt=\"\" width=\"800\" height=\"800\" srcset=\"https:\/\/friendsmission.com\/wp-content\/uploads\/2021\/09\/Eastern-Europe-300x300.png 300w, https:\/\/friendsmission.com\/wp-content\/uploads\/2021\/09\/Eastern-Europe-1024x1024.png 1024w, https:\/\/friendsmission.com\/wp-content\/uploads\/2021\/09\/Eastern-Europe-150x150.png 150w, https:\/\/friendsmission.com\/wp-content\/uploads\/2021\/09\/Eastern-Europe-768x768.png 768w, https:\/\/friendsmission.com\/wp-content\/uploads\/2021\/09\/Eastern-Europe-600x600.png 600w, https:\/\/friendsmission.com\/wp-content\/uploads\/2021\/09\/Eastern-Europe-100x100.png 100w, https:\/\/friendsmission.com\/wp-content\/uploads\/2021\/09\/Eastern-Europe.png 1200w\" sizes=\"auto, (max-width: 800px) 100vw, 800px\" \/><\/td>\n<td>\n<h2><strong>Este de Europa<\/strong><\/h2>\n<p>Tony and Agi Frei, who are based in Hungary, and Voicu and Ana Marian, who are based in Romania, have been encouraging EFM to send missionaries to Europe. <strong>NWYM<\/strong> is interested in doing just that and is taking the lead on organizing Luke 10 Trips to Eastern Europe especially. EFC-ER also has interest in this region.<\/p>\n<hr \/>\n<\/td>\n<\/tr>\n<tr>\n<td><img loading=\"lazy\" decoding=\"async\" class=\"alignnone wp-image-20828\" src=\"https:\/\/friendsmission.com\/wp-content\/uploads\/2021\/09\/Greece-300x300.png\" alt=\"\" width=\"800\" height=\"800\" srcset=\"https:\/\/friendsmission.com\/wp-content\/uploads\/2021\/09\/Greece-300x300.png 300w, https:\/\/friendsmission.com\/wp-content\/uploads\/2021\/09\/Greece-1024x1024.png 1024w, https:\/\/friendsmission.com\/wp-content\/uploads\/2021\/09\/Greece-150x150.png 150w, https:\/\/friendsmission.com\/wp-content\/uploads\/2021\/09\/Greece-768x768.png 768w, https:\/\/friendsmission.com\/wp-content\/uploads\/2021\/09\/Greece-600x600.png 600w, https:\/\/friendsmission.com\/wp-content\/uploads\/2021\/09\/Greece-100x100.png 100w, https:\/\/friendsmission.com\/wp-content\/uploads\/2021\/09\/Greece.png 1200w\" sizes=\"auto, (max-width: 800px) 100vw, 800px\" \/><\/td>\n<td>\n<h2><strong>Grecia<\/strong><\/h2>\n<p>There are young adults from both NWYM and EFC-MAYM who have spent time among Muslim refugees in Greece. They are feeling drawn to planting churches not only among the refugees but also among the Greeks themselves. <strong>NWYM<\/strong> is taking the lead to explore these possibilities through Luke 10 Trips.<\/p>\n<hr \/>\n<\/td>\n<\/tr>\n<tr>\n<td><img loading=\"lazy\" decoding=\"async\" class=\"alignnone wp-image-20824\" src=\"https:\/\/friendsmission.com\/wp-content\/uploads\/2021\/09\/South-Sudan-Ethiopia-300x300.png\" alt=\"\" width=\"800\" height=\"800\" srcset=\"https:\/\/friendsmission.com\/wp-content\/uploads\/2021\/09\/South-Sudan-Ethiopia-300x300.png 300w, https:\/\/friendsmission.com\/wp-content\/uploads\/2021\/09\/South-Sudan-Ethiopia-1024x1024.png 1024w, https:\/\/friendsmission.com\/wp-content\/uploads\/2021\/09\/South-Sudan-Ethiopia-150x150.png 150w, https:\/\/friendsmission.com\/wp-content\/uploads\/2021\/09\/South-Sudan-Ethiopia-768x768.png 768w, https:\/\/friendsmission.com\/wp-content\/uploads\/2021\/09\/South-Sudan-Ethiopia-600x600.png 600w, https:\/\/friendsmission.com\/wp-content\/uploads\/2021\/09\/South-Sudan-Ethiopia-100x100.png 100w, https:\/\/friendsmission.com\/wp-content\/uploads\/2021\/09\/South-Sudan-Ethiopia.png 1200w\" sizes=\"auto, (max-width: 800px) 100vw, 800px\" \/><\/td>\n<td>\n<h2><strong>South Sudan\/Ethiopia<\/strong><\/h2>\n<p>There has been quite a bit of interest in planting churches in this part of Africa. Evangelical Friends Church-Rwanda is already taking steps in that direction. <strong>EFC-MAYM<\/strong> is taking the lead to organize some Luke 10 Trips that will help explore the next steps in launching that field.<\/p>\n<hr \/>\n<\/td>\n<\/tr>\n<tr>\n<td><img loading=\"lazy\" decoding=\"async\" class=\"alignnone wp-image-20825\" src=\"https:\/\/friendsmission.com\/wp-content\/uploads\/2021\/09\/Tanzania-300x300.png\" alt=\"\" width=\"800\" height=\"800\" srcset=\"https:\/\/friendsmission.com\/wp-content\/uploads\/2021\/09\/Tanzania-300x300.png 300w, https:\/\/friendsmission.com\/wp-content\/uploads\/2021\/09\/Tanzania-1024x1024.png 1024w, https:\/\/friendsmission.com\/wp-content\/uploads\/2021\/09\/Tanzania-150x150.png 150w, https:\/\/friendsmission.com\/wp-content\/uploads\/2021\/09\/Tanzania-768x768.png 768w, https:\/\/friendsmission.com\/wp-content\/uploads\/2021\/09\/Tanzania-600x600.png 600w, https:\/\/friendsmission.com\/wp-content\/uploads\/2021\/09\/Tanzania-100x100.png 100w, https:\/\/friendsmission.com\/wp-content\/uploads\/2021\/09\/Tanzania.png 1200w\" sizes=\"auto, (max-width: 800px) 100vw, 800px\" \/><\/td>\n<td>\n<h2><strong>Tanzania<\/strong><\/h2>\n<p>There has also been quite a bit of interest in planting more churches in Tanzania, especially on the part of Friends in Burundi. They are already supporting some work in western Tanzania. <strong>EFC-MAYM<\/strong> is taking the lead to organize Luke 10 Trips to that country in order to explore other opportunities. EFC-ER and Indiana Yearly Meeting have also expressed interest in this opportunity.<\/p>\n<hr \/>\n<\/td>\n<\/tr>\n<tr>\n<td><img loading=\"lazy\" decoding=\"async\" class=\"alignnone wp-image-20822\" src=\"https:\/\/friendsmission.com\/wp-content\/uploads\/2021\/09\/Morroco-300x300.png\" alt=\"\" width=\"800\" height=\"800\" srcset=\"https:\/\/friendsmission.com\/wp-content\/uploads\/2021\/09\/Morroco-300x300.png 300w, https:\/\/friendsmission.com\/wp-content\/uploads\/2021\/09\/Morroco-1024x1024.png 1024w, https:\/\/friendsmission.com\/wp-content\/uploads\/2021\/09\/Morroco-150x150.png 150w, https:\/\/friendsmission.com\/wp-content\/uploads\/2021\/09\/Morroco-768x768.png 768w, https:\/\/friendsmission.com\/wp-content\/uploads\/2021\/09\/Morroco-600x600.png 600w, https:\/\/friendsmission.com\/wp-content\/uploads\/2021\/09\/Morroco-100x100.png 100w, https:\/\/friendsmission.com\/wp-content\/uploads\/2021\/09\/Morroco.png 1200w\" sizes=\"auto, (max-width: 800px) 100vw, 800px\" \/><\/td>\n<td>\n<h2><strong>Marruecos<\/strong><\/h2>\n<p>All of the regional Luke 10 Think Tanks listed Morocco as a place of interest, and that conversation continued at the national Luke 10 Think Tank. <strong>NWYM<\/strong> will take the lead in organizing Luke 10 Trips to that country since it has placed missionaries there in the past.<\/p>\n<hr \/>\n<\/td>\n<\/tr>\n<tr>\n<td><img loading=\"lazy\" decoding=\"async\" class=\"alignnone wp-image-20829\" src=\"https:\/\/friendsmission.com\/wp-content\/uploads\/2021\/09\/Gulf-Cpuntries-300x300.png\" alt=\"\" width=\"800\" height=\"800\" srcset=\"https:\/\/friendsmission.com\/wp-content\/uploads\/2021\/09\/Gulf-Cpuntries-300x300.png 300w, https:\/\/friendsmission.com\/wp-content\/uploads\/2021\/09\/Gulf-Cpuntries-1024x1024.png 1024w, https:\/\/friendsmission.com\/wp-content\/uploads\/2021\/09\/Gulf-Cpuntries-150x150.png 150w, https:\/\/friendsmission.com\/wp-content\/uploads\/2021\/09\/Gulf-Cpuntries-768x768.png 768w, https:\/\/friendsmission.com\/wp-content\/uploads\/2021\/09\/Gulf-Cpuntries-600x600.png 600w, https:\/\/friendsmission.com\/wp-content\/uploads\/2021\/09\/Gulf-Cpuntries-100x100.png 100w, https:\/\/friendsmission.com\/wp-content\/uploads\/2021\/09\/Gulf-Cpuntries.png 1200w\" sizes=\"auto, (max-width: 800px) 100vw, 800px\" \/><\/td>\n<td>\n<h2><strong>Gulf Countries<\/strong><\/h2>\n<p>There is a large population of Nepali people who go to the Gulf Countries of the Middle East for work. There are also many Bhutanese\/Nepali people who have come to the United States as refugees. Many of them have found Christ, some even before reaching the U.S. They have a vision for planting churches among the Nepali workers in the Gulf Countries. <strong>EFC-ER<\/strong> is taking the lead to organize Luke 10 Trips that will explore that possibility.<\/p>\n<hr \/>\n<\/td>\n<\/tr>\n<tr>\n<td><img loading=\"lazy\" decoding=\"async\" class=\"alignnone wp-image-20830\" src=\"https:\/\/friendsmission.com\/wp-content\/uploads\/2021\/09\/India-300x300.png\" alt=\"\" width=\"800\" height=\"800\" srcset=\"https:\/\/friendsmission.com\/wp-content\/uploads\/2021\/09\/India-300x300.png 300w, https:\/\/friendsmission.com\/wp-content\/uploads\/2021\/09\/India-1024x1024.png 1024w, https:\/\/friendsmission.com\/wp-content\/uploads\/2021\/09\/India-150x150.png 150w, https:\/\/friendsmission.com\/wp-content\/uploads\/2021\/09\/India-768x768.png 768w, https:\/\/friendsmission.com\/wp-content\/uploads\/2021\/09\/India-600x600.png 600w, https:\/\/friendsmission.com\/wp-content\/uploads\/2021\/09\/India-100x100.png 100w, https:\/\/friendsmission.com\/wp-content\/uploads\/2021\/09\/India.png 1200w\" sizes=\"auto, (max-width: 800px) 100vw, 800px\" \/><\/td>\n<td>\n<h2><strong>Norte de la India<\/strong><\/h2>\n<p>India is another place that wound up on the lists of all the regional Luke 10 Think Tanks as a place of interest. Nearly all the regions\/yearly meetings are helping to support various ministries in that country. Right now the focus is more on the northern part of India. What more would the Lord have us do to reach the unreached in those places? <strong>Indiana Yearly Meeting<\/strong> is giving some leadership to the conversation about who will organize Luke 10 Trips to go explore the answer to that question. EFC-MAYM has expressed strong interest in this opportunity.<\/p>\n<hr \/>\n<\/td>\n<\/tr>\n<tr>\n<td><img loading=\"lazy\" decoding=\"async\" class=\"alignnone wp-image-20820\" src=\"https:\/\/friendsmission.com\/wp-content\/uploads\/2021\/09\/Laos-Thailand-300x300.png\" alt=\"\" width=\"800\" height=\"800\" srcset=\"https:\/\/friendsmission.com\/wp-content\/uploads\/2021\/09\/Laos-Thailand-300x300.png 300w, https:\/\/friendsmission.com\/wp-content\/uploads\/2021\/09\/Laos-Thailand-1024x1024.png 1024w, https:\/\/friendsmission.com\/wp-content\/uploads\/2021\/09\/Laos-Thailand-150x150.png 150w, https:\/\/friendsmission.com\/wp-content\/uploads\/2021\/09\/Laos-Thailand-768x768.png 768w, https:\/\/friendsmission.com\/wp-content\/uploads\/2021\/09\/Laos-Thailand-600x600.png 600w, https:\/\/friendsmission.com\/wp-content\/uploads\/2021\/09\/Laos-Thailand-100x100.png 100w, https:\/\/friendsmission.com\/wp-content\/uploads\/2021\/09\/Laos-Thailand.png 1200w\" sizes=\"auto, (max-width: 800px) 100vw, 800px\" \/><\/td>\n<td>\n<h2><strong>The Lahu People of Thailand, Laos, etc.<\/strong><\/h2>\n<p>Al parecer el grupo de personas Lahu forman un centro que puede dar acceso a varios pa\u00edses, entre ellos Tailandia, Laos y China. EFC-ER est\u00e1 tomando la iniciativa en la organizaci\u00f3n de Viajes Lucas 10 para explorar m\u00e1s esta oportunidad.<\/p>\n<hr \/>\n<p>&nbsp;<\/td>\n<\/tr>\n<\/tbody>\n<\/table>","protected":false},"excerpt":{"rendered":"<p>hello Luke 10 Think Tanks help discern where to look for potential new fields and also what steps to take in launching those new fields once they\u2019ve been approved by the EFM Board. During the think tanks there is lots of prayer, reading Luke 10, looking for themes voiced by the four types of participants, [&hellip;]<\/p>","protected":false},"author":2,"featured_media":0,"parent":0,"menu_order":0,"comment_status":"closed","ping_status":"closed","template":"","meta":{"om_disable_all_campaigns":false,"_monsterinsights_skip_tracking":false,"_monsterinsights_sitenote_active":false,"_monsterinsights_sitenote_note":"","_monsterinsights_sitenote_category":0,"_uf_show_specific_survey":0,"_uf_disable_surveys":false,"_genesis_hide_title":false,"_genesis_hide_breadcrumbs":false,"_genesis_hide_singular_image":false,"_genesis_hide_footer_widgets":false,"_genesis_custom_body_class":"full","_genesis_custom_post_class":"","_genesis_layout":"","footnotes":"","_links_to":"","_links_to_target":""},"class_list":{"0":"post-19199","1":"page","2":"type-page","3":"status-publish","5":"entry","6":"has-post-thumbnail"},"aioseo_notices":[],"_links":{"self":[{"href":"https:\/\/friendsmission.com\/es\/wp-json\/wp\/v2\/pages\/19199","targetHints":{"allow":["GET"]}}],"collection":[{"href":"https:\/\/friendsmission.com\/es\/wp-json\/wp\/v2\/pages"}],"about":[{"href":"https:\/\/friendsmission.com\/es\/wp-json\/wp\/v2\/types\/page"}],"author":[{"embeddable":true,"href":"https:\/\/friendsmission.com\/es\/wp-json\/wp\/v2\/users\/2"}],"replies":[{"embeddable":true,"href":"https:\/\/friendsmission.com\/es\/wp-json\/wp\/v2\/comments?post=19199"}],"version-history":[{"count":13,"href":"https:\/\/friendsmission.com\/es\/wp-json\/wp\/v2\/pages\/19199\/revisions"}],"predecessor-version":[{"id":29447,"href":"https:\/\/friendsmission.com\/es\/wp-json\/wp\/v2\/pages\/19199\/revisions\/29447"}],"wp:attachment":[{"href":"https:\/\/friendsmission.com\/es\/wp-json\/wp\/v2\/media?parent=19199"}],"curies":[{"name":"wp","href":"https:\/\/api.w.org\/{rel}","templated":true}]}}