{"id":28771,"date":"2025-10-15T13:35:55","date_gmt":"2025-10-15T19:35:55","guid":{"rendered":"https:\/\/friendsmission.com\/?post_type=product&#038;p=28771"},"modified":"2025-10-20T11:24:53","modified_gmt":"2025-10-20T17:24:53","slug":"prisoner-hygiene-kit","status":"publish","type":"product","link":"https:\/\/friendsmission.com\/en\/product\/prisoner-hygiene-kit\/","title":{"rendered":"Health | Prisoner Hygiene Kit"},"content":{"rendered":"<p>Help restore dignity and health while opening doors for ongoing ministry inside the prison. Each kit includes containing soap, shampoo, toothpaste, and other essential items that meet a critical need.<\/p>","protected":false},"excerpt":{"rendered":"<h6>Para que su tarjeta de homenajeado llegue antes de Navidad, su pedido debe realizarse antes del viernes 12 de diciembre. Si desea que nuestra oficina le env\u00ede tarjetas de homenajeado en blanco para que las complete y las env\u00ede por correo, env\u00edenos un correo electr\u00f3nico a <a href=\"mailto:efm@friendsmission.com\" target=\"_blank\" rel=\"noopener noreferrer\">efm@friendsmission.com<\/a>.<\/h6>","protected":false},"featured_media":28772,"template":"","meta":{"om_disable_all_campaigns":false,"_monsterinsights_skip_tracking":false,"_monsterinsights_sitenote_active":false,"_monsterinsights_sitenote_note":"","_monsterinsights_sitenote_category":0,"_uf_show_specific_survey":0,"_uf_disable_surveys":false,"_genesis_hide_title":false,"_genesis_hide_breadcrumbs":false,"_genesis_hide_singular_image":false,"_genesis_hide_footer_widgets":false,"_genesis_custom_body_class":"","_genesis_custom_post_class":"","_genesis_layout":"","_links_to":"","_links_to_target":""},"product_brand":[],"product_cat":[54],"product_tag":[],"class_list":{"0":"post-28771","1":"product","2":"type-product","3":"status-publish","4":"has-post-thumbnail","6":"product_cat-uncategorized","7":"entry","9":"first","10":"instock","11":"shipping-taxable","12":"purchasable","13":"product-type-simple"},"aioseo_notices":[],"_links":{"self":[{"href":"https:\/\/friendsmission.com\/en\/wp-json\/wp\/v2\/product\/28771","targetHints":{"allow":["GET"]}}],"collection":[{"href":"https:\/\/friendsmission.com\/en\/wp-json\/wp\/v2\/product"}],"about":[{"href":"https:\/\/friendsmission.com\/en\/wp-json\/wp\/v2\/types\/product"}],"wp:featuredmedia":[{"embeddable":true,"href":"https:\/\/friendsmission.com\/en\/wp-json\/wp\/v2\/media\/28772"}],"wp:attachment":[{"href":"https:\/\/friendsmission.com\/en\/wp-json\/wp\/v2\/media?parent=28771"}],"wp:term":[{"taxonomy":"product_brand","embeddable":true,"href":"https:\/\/friendsmission.com\/en\/wp-json\/wp\/v2\/product_brand?post=28771"},{"taxonomy":"product_cat","embeddable":true,"href":"https:\/\/friendsmission.com\/en\/wp-json\/wp\/v2\/product_cat?post=28771"},{"taxonomy":"product_tag","embeddable":true,"href":"https:\/\/friendsmission.com\/en\/wp-json\/wp\/v2\/product_tag?post=28771"}],"curies":[{"name":"wp","href":"https:\/\/api.w.org\/{rel}","templated":true}]}}