{"id":23425,"date":"2022-10-07T16:04:08","date_gmt":"2022-10-07T22:04:08","guid":{"rendered":"https:\/\/friendsmission.com\/?post_type=product&#038;p=23425"},"modified":"2025-10-20T11:25:54","modified_gmt":"2025-10-20T17:25:54","slug":"clean-water","status":"publish","type":"product","link":"https:\/\/friendsmission.com\/en\/product\/clean-water\/","title":{"rendered":"Health | Clean Water"},"content":{"rendered":"<p>How would your life be different without clean water? In many areas around the world, safe drinking water is a luxury. A water filter provides this most basic need.<\/p>\n<p>A tube well and water pump will give access to pure drinking water and supply a church planting center and empower a community of people.<span class=\"Apple-converted-space\">\u00a0<\/span><\/p>\n<p>A rainwater harvesting tank will help to prevent a lack of water, particularly during the dry season.<\/p>","protected":false},"excerpt":{"rendered":"<h6>Para que su tarjeta de homenajeado llegue antes de Navidad, su pedido debe realizarse antes del viernes 12 de diciembre. Si desea que nuestra oficina le env\u00ede tarjetas de homenajeado en blanco para que las complete y las env\u00ede por correo, env\u00edenos un correo electr\u00f3nico a <a href=\"mailto:efm@friensdmission.com?subject=Blank%20Honoree%20Cards\" target=\"_blank\" rel=\"noopener noreferrer\">efm@friensdmission.com<\/a>.<\/h6>","protected":false},"featured_media":28773,"template":"","meta":{"om_disable_all_campaigns":false,"_monsterinsights_skip_tracking":false,"_monsterinsights_sitenote_active":false,"_monsterinsights_sitenote_note":"","_monsterinsights_sitenote_category":0,"_uf_show_specific_survey":0,"_uf_disable_surveys":false,"_genesis_hide_title":false,"_genesis_hide_breadcrumbs":false,"_genesis_hide_singular_image":false,"_genesis_hide_footer_widgets":false,"_genesis_custom_body_class":"","_genesis_custom_post_class":"","_genesis_layout":"","_links_to":"","_links_to_target":""},"product_brand":[],"product_cat":[56],"product_tag":[],"class_list":{"0":"post-23425","1":"product","2":"type-product","3":"status-publish","4":"has-post-thumbnail","6":"product_cat-2025-christmas-catalog","7":"entry","9":"first","10":"instock","11":"shipping-taxable","12":"purchasable","13":"product-type-variable"},"aioseo_notices":[],"_links":{"self":[{"href":"https:\/\/friendsmission.com\/en\/wp-json\/wp\/v2\/product\/23425","targetHints":{"allow":["GET"]}}],"collection":[{"href":"https:\/\/friendsmission.com\/en\/wp-json\/wp\/v2\/product"}],"about":[{"href":"https:\/\/friendsmission.com\/en\/wp-json\/wp\/v2\/types\/product"}],"wp:featuredmedia":[{"embeddable":true,"href":"https:\/\/friendsmission.com\/en\/wp-json\/wp\/v2\/media\/28773"}],"wp:attachment":[{"href":"https:\/\/friendsmission.com\/en\/wp-json\/wp\/v2\/media?parent=23425"}],"wp:term":[{"taxonomy":"product_brand","embeddable":true,"href":"https:\/\/friendsmission.com\/en\/wp-json\/wp\/v2\/product_brand?post=23425"},{"taxonomy":"product_cat","embeddable":true,"href":"https:\/\/friendsmission.com\/en\/wp-json\/wp\/v2\/product_cat?post=23425"},{"taxonomy":"product_tag","embeddable":true,"href":"https:\/\/friendsmission.com\/en\/wp-json\/wp\/v2\/product_tag?post=23425"}],"curies":[{"name":"wp","href":"https:\/\/api.w.org\/{rel}","templated":true}]}}