{"id":6861,"date":"2019-12-30T17:53:22","date_gmt":"2019-12-30T23:53:22","guid":{"rendered":"https:\/\/friendsmission.com\/?page_id=6861"},"modified":"2020-01-29T16:00:28","modified_gmt":"2020-01-29T22:00:28","slug":"espanol","status":"publish","type":"page","link":"https:\/\/friendsmission.com\/en\/espanol\/","title":{"rendered":""},"content":{"rendered":"<p><img loading=\"lazy\" decoding=\"async\" class=\"alignleft wp-image-7082 size-full\" src=\"https:\/\/friendsmission.com\/wp-content\/uploads\/2020\/01\/PRAY-web-header-for-Spanish-page.jpg\" alt=\"\" width=\"1920\" height=\"600\" srcset=\"https:\/\/friendsmission.com\/wp-content\/uploads\/2020\/01\/PRAY-web-header-for-Spanish-page.jpg 1920w, https:\/\/friendsmission.com\/wp-content\/uploads\/2020\/01\/PRAY-web-header-for-Spanish-page-300x94.jpg 300w, https:\/\/friendsmission.com\/wp-content\/uploads\/2020\/01\/PRAY-web-header-for-Spanish-page-768x240.jpg 768w, https:\/\/friendsmission.com\/wp-content\/uploads\/2020\/01\/PRAY-web-header-for-Spanish-page-1024x320.jpg 1024w, https:\/\/friendsmission.com\/wp-content\/uploads\/2020\/01\/PRAY-web-header-for-Spanish-page-600x188.jpg 600w\" sizes=\"auto, (max-width: 1920px) 100vw, 1920px\" \/><img loading=\"lazy\" decoding=\"async\" class=\"alignleft wp-image-7081 size-full\" src=\"https:\/\/friendsmission.com\/wp-content\/uploads\/2020\/01\/For-Spanish-Pray-Page.jpg\" alt=\"\" width=\"1920\" height=\"1120\" srcset=\"https:\/\/friendsmission.com\/wp-content\/uploads\/2020\/01\/For-Spanish-Pray-Page.jpg 1920w, https:\/\/friendsmission.com\/wp-content\/uploads\/2020\/01\/For-Spanish-Pray-Page-300x175.jpg 300w, https:\/\/friendsmission.com\/wp-content\/uploads\/2020\/01\/For-Spanish-Pray-Page-768x448.jpg 768w, https:\/\/friendsmission.com\/wp-content\/uploads\/2020\/01\/For-Spanish-Pray-Page-1024x597.jpg 1024w, https:\/\/friendsmission.com\/wp-content\/uploads\/2020\/01\/For-Spanish-Pray-Page-600x350.jpg 600w\" sizes=\"auto, (max-width: 1920px) 100vw, 1920px\" \/><a href=\"https:\/\/friendsmission.com\/en\/contact-efm-spanish\/\" target=\"_blank\" rel=\"noopener noreferrer\"><img loading=\"lazy\" decoding=\"async\" class=\"aligncenter wp-image-7608 size-medium\" src=\"https:\/\/friendsmission.com\/wp-content\/uploads\/2020\/01\/Button-Contacto-EFM-300x75.jpg\" alt=\"\" width=\"300\" height=\"75\" srcset=\"https:\/\/friendsmission.com\/wp-content\/uploads\/2020\/01\/Button-Contacto-EFM-300x75.jpg 300w, https:\/\/friendsmission.com\/wp-content\/uploads\/2020\/01\/Button-Contacto-EFM-768x192.jpg 768w, https:\/\/friendsmission.com\/wp-content\/uploads\/2020\/01\/Button-Contacto-EFM-1024x256.jpg 1024w, https:\/\/friendsmission.com\/wp-content\/uploads\/2020\/01\/Button-Contacto-EFM-600x150.jpg 600w, https:\/\/friendsmission.com\/wp-content\/uploads\/2020\/01\/Button-Contacto-EFM.jpg 1667w\" sizes=\"auto, (max-width: 300px) 100vw, 300px\" \/><\/a><\/p>\n\n<!-- NOTE: If you need to make changes to this file, copy it to your current theme's main\n\tdirectory so your changes won't be overwritten when the plugin is upgraded. -->\n\n<!-- Post Wrap Start-->\n<div class=\"post hentry ivycat-post\">\n\n\t<!-- \tThis outputs the post TITLE -->\n\t<h2 class=\"entry-title\"><a href=\"https:\/\/friendsmission.com\/en\/prayer\/actualizacion-de-giron-celebrando-juntos-la-fidelidad-de-dios\/\">Actualizaci\u00f3n de Giron | Celebrando juntos la fidelidad de Dios<\/a><\/h2>\n\n\t<!-- \tThis outputs the post EXCERPT.  To display full content including images and html,\n\t\treplace the_excerpt(); with the_content();  below. -->\n\t<div class=\"entry-summary\">\n\t\t<p>\u00bfY c\u00f3mo predicar\u00e1n si no fueren enviados? Romanos 10:15a Amados Familia y Amigos, Estamos seguros de que tambi\u00e9n ustedes como nosotros han experimentado el amor, la misericordia, y la bondad de Dios m\u00faltiples veces. Los \u00faltimos tres meses del a\u00f1o 2025, para nosotros fueron de grandes cambios, noticias, y tambi\u00e9n de oportunidades intencionales de descanso [&hellip;]<\/p>\n\t<\/div>\n\n\t<!--\tThis outputs the post META information -->\n\t<div class=\"entry-utility\">\n\t\t\t\t\t<span class=\"cat-links\">\n\t\t\t\t<span class=\"entry-utility-prep entry-utility-prep-cat-links\">Posted in<\/span> <a href=\"https:\/\/friendsmission.com\/en\/category\/espanol\/\" rel=\"category tag\">Espa\u00f1ol<\/a>, <a href=\"https:\/\/friendsmission.com\/en\/category\/news\/\" rel=\"category tag\">News<\/a>, <a href=\"https:\/\/friendsmission.com\/en\/category\/prayer\/\" rel=\"category tag\">Prayer<\/a>\t\t\t<\/span>\n\t\t\t<span class=\"meta-sep\">|<\/span>\n\t\t\t\t\t\t\t<span class=\"tag-links\">\n\t\t\t\t<span class=\"entry-utility-prep entry-utility-prep-tag-links\">Tagged<\/span> <a href=\"https:\/\/friendsmission.com\/en\/tag\/giron\/\" rel=\"tag\">Giron<\/a>, <a href=\"https:\/\/friendsmission.com\/en\/tag\/missions-mobilizers\/\" rel=\"tag\">Missions Mobilizers<\/a>, <a href=\"https:\/\/friendsmission.com\/en\/tag\/pray\/\" rel=\"tag\">pray<\/a>, <a href=\"https:\/\/friendsmission.com\/en\/tag\/prayer\/\" rel=\"tag\">Prayer<\/a>, <a href=\"https:\/\/friendsmission.com\/en\/tag\/spanish\/\" rel=\"tag\">Spanish<\/a>, <a href=\"https:\/\/friendsmission.com\/en\/tag\/update\/\" rel=\"tag\">Update<\/a>\t\t\t<\/span>\n\t\t\t<span class=\"meta-sep\">|<\/span>\n\t\t\t\t<span class=\"comments-link\">\n\t\t\t<a href=\"https:\/\/friendsmission.com\/en\/prayer\/actualizacion-de-giron-celebrando-juntos-la-fidelidad-de-dios\/#respond\">Leave a comment<\/a>\t\t<\/span>\n\t\t\t<\/div>\n<\/div>\n<!-- \/\/ Post Wrap End -->\n\n<!-- NOTE: If you need to make changes to this file, copy it to your current theme's main\n\tdirectory so your changes won't be overwritten when the plugin is upgraded. -->\n\n<!-- Post Wrap Start-->\n<div class=\"post hentry ivycat-post\">\n\n\t<!-- \tThis outputs the post TITLE -->\n\t<h2 class=\"entry-title\"><a href=\"https:\/\/friendsmission.com\/en\/prayer\/carta-de-oracion-octubre-2025\/\">Carta de Oraci\u00f3n octubre 2025<\/a><\/h2>\n\n\t<!-- \tThis outputs the post EXCERPT.  To display full content including images and html,\n\t\treplace the_excerpt(); with the_content();  below. -->\n\t<div class=\"entry-summary\">\n\t\t<p>Actualizaci\u00f3n del Ministerio EFC-Nepal | Compartido por el Pastor Amen y la Familia EFC-N La oraci\u00f3n como fundamento La oraci\u00f3n sigue siendo el motor de nuestro ministerio. En Katmand\u00fa, los creyentes se reunieron para orar en cadena, oraci\u00f3n de toda la noche, ayuno y oraci\u00f3n, caminatas de oraci\u00f3n, oraci\u00f3n en la monta\u00f1a y oraci\u00f3n de [&hellip;]<\/p>\n\t<\/div>\n\n\t<!--\tThis outputs the post META information -->\n\t<div class=\"entry-utility\">\n\t\t\t\t\t<span class=\"cat-links\">\n\t\t\t\t<span class=\"entry-utility-prep entry-utility-prep-cat-links\">Posted in<\/span> <a href=\"https:\/\/friendsmission.com\/en\/category\/espanol\/\" rel=\"category tag\">Espa\u00f1ol<\/a>, <a href=\"https:\/\/friendsmission.com\/en\/category\/prayer\/\" rel=\"category tag\">Prayer<\/a>\t\t\t<\/span>\n\t\t\t<span class=\"meta-sep\">|<\/span>\n\t\t\t\t\t\t\t<span class=\"tag-links\">\n\t\t\t\t<span class=\"entry-utility-prep entry-utility-prep-tag-links\">Tagged<\/span> <a href=\"https:\/\/friendsmission.com\/en\/tag\/2025\/\" rel=\"tag\">2025<\/a>, <a href=\"https:\/\/friendsmission.com\/en\/tag\/carta-de-oracion\/\" rel=\"tag\">Carta de Oraci\u00f3n<\/a>, <a href=\"https:\/\/friendsmission.com\/en\/tag\/espanol\/\" rel=\"tag\">Espanol<\/a>, <a href=\"https:\/\/friendsmission.com\/en\/tag\/nepal\/\" rel=\"tag\">Nepal<\/a>, <a href=\"https:\/\/friendsmission.com\/en\/tag\/oracion\/\" rel=\"tag\">Oraci\u00f3n<\/a>, <a href=\"https:\/\/friendsmission.com\/en\/tag\/spanish\/\" rel=\"tag\">Spanish<\/a>\t\t\t<\/span>\n\t\t\t<span class=\"meta-sep\">|<\/span>\n\t\t\t\t<span class=\"comments-link\">\n\t\t\t<a href=\"https:\/\/friendsmission.com\/en\/prayer\/carta-de-oracion-octubre-2025\/#respond\">Leave a comment<\/a>\t\t<\/span>\n\t\t\t<\/div>\n<\/div>\n<!-- \/\/ Post Wrap End -->\n\n<!-- NOTE: If you need to make changes to this file, copy it to your current theme's main\n\tdirectory so your changes won't be overwritten when the plugin is upgraded. -->\n\n<!-- Post Wrap Start-->\n<div class=\"post hentry ivycat-post\">\n\n\t<!-- \tThis outputs the post TITLE -->\n\t<h2 class=\"entry-title\"><a href=\"https:\/\/friendsmission.com\/en\/espanol\/giron-juntos-hasta-los-confines-de-la-tierra\/\">Giron | Juntos hasta los confines de la tierra<\/a><\/h2>\n\n\t<!-- \tThis outputs the post EXCERPT.  To display full content including images and html,\n\t\treplace the_excerpt(); with the_content();  below. -->\n\t<div class=\"entry-summary\">\n\t\t<p>Juntos hasta los confines de la tierra La Conferencia de Aprendizaje de Envi\u00f3 Misional de EFM para Latinoam\u00e9rica que se llev\u00f3 a cabo en Chiquimula, Guatemala, en la que Dios nos permiti\u00f3 el privilegio de ser parte de la planificaci\u00f3n y log\u00edstica, fue una verdadera bendici\u00f3n, mucha motivaci\u00f3n, edificaci\u00f3n y retadora para los representantes de [&hellip;]<\/p>\n\t<\/div>\n\n\t<!--\tThis outputs the post META information -->\n\t<div class=\"entry-utility\">\n\t\t\t\t\t<span class=\"cat-links\">\n\t\t\t\t<span class=\"entry-utility-prep entry-utility-prep-cat-links\">Posted in<\/span> <a href=\"https:\/\/friendsmission.com\/en\/category\/espanol\/\" rel=\"category tag\">Espa\u00f1ol<\/a>\t\t\t<\/span>\n\t\t\t<span class=\"meta-sep\">|<\/span>\n\t\t\t\t\t\t\t<span class=\"tag-links\">\n\t\t\t\t<span class=\"entry-utility-prep entry-utility-prep-tag-links\">Tagged<\/span> <a href=\"https:\/\/friendsmission.com\/en\/tag\/2025\/\" rel=\"tag\">2025<\/a>, <a href=\"https:\/\/friendsmission.com\/en\/tag\/carta-de-noticias\/\" rel=\"tag\">Carta de Noticias<\/a>, <a href=\"https:\/\/friendsmission.com\/en\/tag\/giron\/\" rel=\"tag\">Giron<\/a>, <a href=\"https:\/\/friendsmission.com\/en\/tag\/missions-mobilizers-for-hispanic-friends\/\" rel=\"tag\">Missions Mobilizers for Hispanic Friends<\/a>, <a href=\"https:\/\/friendsmission.com\/en\/tag\/oracion\/\" rel=\"tag\">Oraci\u00f3n<\/a>\t\t\t<\/span>\n\t\t\t<span class=\"meta-sep\">|<\/span>\n\t\t\t\t<span class=\"comments-link\">\n\t\t\t<a href=\"https:\/\/friendsmission.com\/en\/espanol\/giron-juntos-hasta-los-confines-de-la-tierra\/#respond\">Leave a comment<\/a>\t\t<\/span>\n\t\t\t<\/div>\n<\/div>\n<!-- \/\/ Post Wrap End -->\n\n<!-- NOTE: If you need to make changes to this file, copy it to your current theme's main\n\tdirectory so your changes won't be overwritten when the plugin is upgraded. -->\n\n<!-- Post Wrap Start-->\n<div class=\"post hentry ivycat-post\">\n\n\t<!-- \tThis outputs the post TITLE -->\n\t<h2 class=\"entry-title\"><a href=\"https:\/\/friendsmission.com\/en\/prayer\/carta-de-oracion-septiembre-2025\/\">Carta de Oraci\u00f3n septiembre 2025<\/a><\/h2>\n\n\t<!-- \tThis outputs the post EXCERPT.  To display full content including images and html,\n\t\treplace the_excerpt(); with the_content();  below. -->\n\t<div class=\"entry-summary\">\n\t\t<p>Molly Morton | Prepar\u00e1ndose para servir en Irlanda De repente, hoy mir\u00e9 el calendario y me di cuenta de que solo me quedan unas semanas de permiso. Parece que el tiempo ha volado, aunque al mismo tiempo siento que febrero y el comienzo de mi permiso fueron hace un mill\u00f3n de a\u00f1os. Dios me ha [&hellip;]<\/p>\n\t<\/div>\n\n\t<!--\tThis outputs the post META information -->\n\t<div class=\"entry-utility\">\n\t\t\t\t\t<span class=\"cat-links\">\n\t\t\t\t<span class=\"entry-utility-prep entry-utility-prep-cat-links\">Posted in<\/span> <a href=\"https:\/\/friendsmission.com\/en\/category\/espanol\/\" rel=\"category tag\">Espa\u00f1ol<\/a>, <a href=\"https:\/\/friendsmission.com\/en\/category\/prayer\/\" rel=\"category tag\">Prayer<\/a>\t\t\t<\/span>\n\t\t\t<span class=\"meta-sep\">|<\/span>\n\t\t\t\t\t\t\t<span class=\"tag-links\">\n\t\t\t\t<span class=\"entry-utility-prep entry-utility-prep-tag-links\">Tagged<\/span> <a href=\"https:\/\/friendsmission.com\/en\/tag\/2025\/\" rel=\"tag\">2025<\/a>, <a href=\"https:\/\/friendsmission.com\/en\/tag\/carta-de-oracion\/\" rel=\"tag\">Carta de Oraci\u00f3n<\/a>, <a href=\"https:\/\/friendsmission.com\/en\/tag\/espanol\/\" rel=\"tag\">Espanol<\/a>, <a href=\"https:\/\/friendsmission.com\/en\/tag\/irlanda\/\" rel=\"tag\">Irlanda<\/a>, <a href=\"https:\/\/friendsmission.com\/en\/tag\/molly-morton\/\" rel=\"tag\">Molly Morton<\/a>, <a href=\"https:\/\/friendsmission.com\/en\/tag\/oracion\/\" rel=\"tag\">Oraci\u00f3n<\/a>, <a href=\"https:\/\/friendsmission.com\/en\/tag\/spanish\/\" rel=\"tag\">Spanish<\/a>\t\t\t<\/span>\n\t\t\t<span class=\"meta-sep\">|<\/span>\n\t\t\t\t<span class=\"comments-link\">\n\t\t\t<a href=\"https:\/\/friendsmission.com\/en\/prayer\/carta-de-oracion-septiembre-2025\/#respond\">Leave a comment<\/a>\t\t<\/span>\n\t\t\t<\/div>\n<\/div>\n<!-- \/\/ Post Wrap End -->\n\n<!-- NOTE: If you need to make changes to this file, copy it to your current theme's main\n\tdirectory so your changes won't be overwritten when the plugin is upgraded. -->\n\n<!-- Post Wrap Start-->\n<div class=\"post hentry ivycat-post\">\n\n\t<!-- \tThis outputs the post TITLE -->\n\t<h2 class=\"entry-title\"><a href=\"https:\/\/friendsmission.com\/en\/prayer\/carta-de-oracion-agosto-2025\/\">Carta de Oraci\u00f3n Agosto 2025<\/a><\/h2>\n\n\t<!-- \tThis outputs the post EXCERPT.  To display full content including images and html,\n\t\treplace the_excerpt(); with the_content();  below. -->\n\t<div class=\"entry-summary\">\n\t\t<p>\u201cMantengamos firme, sin fluctuar, la profesi\u00f3n de nuestra esperanza, porque fiel es el que prometi\u00f3. Y consider\u00e9monos unos a otros para estimularnos al amor y a las buenas obras\u201d Hebreos 10:23-24 En junio, nos mudamos de casa y partimos hacia Idaho. Visitamos varias iglesias all\u00ed en julio y disfrutamos de una agradable comuni\u00f3n con la [&hellip;]<\/p>\n\t<\/div>\n\n\t<!--\tThis outputs the post META information -->\n\t<div class=\"entry-utility\">\n\t\t\t\t\t<span class=\"cat-links\">\n\t\t\t\t<span class=\"entry-utility-prep entry-utility-prep-cat-links\">Posted in<\/span> <a href=\"https:\/\/friendsmission.com\/en\/category\/espanol\/\" rel=\"category tag\">Espa\u00f1ol<\/a>, <a href=\"https:\/\/friendsmission.com\/en\/category\/prayer\/\" rel=\"category tag\">Prayer<\/a>\t\t\t<\/span>\n\t\t\t<span class=\"meta-sep\">|<\/span>\n\t\t\t\t\t\t\t<span class=\"tag-links\">\n\t\t\t\t<span class=\"entry-utility-prep entry-utility-prep-tag-links\">Tagged<\/span> <a href=\"https:\/\/friendsmission.com\/en\/tag\/carta-de-oracion\/\" rel=\"tag\">Carta de Oraci\u00f3n<\/a>, <a href=\"https:\/\/friendsmission.com\/en\/tag\/oracion\/\" rel=\"tag\">Oraci\u00f3n<\/a>, <a href=\"https:\/\/friendsmission.com\/en\/tag\/orar\/\" rel=\"tag\">Orar<\/a>\t\t\t<\/span>\n\t\t\t<span class=\"meta-sep\">|<\/span>\n\t\t\t\t<span class=\"comments-link\">\n\t\t\t<a href=\"https:\/\/friendsmission.com\/en\/prayer\/carta-de-oracion-agosto-2025\/#respond\">Leave a comment<\/a>\t\t<\/span>\n\t\t\t<\/div>\n<\/div>\n<!-- \/\/ Post Wrap End -->\n\n<!-- NOTE: If you need to make changes to this file, copy it to your current theme's main\n\tdirectory so your changes won't be overwritten when the plugin is upgraded. -->\n\n<!-- Post Wrap Start-->\n<div class=\"post hentry ivycat-post\">\n\n\t<!-- \tThis outputs the post TITLE -->\n\t<h2 class=\"entry-title\"><a href=\"https:\/\/friendsmission.com\/en\/prayer\/https-friendsmission-com-prayer-carta-de-oracion-agosto-2025\/\">Carta de Oraci\u00f3n Julio 2025<\/a><\/h2>\n\n\t<!-- \tThis outputs the post EXCERPT.  To display full content including images and html,\n\t\treplace the_excerpt(); with the_content();  below. -->\n\t<div class=\"entry-summary\">\n\t\t<p>Hablan ingl\u00e9s, m\u00e1s o menos. Recientemente recibimos la visita de unos queridos estadounidenses. Una de las cosas que disfrutamos cuando la gente llega a este hermoso pa\u00eds es ver c\u00f3mo se adaptan a la lengua y la cultura irlandesas. Aunque los irlandeses hablan ingl\u00e9s, las palabras y frases que usan son diferentes. Cosas sencillas como [&hellip;]<\/p>\n\t<\/div>\n\n\t<!--\tThis outputs the post META information -->\n\t<div class=\"entry-utility\">\n\t\t\t\t\t<span class=\"cat-links\">\n\t\t\t\t<span class=\"entry-utility-prep entry-utility-prep-cat-links\">Posted in<\/span> <a href=\"https:\/\/friendsmission.com\/en\/category\/espanol\/\" rel=\"category tag\">Espa\u00f1ol<\/a>, <a href=\"https:\/\/friendsmission.com\/en\/category\/prayer\/\" rel=\"category tag\">Prayer<\/a>\t\t\t<\/span>\n\t\t\t<span class=\"meta-sep\">|<\/span>\n\t\t\t\t\t\t\t<span class=\"tag-links\">\n\t\t\t\t<span class=\"entry-utility-prep entry-utility-prep-tag-links\">Tagged<\/span> <a href=\"https:\/\/friendsmission.com\/en\/tag\/carta-de-oracion\/\" rel=\"tag\">Carta de Oraci\u00f3n<\/a>, <a href=\"https:\/\/friendsmission.com\/en\/tag\/oracion\/\" rel=\"tag\">Oraci\u00f3n<\/a>, <a href=\"https:\/\/friendsmission.com\/en\/tag\/orar\/\" rel=\"tag\">Orar<\/a>\t\t\t<\/span>\n\t\t\t<span class=\"meta-sep\">|<\/span>\n\t\t\t\t<span class=\"comments-link\">\n\t\t\t<a href=\"https:\/\/friendsmission.com\/en\/prayer\/https-friendsmission-com-prayer-carta-de-oracion-agosto-2025\/#respond\">Leave a comment<\/a>\t\t<\/span>\n\t\t\t<\/div>\n<\/div>\n<!-- \/\/ Post Wrap End -->","protected":false},"excerpt":{"rendered":"","protected":false},"author":1,"featured_media":0,"parent":0,"menu_order":0,"comment_status":"closed","ping_status":"closed","template":"","meta":{"om_disable_all_campaigns":false,"_monsterinsights_skip_tracking":false,"_monsterinsights_sitenote_active":false,"_monsterinsights_sitenote_note":"","_monsterinsights_sitenote_category":0,"_uf_show_specific_survey":0,"_uf_disable_surveys":false,"_genesis_hide_title":false,"_genesis_hide_breadcrumbs":false,"_genesis_hide_singular_image":false,"_genesis_hide_footer_widgets":false,"_genesis_custom_body_class":"","_genesis_custom_post_class":"","_genesis_layout":"content-sidebar","footnotes":"","_links_to":"","_links_to_target":""},"class_list":{"0":"post-6861","1":"page","2":"type-page","3":"status-publish","5":"entry"},"aioseo_notices":[],"_links":{"self":[{"href":"https:\/\/friendsmission.com\/en\/wp-json\/wp\/v2\/pages\/6861","targetHints":{"allow":["GET"]}}],"collection":[{"href":"https:\/\/friendsmission.com\/en\/wp-json\/wp\/v2\/pages"}],"about":[{"href":"https:\/\/friendsmission.com\/en\/wp-json\/wp\/v2\/types\/page"}],"author":[{"embeddable":true,"href":"https:\/\/friendsmission.com\/en\/wp-json\/wp\/v2\/users\/1"}],"replies":[{"embeddable":true,"href":"https:\/\/friendsmission.com\/en\/wp-json\/wp\/v2\/comments?post=6861"}],"version-history":[{"count":6,"href":"https:\/\/friendsmission.com\/en\/wp-json\/wp\/v2\/pages\/6861\/revisions"}],"predecessor-version":[{"id":7636,"href":"https:\/\/friendsmission.com\/en\/wp-json\/wp\/v2\/pages\/6861\/revisions\/7636"}],"wp:attachment":[{"href":"https:\/\/friendsmission.com\/en\/wp-json\/wp\/v2\/media?parent=6861"}],"curies":[{"name":"wp","href":"https:\/\/api.w.org\/{rel}","templated":true}]}}