{"id":19779,"date":"2021-02-09T12:30:56","date_gmt":"2021-02-09T18:30:56","guid":{"rendered":"https:\/\/friendsmission.com\/?page_id=19779"},"modified":"2022-08-08T09:42:18","modified_gmt":"2022-08-08T15:42:18","slug":"reunion-de-oracion","status":"publish","type":"page","link":"https:\/\/friendsmission.com\/en\/reunion-de-oracion\/","title":{"rendered":"Meta de Cinco A\u00f1os | Reuni\u00f3n Lucas 10:2"},"content":{"rendered":"<p><img loading=\"lazy\" decoding=\"async\" class=\"alignright size-full wp-image-19372\" src=\"https:\/\/friendsmission.com\/wp-content\/uploads\/2020\/12\/2020-Constant-Contact-Banner_Sp.jpg\" alt=\"\" width=\"1600\" height=\"534\" srcset=\"https:\/\/friendsmission.com\/wp-content\/uploads\/2020\/12\/2020-Constant-Contact-Banner_Sp.jpg 1600w, https:\/\/friendsmission.com\/wp-content\/uploads\/2020\/12\/2020-Constant-Contact-Banner_Sp-300x100.jpg 300w, https:\/\/friendsmission.com\/wp-content\/uploads\/2020\/12\/2020-Constant-Contact-Banner_Sp-1024x342.jpg 1024w, https:\/\/friendsmission.com\/wp-content\/uploads\/2020\/12\/2020-Constant-Contact-Banner_Sp-768x256.jpg 768w, https:\/\/friendsmission.com\/wp-content\/uploads\/2020\/12\/2020-Constant-Contact-Banner_Sp-1536x513.jpg 1536w, https:\/\/friendsmission.com\/wp-content\/uploads\/2020\/12\/2020-Constant-Contact-Banner_Sp-600x200.jpg 600w\" sizes=\"auto, (max-width: 1600px) 100vw, 1600px\" \/><\/p>\n<p><img loading=\"lazy\" decoding=\"async\" class=\"alignright size-full wp-image-19373\" src=\"https:\/\/friendsmission.com\/wp-content\/uploads\/2020\/12\/Five-Year-Goal-Website-Spanish.jpg\" alt=\"\" width=\"1600\" height=\"400\" srcset=\"https:\/\/friendsmission.com\/wp-content\/uploads\/2020\/12\/Five-Year-Goal-Website-Spanish.jpg 1600w, https:\/\/friendsmission.com\/wp-content\/uploads\/2020\/12\/Five-Year-Goal-Website-Spanish-300x75.jpg 300w, https:\/\/friendsmission.com\/wp-content\/uploads\/2020\/12\/Five-Year-Goal-Website-Spanish-1024x256.jpg 1024w, https:\/\/friendsmission.com\/wp-content\/uploads\/2020\/12\/Five-Year-Goal-Website-Spanish-768x192.jpg 768w, https:\/\/friendsmission.com\/wp-content\/uploads\/2020\/12\/Five-Year-Goal-Website-Spanish-1536x384.jpg 1536w, https:\/\/friendsmission.com\/wp-content\/uploads\/2020\/12\/Five-Year-Goal-Website-Spanish-600x150.jpg 600w\" sizes=\"auto, (max-width: 1600px) 100vw, 1600px\" \/><\/p>\n<table>\n<tbody>\n<tr>\n<td><a href=\"https:\/\/friendsmission.com\/en\/meta-de-cinco-anos\/\" target=\"_blank\" rel=\"noopener noreferrer\"><img loading=\"lazy\" decoding=\"async\" class=\"aligncenter wp-image-19415 size-medium\" src=\"https:\/\/friendsmission.com\/wp-content\/uploads\/2020\/12\/Five-Year-Goal-Give-Button-Spanish-300x75.jpg\" alt=\"\" width=\"300\" height=\"75\" srcset=\"https:\/\/friendsmission.com\/wp-content\/uploads\/2020\/12\/Five-Year-Goal-Give-Button-Spanish-300x75.jpg 300w, https:\/\/friendsmission.com\/wp-content\/uploads\/2020\/12\/Five-Year-Goal-Give-Button-Spanish-1024x256.jpg 1024w, https:\/\/friendsmission.com\/wp-content\/uploads\/2020\/12\/Five-Year-Goal-Give-Button-Spanish-768x192.jpg 768w, https:\/\/friendsmission.com\/wp-content\/uploads\/2020\/12\/Five-Year-Goal-Give-Button-Spanish-1536x384.jpg 1536w, https:\/\/friendsmission.com\/wp-content\/uploads\/2020\/12\/Five-Year-Goal-Give-Button-Spanish-600x150.jpg 600w, https:\/\/friendsmission.com\/wp-content\/uploads\/2020\/12\/Five-Year-Goal-Give-Button-Spanish.jpg 1667w\" sizes=\"auto, (max-width: 300px) 100vw, 300px\" \/><\/a><\/td>\n<td><a href=\"https:\/\/friendsmission.com\/en\/luke-10-2-prayer-gathering-form\/\" target=\"_blank\" rel=\"noopener noreferrer\"><img loading=\"lazy\" decoding=\"async\" class=\"aligncenter wp-image-19782 size-medium\" src=\"https:\/\/friendsmission.com\/wp-content\/uploads\/2021\/02\/Prayer-Gathering-Button-Spanish-300x75.jpg\" alt=\"\" width=\"300\" height=\"75\" srcset=\"https:\/\/friendsmission.com\/wp-content\/uploads\/2021\/02\/Prayer-Gathering-Button-Spanish-300x75.jpg 300w, https:\/\/friendsmission.com\/wp-content\/uploads\/2021\/02\/Prayer-Gathering-Button-Spanish-1024x256.jpg 1024w, https:\/\/friendsmission.com\/wp-content\/uploads\/2021\/02\/Prayer-Gathering-Button-Spanish-768x192.jpg 768w, https:\/\/friendsmission.com\/wp-content\/uploads\/2021\/02\/Prayer-Gathering-Button-Spanish-1536x384.jpg 1536w, https:\/\/friendsmission.com\/wp-content\/uploads\/2021\/02\/Prayer-Gathering-Button-Spanish-600x150.jpg 600w, https:\/\/friendsmission.com\/wp-content\/uploads\/2021\/02\/Prayer-Gathering-Button-Spanish.jpg 1667w\" sizes=\"auto, (max-width: 300px) 100vw, 300px\" \/><\/a><\/td>\n<\/tr>\n<\/tbody>\n<\/table>\n<h3 style=\"text-align: center;\">\u00danase a nuestra pr\u00f3xima reuni\u00f3n de oraci\u00f3n el jueves 11 de agosto a las 10 am PST en este <a href=\"https:\/\/us02web.zoom.us\/j\/84150846575\" target=\"_blank\" rel=\"noopener noreferrer\">Enlace de Zoom<\/a>.<\/h3>\n<table>\n<tbody>\n<tr>\n<td><img loading=\"lazy\" decoding=\"async\" class=\"aligncenter wp-image-19955\" src=\"https:\/\/friendsmission.com\/wp-content\/uploads\/2021\/03\/Luke-10-Square-Spanish.jpg\" alt=\"\" width=\"500\" height=\"500\" srcset=\"https:\/\/friendsmission.com\/wp-content\/uploads\/2021\/03\/Luke-10-Square-Spanish.jpg 2400w, https:\/\/friendsmission.com\/wp-content\/uploads\/2021\/03\/Luke-10-Square-Spanish-300x300.jpg 300w, https:\/\/friendsmission.com\/wp-content\/uploads\/2021\/03\/Luke-10-Square-Spanish-1024x1024.jpg 1024w, https:\/\/friendsmission.com\/wp-content\/uploads\/2021\/03\/Luke-10-Square-Spanish-150x150.jpg 150w, https:\/\/friendsmission.com\/wp-content\/uploads\/2021\/03\/Luke-10-Square-Spanish-768x768.jpg 768w, https:\/\/friendsmission.com\/wp-content\/uploads\/2021\/03\/Luke-10-Square-Spanish-1536x1536.jpg 1536w, https:\/\/friendsmission.com\/wp-content\/uploads\/2021\/03\/Luke-10-Square-Spanish-2048x2048.jpg 2048w, https:\/\/friendsmission.com\/wp-content\/uploads\/2021\/03\/Luke-10-Square-Spanish-600x600.jpg 600w, https:\/\/friendsmission.com\/wp-content\/uploads\/2021\/03\/Luke-10-Square-Spanish-100x100.jpg 100w\" sizes=\"auto, (max-width: 500px) 100vw, 500px\" \/><\/td>\n<td>\n<h3 align=\"center\"><em>\u201cLes dijo: Es abundante la cosecha, pero son pocos los obreros. P\u00eddanle, por tanto,al Se\u00f1or de la cosecha que mande obreros a su campo.&#8221;<\/em> (NIV)<\/h3>\n<\/td>\n<\/tr>\n<\/tbody>\n<\/table>\n<table style=\"background-color: #c8ced6;\">\n<tbody>\n<tr>\n<td>\n<h3 style=\"text-align: center;\"><strong>Puntos de Oraci\u00f3n para la Reuni\u00f3n de agosto de 2022<\/strong><\/h3>\n<ul>\n<li>Por una gran experiencia de aprendizaje de EFC-Rwanda y la familia Carpenter sobre el servicio transcultural, el aprendizaje de idiomas, el discipulado de toda la vida, las experiencias de inmersi\u00f3n y la vida familiar misionera.<\/li>\n<li>Que Dios enviar\u00eda m\u00e1s obreros a su campo de cosecha. Para que estos futuros misioneros adquieran discernimiento en los pr\u00f3ximos pasos hacia los que el Se\u00f1or de la Mies puede estar gui\u00e1ndolos.<\/li>\n<li>Por la asociaci\u00f3n de EFM con EFC-Ruanda y los futuros misioneros de Ruanda, los nuevos trabajadores potenciales y la iglesia que env\u00eda mientras buscamos una dulce comuni\u00f3n en la conversaci\u00f3n y la visi\u00f3n del env\u00edo de misiones.<\/li>\n<\/ul>\n<\/td>\n<\/tr>\n<\/tbody>\n<\/table>\n<table style=\"background-color: #dfd4d0;\">\n<tbody>\n<tr>\n<td>\n<h3 style=\"text-align: center;\"><strong>Carta de Oraci\u00f3n, Peticiones <\/strong><strong>de agosto de 2022<\/strong><\/h3>\n<p><strong>Alabado sea el Se\u00f1or\u2026<\/strong><\/p>\n<ul>\n<li>Por el video corto que se produjo recientemente que presenta la porci\u00f3n del futuro misionero de la Iniciativa Lucas 10 de EFM. Si a\u00fan no lo ha visto, haga clic aqu\u00ed y regoc\u00edjese con nosotros por lo que Dios est\u00e1 haciendo en medio de nosotros para levantar trabajadores para sus campos de cosecha.<\/li>\n<li>Por las respuestas alentadoras que recibimos durante las sesiones de la reuni\u00f3n anual regional a los informes sobre la Iniciativa Lucas 10 (futuras actividades misioneras, Viajes de Exploraci\u00f3n Lucas 10, etc.). Parece que hay una sensaci\u00f3n de esperanza y entusiasmo sobre el futuro de las misiones en el movimiento de los Amigos.<\/li>\n<\/ul>\n<p><strong>Por favor orar&#8230;<\/strong><\/p>\n<ul>\n<li>Para que el Se\u00f1or de la mies env\u00ede m\u00e1s obreros a los campos de mies.<\/li>\n<li>Para el Viaje de Formaci\u00f3n del Futuro Misionero que se realizar\u00e1 del 5 al 20 de agosto en \u00c1frica Central. Los futuros misioneros que asisten a este viaje incluyen a tres de la regi\u00f3n este: Grace Broschk, Ellie Ware y Eric Johr, y Nathan Macy, de Mid America. Thomas Moore, quien hizo conexiones con Evangelical Friends durante su tiempo en Southwest, tambi\u00e9n estar\u00e1 all\u00ed cuando comience su experiencia de campo de un a\u00f1o en Ruanda.<\/li>\n<li>Para los equipos del viaje de exploraci\u00f3n de Lucas 10 que se est\u00e1n preparando para sus viajes de exploraci\u00f3n. Anticipamos que seis equipos m\u00e1s saldr\u00e1n antes de que finalice este a\u00f1o. Los destinos son NE de Brasil, Dubai, SE de Asia, norte de India, Tanzania y Sud\u00e1n del Sur.<\/li>\n<\/ul>\n<\/td>\n<\/tr>\n<tr>\n<td>\n<h3 style=\"text-align: center;\"><\/h3>\n<\/td>\n<\/tr>\n<\/tbody>\n<\/table>\n<p><strong>\u00a0\u00a1Aqu\u00ed est\u00e1 el calendario de reuniones para 2022! \u00a1Aseg\u00farate de marcarlos en tu calendario!<\/strong><\/p>\n<table>\n<tbody>\n<tr>\n<td>10 de noviembre<\/td>\n<td>8 de septiembre<br \/>\n8 de diciembre<\/td>\n<td>13 de octubre<\/p>\n<p>&nbsp;<\/td>\n<\/tr>\n<\/tbody>\n<\/table>\n<p>&nbsp;<\/p>","protected":false},"excerpt":{"rendered":"<p>\u00danase a nuestra pr\u00f3xima reuni\u00f3n de oraci\u00f3n el jueves 11 de agosto a las 10 am PST en este Enlace de Zoom. \u201cLes dijo: Es abundante la cosecha, pero son pocos los obreros. P\u00eddanle, por tanto,al Se\u00f1or de la cosecha que mande obreros a su campo.&#8221; (NIV) Puntos de Oraci\u00f3n para la Reuni\u00f3n de agosto [&hellip;]<\/p>","protected":false},"author":2,"featured_media":0,"parent":0,"menu_order":0,"comment_status":"closed","ping_status":"closed","template":"","meta":{"om_disable_all_campaigns":false,"_monsterinsights_skip_tracking":false,"_monsterinsights_sitenote_active":false,"_monsterinsights_sitenote_note":"","_monsterinsights_sitenote_category":0,"_uf_show_specific_survey":0,"_uf_disable_surveys":false,"_genesis_hide_title":false,"_genesis_hide_breadcrumbs":false,"_genesis_hide_singular_image":false,"_genesis_hide_footer_widgets":false,"_genesis_custom_body_class":"full","_genesis_custom_post_class":"","_genesis_layout":"","footnotes":"","_links_to":"","_links_to_target":""},"class_list":{"0":"post-19779","1":"page","2":"type-page","3":"status-publish","5":"entry","6":"has-post-thumbnail"},"aioseo_notices":[],"_links":{"self":[{"href":"https:\/\/friendsmission.com\/en\/wp-json\/wp\/v2\/pages\/19779","targetHints":{"allow":["GET"]}}],"collection":[{"href":"https:\/\/friendsmission.com\/en\/wp-json\/wp\/v2\/pages"}],"about":[{"href":"https:\/\/friendsmission.com\/en\/wp-json\/wp\/v2\/types\/page"}],"author":[{"embeddable":true,"href":"https:\/\/friendsmission.com\/en\/wp-json\/wp\/v2\/users\/2"}],"replies":[{"embeddable":true,"href":"https:\/\/friendsmission.com\/en\/wp-json\/wp\/v2\/comments?post=19779"}],"version-history":[{"count":40,"href":"https:\/\/friendsmission.com\/en\/wp-json\/wp\/v2\/pages\/19779\/revisions"}],"predecessor-version":[{"id":23103,"href":"https:\/\/friendsmission.com\/en\/wp-json\/wp\/v2\/pages\/19779\/revisions\/23103"}],"wp:attachment":[{"href":"https:\/\/friendsmission.com\/en\/wp-json\/wp\/v2\/media?parent=19779"}],"curies":[{"name":"wp","href":"https:\/\/api.w.org\/{rel}","templated":true}]}}