{"id":19426,"date":"2020-12-16T18:26:44","date_gmt":"2020-12-17T00:26:44","guid":{"rendered":"https:\/\/friendsmission.com\/?page_id=19426"},"modified":"2022-08-08T17:09:00","modified_gmt":"2022-08-08T23:09:00","slug":"videos-espanol","status":"publish","type":"page","link":"https:\/\/friendsmission.com\/en\/videos-espanol\/","title":{"rendered":"Meta de Cinco A\u00f1os | Videos"},"content":{"rendered":"<p><img loading=\"lazy\" decoding=\"async\" class=\"aligncenter size-full wp-image-19372\" src=\"https:\/\/friendsmission.com\/wp-content\/uploads\/2020\/12\/2020-Constant-Contact-Banner_Sp.jpg\" alt=\"\" width=\"1600\" height=\"534\" srcset=\"https:\/\/friendsmission.com\/wp-content\/uploads\/2020\/12\/2020-Constant-Contact-Banner_Sp.jpg 1600w, https:\/\/friendsmission.com\/wp-content\/uploads\/2020\/12\/2020-Constant-Contact-Banner_Sp-300x100.jpg 300w, https:\/\/friendsmission.com\/wp-content\/uploads\/2020\/12\/2020-Constant-Contact-Banner_Sp-1024x342.jpg 1024w, https:\/\/friendsmission.com\/wp-content\/uploads\/2020\/12\/2020-Constant-Contact-Banner_Sp-768x256.jpg 768w, https:\/\/friendsmission.com\/wp-content\/uploads\/2020\/12\/2020-Constant-Contact-Banner_Sp-1536x513.jpg 1536w, https:\/\/friendsmission.com\/wp-content\/uploads\/2020\/12\/2020-Constant-Contact-Banner_Sp-600x200.jpg 600w\" sizes=\"auto, (max-width: 1600px) 100vw, 1600px\" \/><\/p>\n<h3 style=\"text-align: center;\"><a href=\"https:\/\/friendsmission.com\/wp-content\/uploads\/2020\/12\/Five-Year-Goal-Video-Flyer-Spanish.pdf\" target=\"_blank\" rel=\"noopener noreferrer\">Descargue el folleto en Espa\u00f1ol<\/a> para acompa\u00f1ar el Meta de Cinco A\u00f1os.<\/h3>\n<h3 style=\"text-align: center;\"><span lang=\"es\"><a href=\"https:\/\/friendsmission.com\/wp-content\/uploads\/2020\/11\/Five-Year-Goal-Video-Flyer.pdf\" target=\"_blank\" rel=\"noopener noreferrer\">Descargue el folleto en Ingl\u00e9s<\/a> para acompa\u00f1ar el Meta de Cinco A\u00f1os.<\/span><\/h3>\n<table>\n<tbody>\n<tr>\n<td>\n<p style=\"text-align: center;\"><iframe loading=\"lazy\" title=\"YouTube video player\" src=\"https:\/\/www.youtube.com\/embed\/a1hVsBo0V5U\" width=\"364\" height=\"204.75\" frameborder=\"0\" allowfullscreen=\"allowfullscreen\"><\/iframe><\/p>\n<h3 style=\"text-align: center;\">EFM\u2019s Video del Meta de Cinco <span lang=\"es\">A\u00f1os<\/span><\/h3>\n<p style=\"text-align: center;\"><span lang=\"es\">Versi\u00f3n de 3 Minutos con Subt\u00edtulos en Espa\u00f1ol<\/span><\/p>\n<p style=\"text-align: center;\"><a href=\"https:\/\/www.dropbox.com\/s\/5w1zhjocy6w3qr6\/Five-Year%20Goal%20-%20Spanish-%20Updated%202021.mp4?dl=0\" target=\"_blank\" rel=\"noopener\">Descarga el Video Aqu\u00ed<\/a><\/p>\n<\/td>\n<td><\/td>\n<td>\n<p style=\"text-align: center;\"><iframe loading=\"lazy\" title=\"YouTube video player\" src=\"https:\/\/www.youtube.com\/embed\/Dcyggikfw1A\" width=\"364\" height=\"204.75\" frameborder=\"0\" allowfullscreen=\"allowfullscreen\"><span data-mce-type=\"bookmark\" style=\"display: inline-block; width: 0px; overflow: hidden; line-height: 0;\" class=\"mce_SELRES_start\"><\/span><\/iframe><\/p>\n<h3 style=\"text-align: center;\">EFM\u2019s Video del Meta de Cinco <span lang=\"es\">A\u00f1os<\/span><\/h3>\n<p style=\"text-align: center;\"><span lang=\"es\">Versi\u00f3n de 90 segundos con subt\u00edtulos en Espa\u00f1ol<\/span><\/p>\n<p style=\"text-align: center;\"><a href=\"https:\/\/www.dropbox.com\/s\/sl8x1i7h0ube1bs\/Five%20Year%20Goal%20-%20Spanish%20Short%20Version%20-%20Updated%202021.mp4?dl=0\" target=\"_blank\" rel=\"noopener\">Descarga el Video Aqu\u00ed<\/a><\/p>\n<\/td>\n<\/tr>\n<\/tbody>\n<\/table>\n<table>\n<tbody>\n<tr>\n<td style=\"text-align: center;\">\n<p style=\"text-align: center;\"><iframe loading=\"lazy\" title=\"YouTube video player\" src=\"https:\/\/www.youtube.com\/embed\/GL196cipooA\" width=\"364\" height=\"204.75\" frameborder=\"0\" allowfullscreen=\"allowfullscreen\"><\/iframe><\/p>\n<h3 style=\"text-align: center;\">Video de Iniciativa EFM Luke 10<\/h3>\n<p style=\"text-align: center;\"><span lang=\"es\">con subt\u00edtulos en espa\u00f1ol<\/span><\/p>\n<p style=\"text-align: center;\"><a href=\"https:\/\/www.dropbox.com\/s\/5w1zhjocy6w3qr6\/Five-Year%20Goal%20-%20Spanish-%20Updated%202021.mp4?dl=0\" target=\"_blank\" rel=\"noopener\">Descarga el Video Aqu\u00ed<\/a><\/p>\n<\/td>\n<td><\/td>\n<\/tr>\n<\/tbody>\n<\/table>\n<p>&nbsp;<\/p>","protected":false},"excerpt":{"rendered":"<p>Descargue el folleto en Espa\u00f1ol para acompa\u00f1ar el Meta de Cinco A\u00f1os. Descargue el folleto en Ingl\u00e9s para acompa\u00f1ar el Meta de Cinco A\u00f1os. EFM\u2019s Video del Meta de Cinco A\u00f1os Versi\u00f3n de 3 Minutos con Subt\u00edtulos en Espa\u00f1ol Descarga el Video Aqu\u00ed \ufeff EFM\u2019s Video del Meta de Cinco A\u00f1os Versi\u00f3n de 90 segundos [&hellip;]<\/p>","protected":false},"author":2,"featured_media":0,"parent":0,"menu_order":0,"comment_status":"closed","ping_status":"closed","template":"","meta":{"om_disable_all_campaigns":false,"_monsterinsights_skip_tracking":false,"_monsterinsights_sitenote_active":false,"_monsterinsights_sitenote_note":"","_monsterinsights_sitenote_category":0,"_uf_show_specific_survey":0,"_uf_disable_surveys":false,"_genesis_hide_title":false,"_genesis_hide_breadcrumbs":false,"_genesis_hide_singular_image":false,"_genesis_hide_footer_widgets":false,"_genesis_custom_body_class":"full","_genesis_custom_post_class":"","_genesis_layout":"","footnotes":"","_links_to":"","_links_to_target":""},"class_list":{"0":"post-19426","1":"page","2":"type-page","3":"status-publish","5":"entry"},"aioseo_notices":[],"_links":{"self":[{"href":"https:\/\/friendsmission.com\/en\/wp-json\/wp\/v2\/pages\/19426","targetHints":{"allow":["GET"]}}],"collection":[{"href":"https:\/\/friendsmission.com\/en\/wp-json\/wp\/v2\/pages"}],"about":[{"href":"https:\/\/friendsmission.com\/en\/wp-json\/wp\/v2\/types\/page"}],"author":[{"embeddable":true,"href":"https:\/\/friendsmission.com\/en\/wp-json\/wp\/v2\/users\/2"}],"replies":[{"embeddable":true,"href":"https:\/\/friendsmission.com\/en\/wp-json\/wp\/v2\/comments?post=19426"}],"version-history":[{"count":12,"href":"https:\/\/friendsmission.com\/en\/wp-json\/wp\/v2\/pages\/19426\/revisions"}],"predecessor-version":[{"id":23111,"href":"https:\/\/friendsmission.com\/en\/wp-json\/wp\/v2\/pages\/19426\/revisions\/23111"}],"wp:attachment":[{"href":"https:\/\/friendsmission.com\/en\/wp-json\/wp\/v2\/media?parent=19426"}],"curies":[{"name":"wp","href":"https:\/\/api.w.org\/{rel}","templated":true}]}}