{"id":19413,"date":"2020-12-16T18:07:44","date_gmt":"2020-12-17T00:07:44","guid":{"rendered":"https:\/\/friendsmission.com\/?page_id=19413"},"modified":"2020-12-16T18:08:21","modified_gmt":"2020-12-17T00:08:21","slug":"dar","status":"publish","type":"page","link":"https:\/\/friendsmission.com\/en\/dar\/","title":{"rendered":"Meta de Cinco A\u00f1os | Dar"},"content":{"rendered":"<p><img loading=\"lazy\" decoding=\"async\" class=\"aligncenter size-full wp-image-19372\" src=\"https:\/\/friendsmission.com\/wp-content\/uploads\/2020\/12\/2020-Constant-Contact-Banner_Sp.jpg\" alt=\"\" width=\"1600\" height=\"534\" srcset=\"https:\/\/friendsmission.com\/wp-content\/uploads\/2020\/12\/2020-Constant-Contact-Banner_Sp.jpg 1600w, https:\/\/friendsmission.com\/wp-content\/uploads\/2020\/12\/2020-Constant-Contact-Banner_Sp-300x100.jpg 300w, https:\/\/friendsmission.com\/wp-content\/uploads\/2020\/12\/2020-Constant-Contact-Banner_Sp-1024x342.jpg 1024w, https:\/\/friendsmission.com\/wp-content\/uploads\/2020\/12\/2020-Constant-Contact-Banner_Sp-768x256.jpg 768w, https:\/\/friendsmission.com\/wp-content\/uploads\/2020\/12\/2020-Constant-Contact-Banner_Sp-1536x513.jpg 1536w, https:\/\/friendsmission.com\/wp-content\/uploads\/2020\/12\/2020-Constant-Contact-Banner_Sp-600x200.jpg 600w\" sizes=\"auto, (max-width: 1600px) 100vw, 1600px\" \/><\/p>\n<h3><img loading=\"lazy\" decoding=\"async\" class=\"alignleft size-thumbnail wp-image-733\" src=\"https:\/\/friendsmission.com\/wp-content\/uploads\/2018\/08\/Give-icon-150x150.jpg\" alt=\"\" width=\"150\" height=\"150\" srcset=\"https:\/\/friendsmission.com\/wp-content\/uploads\/2018\/08\/Give-icon-150x150.jpg 150w, https:\/\/friendsmission.com\/wp-content\/uploads\/2018\/08\/Give-icon-100x100.jpg 100w, https:\/\/friendsmission.com\/wp-content\/uploads\/2018\/08\/Give-icon.jpg 300w\" sizes=\"auto, (max-width: 150px) 100vw, 150px\" \/>\u00a1Gracias por ofrendar a la Meta de Cinco A\u00f1os de EFM!<\/h3>\n<p>Los fondos donados ayudan a impulsar la Iniciativa Lucas 10 de EFM, particularmente a unirse con los Amigos en \u00c1frica, Asia y Am\u00e9rica Latina para visitar pueblos no alcanzados bajo la gu\u00eda del Esp\u00edritu Santo. Los fondos tambi\u00e9n pueden usarse para ayudar a las personas en los EE. UU. a cubrir los costos de los Viajes Lucas 10 cuando su recaudaci\u00f3n de fondos se este retrasando. No dudes en agregar notas para explicar cualquier preferencia sobre c\u00f3mo deseas que se use tu donaci\u00f3n en la Iniciativa Lucas 10.<\/p>\n<p>Por favor, tambi\u00e9n apoya financieramente al env\u00edo de personas de su iglesia, Regi\u00f3n Junta Anual para participar en las reuniones de los Grupos de Expertos de Lucas 10 y los Viajes Lucas 10. \u00a1Ayudar con los costos de los gastos de viaje es muy apreciado!<\/p>\n<p style=\"text-align: left;\"><a href=\"https:\/\/catalog.friendsmission.com\/five-year-goal\" target=\"_blank\" rel=\"noopener noreferrer\"><img loading=\"lazy\" decoding=\"async\" class=\"aligncenter wp-image-19415 size-medium\" src=\"https:\/\/friendsmission.com\/wp-content\/uploads\/2020\/12\/Five-Year-Goal-Give-Button-Spanish-300x75.jpg\" alt=\"\" width=\"300\" height=\"75\" srcset=\"https:\/\/friendsmission.com\/wp-content\/uploads\/2020\/12\/Five-Year-Goal-Give-Button-Spanish-300x75.jpg 300w, https:\/\/friendsmission.com\/wp-content\/uploads\/2020\/12\/Five-Year-Goal-Give-Button-Spanish-1024x256.jpg 1024w, https:\/\/friendsmission.com\/wp-content\/uploads\/2020\/12\/Five-Year-Goal-Give-Button-Spanish-768x192.jpg 768w, https:\/\/friendsmission.com\/wp-content\/uploads\/2020\/12\/Five-Year-Goal-Give-Button-Spanish-1536x384.jpg 1536w, https:\/\/friendsmission.com\/wp-content\/uploads\/2020\/12\/Five-Year-Goal-Give-Button-Spanish-600x150.jpg 600w, https:\/\/friendsmission.com\/wp-content\/uploads\/2020\/12\/Five-Year-Goal-Give-Button-Spanish.jpg 1667w\" sizes=\"auto, (max-width: 300px) 100vw, 300px\" \/><\/a><em>Desafortunadamente, nuestro formulario de donaciones en l\u00ednea solo est\u00e1 disponible en ingl\u00e9s en este momento. Sin embargo, si usted cambia la configuraci\u00f3n de idioma a espa\u00f1ol en su navegador, deber\u00eda traducir el formulario. Estamos trabajando para agregar un formulario de donaci\u00f3n en espa\u00f1ol pronto. Gracias por su paciencia y comprensi\u00f3n.<\/em><\/p>","protected":false},"excerpt":{"rendered":"<p>\u00a1Gracias por ofrendar a la Meta de Cinco A\u00f1os de EFM! Los fondos donados ayudan a impulsar la Iniciativa Lucas 10 de EFM, particularmente a unirse con los Amigos en \u00c1frica, Asia y Am\u00e9rica Latina para visitar pueblos no alcanzados bajo la gu\u00eda del Esp\u00edritu Santo. Los fondos tambi\u00e9n pueden usarse para ayudar a las [&hellip;]<\/p>","protected":false},"author":2,"featured_media":0,"parent":0,"menu_order":0,"comment_status":"closed","ping_status":"closed","template":"","meta":{"om_disable_all_campaigns":false,"_monsterinsights_skip_tracking":false,"_monsterinsights_sitenote_active":false,"_monsterinsights_sitenote_note":"","_monsterinsights_sitenote_category":0,"_uf_show_specific_survey":0,"_uf_disable_surveys":false,"_genesis_hide_title":false,"_genesis_hide_breadcrumbs":false,"_genesis_hide_singular_image":false,"_genesis_hide_footer_widgets":false,"_genesis_custom_body_class":"full","_genesis_custom_post_class":"","_genesis_layout":"","footnotes":"","_links_to":"","_links_to_target":""},"class_list":{"0":"post-19413","1":"page","2":"type-page","3":"status-publish","5":"entry","6":"has-post-thumbnail"},"aioseo_notices":[],"_links":{"self":[{"href":"https:\/\/friendsmission.com\/en\/wp-json\/wp\/v2\/pages\/19413","targetHints":{"allow":["GET"]}}],"collection":[{"href":"https:\/\/friendsmission.com\/en\/wp-json\/wp\/v2\/pages"}],"about":[{"href":"https:\/\/friendsmission.com\/en\/wp-json\/wp\/v2\/types\/page"}],"author":[{"embeddable":true,"href":"https:\/\/friendsmission.com\/en\/wp-json\/wp\/v2\/users\/2"}],"replies":[{"embeddable":true,"href":"https:\/\/friendsmission.com\/en\/wp-json\/wp\/v2\/comments?post=19413"}],"version-history":[{"count":4,"href":"https:\/\/friendsmission.com\/en\/wp-json\/wp\/v2\/pages\/19413\/revisions"}],"predecessor-version":[{"id":19418,"href":"https:\/\/friendsmission.com\/en\/wp-json\/wp\/v2\/pages\/19413\/revisions\/19418"}],"wp:attachment":[{"href":"https:\/\/friendsmission.com\/en\/wp-json\/wp\/v2\/media?parent=19413"}],"curies":[{"name":"wp","href":"https:\/\/api.w.org\/{rel}","templated":true}]}}