{"id":19403,"date":"2020-12-16T17:51:53","date_gmt":"2020-12-16T23:51:53","guid":{"rendered":"https:\/\/friendsmission.com\/?page_id=19403"},"modified":"2021-03-02T23:04:44","modified_gmt":"2021-03-03T05:04:44","slug":"orar","status":"publish","type":"page","link":"https:\/\/friendsmission.com\/en\/orar\/","title":{"rendered":"Meta de Cinco A\u00f1os | Orar"},"content":{"rendered":"<p><img loading=\"lazy\" decoding=\"async\" class=\"aligncenter size-full wp-image-19372\" src=\"https:\/\/friendsmission.com\/wp-content\/uploads\/2020\/12\/2020-Constant-Contact-Banner_Sp.jpg\" alt=\"\" width=\"1600\" height=\"534\" srcset=\"https:\/\/friendsmission.com\/wp-content\/uploads\/2020\/12\/2020-Constant-Contact-Banner_Sp.jpg 1600w, https:\/\/friendsmission.com\/wp-content\/uploads\/2020\/12\/2020-Constant-Contact-Banner_Sp-300x100.jpg 300w, https:\/\/friendsmission.com\/wp-content\/uploads\/2020\/12\/2020-Constant-Contact-Banner_Sp-1024x342.jpg 1024w, https:\/\/friendsmission.com\/wp-content\/uploads\/2020\/12\/2020-Constant-Contact-Banner_Sp-768x256.jpg 768w, https:\/\/friendsmission.com\/wp-content\/uploads\/2020\/12\/2020-Constant-Contact-Banner_Sp-1536x513.jpg 1536w, https:\/\/friendsmission.com\/wp-content\/uploads\/2020\/12\/2020-Constant-Contact-Banner_Sp-600x200.jpg 600w\" sizes=\"auto, (max-width: 1600px) 100vw, 1600px\" \/><\/p>\n<h3><img loading=\"lazy\" decoding=\"async\" class=\"alignleft wp-image-558 size-thumbnail\" src=\"https:\/\/friendsmission.com\/wp-content\/uploads\/2018\/07\/Praying-Hands-150x150.png\" alt=\"\" width=\"150\" height=\"150\" srcset=\"https:\/\/friendsmission.com\/wp-content\/uploads\/2018\/07\/Praying-Hands-150x150.png 150w, https:\/\/friendsmission.com\/wp-content\/uploads\/2018\/07\/Praying-Hands-300x300.png 300w, https:\/\/friendsmission.com\/wp-content\/uploads\/2018\/07\/Praying-Hands-100x100.png 100w\" sizes=\"auto, (max-width: 150px) 100vw, 150px\" \/>\u00a1Gracias por orar por la meta de cinco a\u00f1os de EFM!<\/h3>\n<p>\u00danase a nosotros el segundo jueves de cada mes de 10 a 11 a. M. PST para nuestra <strong><a href=\"https:\/\/friendsmission.com\/en\/reunion-de-oracion\/\" target=\"_blank\" rel=\"noopener noreferrer\">Reuni\u00f3n de Lucas 10:2<\/a><\/strong> a trav\u00e9s de Zoom en apoyo de la meta de cinco a\u00f1os de EFM. Si desea participar en este encuentro, puede inscribirse <a href=\"https:\/\/forms.office.com\/Pages\/ResponsePage.aspx?id=QJhAnJUk-Um0DXAbTsmoX4o62KKvoiZGryneRpMU_pZUNkE4T0VQNEk2MEE0M1czQVhWTzlMREFKQy4u\" target=\"_blank\" rel=\"noopener noreferrer\"><strong>aqu\u00ed<\/strong><\/a><strong>*<\/strong>. Recibir\u00e1 algunos puntos de oraci\u00f3n y el enlace para la reuni\u00f3n unos d\u00edas antes del evento. La traducci\u00f3n al espa\u00f1ol est\u00e1 disponible durante la reuni\u00f3n.<\/p>\n<p>Te invitamos a seguir las actualizaciones de alabanza y oraci\u00f3n para la meta de cinco a\u00f1os de EFM en la carta de oraci\u00f3n mensual de EFM. Si aun no recibes la carta de oraci\u00f3n, <a href=\"https:\/\/forms.office.com\/Pages\/ResponsePage.aspx?id=QJhAnJUk-Um0DXAbTsmoXwry0NRYUUVOskq1Ux_LSc1UM0dVTlNMREU5QkZHSFE5T1lDQlkyRDZCQy4u\" target=\"_blank\" rel=\"noopener noreferrer\"><strong>suscr\u00edbete aqu\u00ed<\/strong><\/a><strong>*<\/strong>.<\/p>\n<p>Si deseas hacernos saber que est\u00e1s orando regularmente por el cumplimiento de este objetivo y est\u00e1s abierto a otras oportunidades de oraci\u00f3n en apoyo a esta meta, haz <strong><a href=\"mailto:efmspanish@friendsmission.com\" target=\"_blank\" rel=\"noopener noreferrer\">clic aqu\u00ed<\/a><\/strong> y env\u00edanos un mensaje.<\/p>\n<p>Te invitamos a participar en los Grupos de Expertos de Lucas 10 regionales o nacionales donde puedes participar en la oraci\u00f3n activa, en escuchar y en el discernimiento. Comun\u00edcate con los l\u00edderes de misiones de tu Regi\u00f3n o Junta Anual \u00a0para obtener informaci\u00f3n. Tambi\u00e9n puede completar este <a href=\"https:\/\/forms.office.com\/Pages\/ResponsePage.aspx?id=QJhAnJUk-Um0DXAbTsmoX4o62KKvoiZGryneRpMU_pZUMUZPQTJQUTM1WUhOTUo5M08xUDFQV1RHWS4u\" target=\"_blank\" rel=\"noopener noreferrer\"><strong>formulario de la Iniciativa Lucas 10<\/strong><\/a><strong>*<\/strong> para expresar tus intereses.<\/p>\n<h5><strong>*<\/strong><span lang=\"es\">Haga clic en el cuadro en la esquina superior derecha para cambiar el idioma a espa\u00f1ol.<\/span><\/h5>","protected":false},"excerpt":{"rendered":"<p>\u00a1Gracias por orar por la meta de cinco a\u00f1os de EFM! \u00danase a nosotros el segundo jueves de cada mes de 10 a 11 a. M. PST para nuestra Reuni\u00f3n de Lucas 10:2 a trav\u00e9s de Zoom en apoyo de la meta de cinco a\u00f1os de EFM. Si desea participar en este encuentro, puede inscribirse [&hellip;]<\/p>","protected":false},"author":2,"featured_media":0,"parent":0,"menu_order":0,"comment_status":"closed","ping_status":"closed","template":"","meta":{"om_disable_all_campaigns":false,"_monsterinsights_skip_tracking":false,"_monsterinsights_sitenote_active":false,"_monsterinsights_sitenote_note":"","_monsterinsights_sitenote_category":0,"_uf_show_specific_survey":0,"_uf_disable_surveys":false,"_genesis_hide_title":false,"_genesis_hide_breadcrumbs":false,"_genesis_hide_singular_image":false,"_genesis_hide_footer_widgets":false,"_genesis_custom_body_class":"full","_genesis_custom_post_class":"","_genesis_layout":"","footnotes":"","_links_to":"","_links_to_target":""},"class_list":{"0":"post-19403","1":"page","2":"type-page","3":"status-publish","5":"entry"},"aioseo_notices":[],"_links":{"self":[{"href":"https:\/\/friendsmission.com\/en\/wp-json\/wp\/v2\/pages\/19403","targetHints":{"allow":["GET"]}}],"collection":[{"href":"https:\/\/friendsmission.com\/en\/wp-json\/wp\/v2\/pages"}],"about":[{"href":"https:\/\/friendsmission.com\/en\/wp-json\/wp\/v2\/types\/page"}],"author":[{"embeddable":true,"href":"https:\/\/friendsmission.com\/en\/wp-json\/wp\/v2\/users\/2"}],"replies":[{"embeddable":true,"href":"https:\/\/friendsmission.com\/en\/wp-json\/wp\/v2\/comments?post=19403"}],"version-history":[{"count":10,"href":"https:\/\/friendsmission.com\/en\/wp-json\/wp\/v2\/pages\/19403\/revisions"}],"predecessor-version":[{"id":19941,"href":"https:\/\/friendsmission.com\/en\/wp-json\/wp\/v2\/pages\/19403\/revisions\/19941"}],"wp:attachment":[{"href":"https:\/\/friendsmission.com\/en\/wp-json\/wp\/v2\/media?parent=19403"}],"curies":[{"name":"wp","href":"https:\/\/api.w.org\/{rel}","templated":true}]}}