{"id":19379,"date":"2020-12-16T17:13:44","date_gmt":"2020-12-16T23:13:44","guid":{"rendered":"https:\/\/friendsmission.com\/?page_id=19379"},"modified":"2021-03-11T16:10:50","modified_gmt":"2021-03-11T22:10:50","slug":"participantes","status":"publish","type":"page","link":"https:\/\/friendsmission.com\/en\/participantes\/","title":{"rendered":"Meta de Cinco A\u00f1os | Cuatro Tipos de Participantes"},"content":{"rendered":"<p><img loading=\"lazy\" decoding=\"async\" class=\"aligncenter size-full wp-image-19372\" src=\"https:\/\/friendsmission.com\/wp-content\/uploads\/2020\/12\/2020-Constant-Contact-Banner_Sp.jpg\" alt=\"\" width=\"1600\" height=\"534\" srcset=\"https:\/\/friendsmission.com\/wp-content\/uploads\/2020\/12\/2020-Constant-Contact-Banner_Sp.jpg 1600w, https:\/\/friendsmission.com\/wp-content\/uploads\/2020\/12\/2020-Constant-Contact-Banner_Sp-300x100.jpg 300w, https:\/\/friendsmission.com\/wp-content\/uploads\/2020\/12\/2020-Constant-Contact-Banner_Sp-1024x342.jpg 1024w, https:\/\/friendsmission.com\/wp-content\/uploads\/2020\/12\/2020-Constant-Contact-Banner_Sp-768x256.jpg 768w, https:\/\/friendsmission.com\/wp-content\/uploads\/2020\/12\/2020-Constant-Contact-Banner_Sp-1536x513.jpg 1536w, https:\/\/friendsmission.com\/wp-content\/uploads\/2020\/12\/2020-Constant-Contact-Banner_Sp-600x200.jpg 600w\" sizes=\"auto, (max-width: 1600px) 100vw, 1600px\" \/><\/p>\n<table>\n<tbody>\n<tr>\n<td><img loading=\"lazy\" decoding=\"async\" class=\"aligncenter wp-image-19955\" src=\"https:\/\/friendsmission.com\/wp-content\/uploads\/2021\/03\/Luke-10-Square-Spanish.jpg\" alt=\"\" width=\"1200\" height=\"1200\" srcset=\"https:\/\/friendsmission.com\/wp-content\/uploads\/2021\/03\/Luke-10-Square-Spanish.jpg 2400w, https:\/\/friendsmission.com\/wp-content\/uploads\/2021\/03\/Luke-10-Square-Spanish-300x300.jpg 300w, https:\/\/friendsmission.com\/wp-content\/uploads\/2021\/03\/Luke-10-Square-Spanish-1024x1024.jpg 1024w, https:\/\/friendsmission.com\/wp-content\/uploads\/2021\/03\/Luke-10-Square-Spanish-150x150.jpg 150w, https:\/\/friendsmission.com\/wp-content\/uploads\/2021\/03\/Luke-10-Square-Spanish-768x768.jpg 768w, https:\/\/friendsmission.com\/wp-content\/uploads\/2021\/03\/Luke-10-Square-Spanish-1536x1536.jpg 1536w, https:\/\/friendsmission.com\/wp-content\/uploads\/2021\/03\/Luke-10-Square-Spanish-2048x2048.jpg 2048w, https:\/\/friendsmission.com\/wp-content\/uploads\/2021\/03\/Luke-10-Square-Spanish-600x600.jpg 600w, https:\/\/friendsmission.com\/wp-content\/uploads\/2021\/03\/Luke-10-Square-Spanish-100x100.jpg 100w\" sizes=\"auto, (max-width: 1200px) 100vw, 1200px\" \/><\/td>\n<td>\n<ol>\n<li><strong>Futuros Misioneros<\/strong>. Estas son personas que quiz\u00e1s ya se sientan guiadas a convertirse en misioneros de carrera o simplemente est\u00e1n explorando la idea y est\u00e1n abiertos a dar los pr\u00f3ximos pasos. Estos pr\u00f3ximos pasos podr\u00edan incluir participar en el Grupo de Expertos de Lucas 10 o un viaje Lucas 10, o visitar un campo misionero existente (o m\u00e1s de un campo).<\/li>\n<li><strong>Personas con Experiencia en Misiones<\/strong>. Estas son personas que han servido como misioneros a corto o largo plazo o que tienen una amplia participaci\u00f3n en misiones y trabajo transcultural.<\/li>\n<li><strong>L\u00edderes Influyentes de la Iglesia<\/strong>. Se trata de personas a nivel de iglesia local y \/ o regional que sienten pasi\u00f3n por las misiones, conocidas por su capacidad para discernir la voluntad del Se\u00f1or y que est\u00e1n ansiosas por ayudar a guiar a su (s) iglesia (s) a participar activamente en esta meta de cinco a\u00f1os.<\/li>\n<li>La <strong>Voz de Amigos de Otros Continentes<\/strong>. Las \u00e1reas del mundo donde las iglesias de los Amigos Evang\u00e9licos se est\u00e1n multiplicando m\u00e1s r\u00e1pidamente son Am\u00e9rica Latina, Asia y \u00c1frica. No solo necesitamos escuchar sus perspectivas cuando consideramos posibles campos nuevos en sus regiones del mundo, sino que tambi\u00e9n podemos encontrarnos uniendo fuerzas con ellos para lanzar estos nuevos campos.<\/li>\n<\/ol>\n<\/td>\n<\/tr>\n<\/tbody>\n<\/table>\n<p>&nbsp;<\/p>","protected":false},"excerpt":{"rendered":"<p>Futuros Misioneros. Estas son personas que quiz\u00e1s ya se sientan guiadas a convertirse en misioneros de carrera o simplemente est\u00e1n explorando la idea y est\u00e1n abiertos a dar los pr\u00f3ximos pasos. Estos pr\u00f3ximos pasos podr\u00edan incluir participar en el Grupo de Expertos de Lucas 10 o un viaje Lucas 10, o visitar un campo misionero [&hellip;]<\/p>","protected":false},"author":2,"featured_media":0,"parent":0,"menu_order":0,"comment_status":"closed","ping_status":"closed","template":"","meta":{"om_disable_all_campaigns":false,"_monsterinsights_skip_tracking":false,"_monsterinsights_sitenote_active":false,"_monsterinsights_sitenote_note":"","_monsterinsights_sitenote_category":0,"_uf_show_specific_survey":0,"_uf_disable_surveys":false,"_genesis_hide_title":false,"_genesis_hide_breadcrumbs":false,"_genesis_hide_singular_image":false,"_genesis_hide_footer_widgets":false,"_genesis_custom_body_class":"full","_genesis_custom_post_class":"","_genesis_layout":"","footnotes":"","_links_to":"","_links_to_target":""},"class_list":{"0":"post-19379","1":"page","2":"type-page","3":"status-publish","5":"entry"},"aioseo_notices":[],"_links":{"self":[{"href":"https:\/\/friendsmission.com\/en\/wp-json\/wp\/v2\/pages\/19379","targetHints":{"allow":["GET"]}}],"collection":[{"href":"https:\/\/friendsmission.com\/en\/wp-json\/wp\/v2\/pages"}],"about":[{"href":"https:\/\/friendsmission.com\/en\/wp-json\/wp\/v2\/types\/page"}],"author":[{"embeddable":true,"href":"https:\/\/friendsmission.com\/en\/wp-json\/wp\/v2\/users\/2"}],"replies":[{"embeddable":true,"href":"https:\/\/friendsmission.com\/en\/wp-json\/wp\/v2\/comments?post=19379"}],"version-history":[{"count":6,"href":"https:\/\/friendsmission.com\/en\/wp-json\/wp\/v2\/pages\/19379\/revisions"}],"predecessor-version":[{"id":19969,"href":"https:\/\/friendsmission.com\/en\/wp-json\/wp\/v2\/pages\/19379\/revisions\/19969"}],"wp:attachment":[{"href":"https:\/\/friendsmission.com\/en\/wp-json\/wp\/v2\/media?parent=19379"}],"curies":[{"name":"wp","href":"https:\/\/api.w.org\/{rel}","templated":true}]}}