{"id":19370,"date":"2020-12-16T17:05:51","date_gmt":"2020-12-16T23:05:51","guid":{"rendered":"https:\/\/friendsmission.com\/?page_id=19370"},"modified":"2022-08-08T16:57:04","modified_gmt":"2022-08-08T22:57:04","slug":"meta-de-cinco-anos","status":"publish","type":"page","link":"https:\/\/friendsmission.com\/en\/meta-de-cinco-anos\/","title":{"rendered":"Meta de Cinco A\u00f1os"},"content":{"rendered":"<p><a href=\"https:\/\/friendsmission.com\/en\/five-year-goal\/\" target=\"_blank\" rel=\"noopener noreferrer\"><img loading=\"lazy\" decoding=\"async\" class=\"wp-image-19436 size-medium aligncenter\" src=\"https:\/\/friendsmission.com\/wp-content\/uploads\/2020\/12\/English-Button-300x75.jpg\" alt=\"\" width=\"300\" height=\"75\" srcset=\"https:\/\/friendsmission.com\/wp-content\/uploads\/2020\/12\/English-Button-300x75.jpg 300w, https:\/\/friendsmission.com\/wp-content\/uploads\/2020\/12\/English-Button-1024x256.jpg 1024w, https:\/\/friendsmission.com\/wp-content\/uploads\/2020\/12\/English-Button-768x192.jpg 768w, https:\/\/friendsmission.com\/wp-content\/uploads\/2020\/12\/English-Button-1536x384.jpg 1536w, https:\/\/friendsmission.com\/wp-content\/uploads\/2020\/12\/English-Button-600x150.jpg 600w, https:\/\/friendsmission.com\/wp-content\/uploads\/2020\/12\/English-Button.jpg 1667w\" sizes=\"auto, (max-width: 300px) 100vw, 300px\" \/><\/a><\/p>\n<p><img loading=\"lazy\" decoding=\"async\" class=\"aligncenter size-full wp-image-19372\" src=\"https:\/\/friendsmission.com\/wp-content\/uploads\/2020\/12\/2020-Constant-Contact-Banner_Sp.jpg\" alt=\"\" width=\"1600\" height=\"534\" srcset=\"https:\/\/friendsmission.com\/wp-content\/uploads\/2020\/12\/2020-Constant-Contact-Banner_Sp.jpg 1600w, https:\/\/friendsmission.com\/wp-content\/uploads\/2020\/12\/2020-Constant-Contact-Banner_Sp-300x100.jpg 300w, https:\/\/friendsmission.com\/wp-content\/uploads\/2020\/12\/2020-Constant-Contact-Banner_Sp-1024x342.jpg 1024w, https:\/\/friendsmission.com\/wp-content\/uploads\/2020\/12\/2020-Constant-Contact-Banner_Sp-768x256.jpg 768w, https:\/\/friendsmission.com\/wp-content\/uploads\/2020\/12\/2020-Constant-Contact-Banner_Sp-1536x513.jpg 1536w, https:\/\/friendsmission.com\/wp-content\/uploads\/2020\/12\/2020-Constant-Contact-Banner_Sp-600x200.jpg 600w\" sizes=\"auto, (max-width: 1600px) 100vw, 1600px\" \/><img loading=\"lazy\" decoding=\"async\" class=\"aligncenter size-full wp-image-19373\" src=\"https:\/\/friendsmission.com\/wp-content\/uploads\/2020\/12\/Five-Year-Goal-Website-Spanish.jpg\" alt=\"\" width=\"1600\" height=\"400\" srcset=\"https:\/\/friendsmission.com\/wp-content\/uploads\/2020\/12\/Five-Year-Goal-Website-Spanish.jpg 1600w, https:\/\/friendsmission.com\/wp-content\/uploads\/2020\/12\/Five-Year-Goal-Website-Spanish-300x75.jpg 300w, https:\/\/friendsmission.com\/wp-content\/uploads\/2020\/12\/Five-Year-Goal-Website-Spanish-1024x256.jpg 1024w, https:\/\/friendsmission.com\/wp-content\/uploads\/2020\/12\/Five-Year-Goal-Website-Spanish-768x192.jpg 768w, https:\/\/friendsmission.com\/wp-content\/uploads\/2020\/12\/Five-Year-Goal-Website-Spanish-1536x384.jpg 1536w, https:\/\/friendsmission.com\/wp-content\/uploads\/2020\/12\/Five-Year-Goal-Website-Spanish-600x150.jpg 600w\" sizes=\"auto, (max-width: 1600px) 100vw, 1600px\" \/><\/p>\n<h2 style=\"text-align: center;\">\u00a1Ver Nuestro Video\u00a1<\/h2>\n<table>\n<tbody>\n<tr>\n<td style=\"text-align: center;\"><iframe loading=\"lazy\" title=\"YouTube video player\" src=\"https:\/\/www.youtube.com\/embed\/a1hVsBo0V5U\" width=\"560\" height=\"315\" frameborder=\"0\" allowfullscreen=\"allowfullscreen\"><\/iframe><\/td>\n<\/tr>\n<\/tbody>\n<\/table>\n<p style=\"text-align: center;\">Encuentra aqu\u00ed la versi\u00f3n de 3 minutos y la versi\u00f3n de 90 segundos de los <strong><a href=\"https:\/\/friendsmission.com\/en\/videos-espanol\/\" target=\"_blank\" rel=\"noopener noreferrer\">Videos de EFM Sobre la Meta de Cinco A\u00f1os<\/a>. <\/strong>Ambas versiones est\u00e1n disponibles con y sin subt\u00edtulos en espa\u00f1ol.<\/p>\n<p>\u00bfC\u00f3mo determinar\u00e1 EFM d\u00f3nde se iniciar\u00e1n los cinco nuevos campos? Principalmente a trav\u00e9s de la <a href=\"https:\/\/youtu.be\/CFco5qnSiSo\" target=\"_blank\" rel=\"noopener noreferrer\"><strong>Iniciativa Lucas 10<\/strong><\/a>. EFM depende de que las Regiones, Junta Anuales, iglesias e individuos, a los que EFM sirve como agencia misionera, se comprometan en este proceso de discernimiento. La Iniciativa Lucas 10 requiere <a href=\"https:\/\/friendsmission.com\/en\/participantes\/\" target=\"_blank\" rel=\"noopener noreferrer\"><strong>Cuatro Tipos de Participantes<\/strong><\/a> que se juntar\u00e1n para ser <a href=\"https:\/\/friendsmission.com\/en\/lucas-10\/\" target=\"_blank\" rel=\"noopener noreferrer\"><strong>Grupos de Expertos de Lucas 10<\/strong><\/a> y as\u00ed discernir, basados en los criterios de <strong><a href=\"https:\/\/friendsmission.com\/en\/poder-ir\/\" target=\"_blank\" rel=\"noopener noreferrer\">EFM CAN GO-Poder Ir<\/a>,<\/strong> qu\u00e9 ubicaciones y grupos de personas visitar a trav\u00e9s de viajes de exploraci\u00f3n llamados <a href=\"https:\/\/friendsmission.com\/en\/viajes-lucas-10\/\" target=\"_blank\" rel=\"noopener noreferrer\"><strong>Viajes Lucas 10<\/strong><\/a>. De estos viajes vendr\u00e1n recomendaciones a la Junta Directiva de EFM acerca de d\u00f3nde iniciar nuevos campos.<\/p>\n<table>\n<tbody>\n<tr>\n<td style=\"text-align: center;\"><img loading=\"lazy\" decoding=\"async\" class=\"aligncenter wp-image-558\" src=\"https:\/\/friendsmission.com\/wp-content\/uploads\/2018\/07\/Praying-Hands-150x150.png\" alt=\"\" width=\"100\" height=\"102\" srcset=\"https:\/\/friendsmission.com\/wp-content\/uploads\/2018\/07\/Praying-Hands-600x614.png 600w, https:\/\/friendsmission.com\/wp-content\/uploads\/2018\/07\/Praying-Hands-293x300.png 293w, https:\/\/friendsmission.com\/wp-content\/uploads\/2018\/07\/Praying-Hands-768x786.png 768w, https:\/\/friendsmission.com\/wp-content\/uploads\/2018\/07\/Praying-Hands.png 1000w\" sizes=\"auto, (max-width: 100px) 100vw, 100px\" \/><\/p>\n<h4><a href=\"https:\/\/friendsmission.com\/en\/orar\/\" target=\"_blank\" rel=\"noopener noreferrer\"><strong>ORAR<\/strong><\/a><\/h4>\n<p>Por la Meta de 5 A\u00f1os<\/td>\n<td><img loading=\"lazy\" decoding=\"async\" class=\"aligncenter wp-image-733\" src=\"https:\/\/friendsmission.com\/wp-content\/uploads\/2018\/08\/Give-icon-150x150.jpg\" alt=\"\" width=\"100\" height=\"100\" srcset=\"https:\/\/friendsmission.com\/wp-content\/uploads\/2018\/08\/Give-icon-150x150.jpg 150w, https:\/\/friendsmission.com\/wp-content\/uploads\/2018\/08\/Give-icon-100x100.jpg 100w, https:\/\/friendsmission.com\/wp-content\/uploads\/2018\/08\/Give-icon.jpg 300w\" sizes=\"auto, (max-width: 100px) 100vw, 100px\" \/><\/p>\n<h4 style=\"text-align: center;\"><a href=\"https:\/\/friendsmission.com\/en\/dar\/\" target=\"_blank\" rel=\"noopener noreferrer\"><strong>DAR<\/strong><\/a><\/h4>\n<p style=\"text-align: center;\">A la Meta de 5 A\u00f1os<\/p>\n<\/td>\n<td><img loading=\"lazy\" decoding=\"async\" class=\"aligncenter wp-image-631\" src=\"https:\/\/friendsmission.com\/wp-content\/uploads\/2018\/08\/Arrow-150x150.png\" alt=\"\" width=\"100\" height=\"100\" srcset=\"https:\/\/friendsmission.com\/wp-content\/uploads\/2018\/08\/Arrow-150x150.png 150w, https:\/\/friendsmission.com\/wp-content\/uploads\/2018\/08\/Arrow-100x100.png 100w, https:\/\/friendsmission.com\/wp-content\/uploads\/2018\/08\/Arrow.png 300w\" sizes=\"auto, (max-width: 100px) 100vw, 100px\" \/><\/p>\n<h4 style=\"text-align: center;\"><a href=\"https:\/\/friendsmission.com\/en\/ir\/\" target=\"_blank\" rel=\"noopener noreferrer\"><strong>IR<\/strong><\/a><\/h4>\n<p style=\"text-align: center;\">A la Meta de 5 A\u00f1os<\/p>\n<\/td>\n<\/tr>\n<\/tbody>\n<\/table>\n<blockquote><p>Seg\u00fan el proyecto Joshua, hay m\u00e1s de 7,000 grupos de personas en donde una parte significativa de su gente no han tenido la oportunidad de escuchar las buenas nuevas de Jesucristo o que no han tenido suficientes disc\u00edpulos para llegar al resto de su grupo. \u00a1Eso es aproximadamente 3.230 millones o el 41.6% de la poblaci\u00f3n mundial! Necesitamos que los misioneros vivan entre ellos, compartiendo las buenas nuevas, hablando de la Palabra, en obra y haciendo disc\u00edpulos. En efecto, la cosecha es abundante y los trabajadores pocos. \u00bfQu\u00e9 le har\u00eda hacer el Se\u00f1or de la cosecha a EFM con respecto a la falta de trabajadores?<\/p><\/blockquote>","protected":false},"excerpt":{"rendered":"<p>\u00a1Ver Nuestro Video\u00a1 Encuentra aqu\u00ed la versi\u00f3n de 3 minutos y la versi\u00f3n de 90 segundos de los Videos de EFM Sobre la Meta de Cinco A\u00f1os. Ambas versiones est\u00e1n disponibles con y sin subt\u00edtulos en espa\u00f1ol. \u00bfC\u00f3mo determinar\u00e1 EFM d\u00f3nde se iniciar\u00e1n los cinco nuevos campos? Principalmente a trav\u00e9s de la Iniciativa Lucas 10. [&hellip;]<\/p>","protected":false},"author":2,"featured_media":0,"parent":0,"menu_order":0,"comment_status":"closed","ping_status":"closed","template":"","meta":{"om_disable_all_campaigns":false,"_monsterinsights_skip_tracking":false,"_monsterinsights_sitenote_active":false,"_monsterinsights_sitenote_note":"","_monsterinsights_sitenote_category":0,"_uf_show_specific_survey":0,"_uf_disable_surveys":false,"_genesis_hide_title":false,"_genesis_hide_breadcrumbs":false,"_genesis_hide_singular_image":false,"_genesis_hide_footer_widgets":false,"_genesis_custom_body_class":"full","_genesis_custom_post_class":"","_genesis_layout":"","footnotes":"","_links_to":"","_links_to_target":""},"class_list":{"0":"post-19370","1":"page","2":"type-page","3":"status-publish","5":"entry","6":"has-post-thumbnail"},"aioseo_notices":[],"_links":{"self":[{"href":"https:\/\/friendsmission.com\/en\/wp-json\/wp\/v2\/pages\/19370","targetHints":{"allow":["GET"]}}],"collection":[{"href":"https:\/\/friendsmission.com\/en\/wp-json\/wp\/v2\/pages"}],"about":[{"href":"https:\/\/friendsmission.com\/en\/wp-json\/wp\/v2\/types\/page"}],"author":[{"embeddable":true,"href":"https:\/\/friendsmission.com\/en\/wp-json\/wp\/v2\/users\/2"}],"replies":[{"embeddable":true,"href":"https:\/\/friendsmission.com\/en\/wp-json\/wp\/v2\/comments?post=19370"}],"version-history":[{"count":18,"href":"https:\/\/friendsmission.com\/en\/wp-json\/wp\/v2\/pages\/19370\/revisions"}],"predecessor-version":[{"id":23110,"href":"https:\/\/friendsmission.com\/en\/wp-json\/wp\/v2\/pages\/19370\/revisions\/23110"}],"wp:attachment":[{"href":"https:\/\/friendsmission.com\/en\/wp-json\/wp\/v2\/media?parent=19370"}],"curies":[{"name":"wp","href":"https:\/\/api.w.org\/{rel}","templated":true}]}}