{"id":20190,"date":"2021-04-27T14:29:32","date_gmt":"2021-04-27T20:29:32","guid":{"rendered":"https:\/\/friendsmission.com\/?page_id=20190"},"modified":"2021-06-08T11:32:06","modified_gmt":"2021-06-08T17:32:06","slug":"ninos","status":"publish","type":"page","link":"http:\/\/friendsmission.com\/es\/ninos\/","title":{"rendered":""},"content":{"rendered":"<p><img loading=\"lazy\" decoding=\"async\" class=\"aligncenter wp-image-20366 size-full\" src=\"https:\/\/friendsmission.com\/wp-content\/uploads\/2021\/06\/From-Seed-to-Harvest-CC-Banner-Sp.jpg\" alt=\"\" width=\"1920\" height=\"600\" srcset=\"https:\/\/friendsmission.com\/wp-content\/uploads\/2021\/06\/From-Seed-to-Harvest-CC-Banner-Sp.jpg 1920w, https:\/\/friendsmission.com\/wp-content\/uploads\/2021\/06\/From-Seed-to-Harvest-CC-Banner-Sp-300x94.jpg 300w, https:\/\/friendsmission.com\/wp-content\/uploads\/2021\/06\/From-Seed-to-Harvest-CC-Banner-Sp-1024x320.jpg 1024w, https:\/\/friendsmission.com\/wp-content\/uploads\/2021\/06\/From-Seed-to-Harvest-CC-Banner-Sp-768x240.jpg 768w, https:\/\/friendsmission.com\/wp-content\/uploads\/2021\/06\/From-Seed-to-Harvest-CC-Banner-Sp-1536x480.jpg 1536w, https:\/\/friendsmission.com\/wp-content\/uploads\/2021\/06\/From-Seed-to-Harvest-CC-Banner-Sp-600x188.jpg 600w\" sizes=\"auto, (max-width: 1920px) 100vw, 1920px\" \/><\/p>\n<h2 style=\"text-align: center;\"><a href=\"https:\/\/catalog.friendsmission.com\/proyectos-de-misiones-ninos-2021\" target=\"_blank\" rel=\"noopener noreferrer\"><img loading=\"lazy\" decoding=\"async\" class=\"aligncenter wp-image-20374 size-medium\" src=\"https:\/\/friendsmission.com\/wp-content\/uploads\/2021\/06\/Go-Projects-Button-Spanish-300x75.jpg\" alt=\"\" width=\"300\" height=\"75\" srcset=\"https:\/\/friendsmission.com\/wp-content\/uploads\/2021\/06\/Go-Projects-Button-Spanish-300x75.jpg 300w, https:\/\/friendsmission.com\/wp-content\/uploads\/2021\/06\/Go-Projects-Button-Spanish-1024x256.jpg 1024w, https:\/\/friendsmission.com\/wp-content\/uploads\/2021\/06\/Go-Projects-Button-Spanish-768x192.jpg 768w, https:\/\/friendsmission.com\/wp-content\/uploads\/2021\/06\/Go-Projects-Button-Spanish-1536x384.jpg 1536w, https:\/\/friendsmission.com\/wp-content\/uploads\/2021\/06\/Go-Projects-Button-Spanish-600x150.jpg 600w, https:\/\/friendsmission.com\/wp-content\/uploads\/2021\/06\/Go-Projects-Button-Spanish.jpg 1667w\" sizes=\"auto, (max-width: 300px) 100vw, 300px\" \/><\/a><\/h2>\n<table>\n<tbody>\n<tr>\n<td><a href=\"https:\/\/friendsmission.com\/wp-content\/uploads\/2021\/06\/Childrens-Missions-Focus_Spanish-Secured.pdf\" target=\"_blank\" rel=\"noopener noreferrer\"><img loading=\"lazy\" decoding=\"async\" class=\"aligncenter wp-image-20370 size-medium\" src=\"https:\/\/friendsmission.com\/wp-content\/uploads\/2021\/06\/Download-Lessons-Spanish-300x75.jpg\" alt=\"\" width=\"300\" height=\"75\" srcset=\"https:\/\/friendsmission.com\/wp-content\/uploads\/2021\/06\/Download-Lessons-Spanish-300x75.jpg 300w, https:\/\/friendsmission.com\/wp-content\/uploads\/2021\/06\/Download-Lessons-Spanish-1024x256.jpg 1024w, https:\/\/friendsmission.com\/wp-content\/uploads\/2021\/06\/Download-Lessons-Spanish-768x192.jpg 768w, https:\/\/friendsmission.com\/wp-content\/uploads\/2021\/06\/Download-Lessons-Spanish-1536x384.jpg 1536w, https:\/\/friendsmission.com\/wp-content\/uploads\/2021\/06\/Download-Lessons-Spanish-600x150.jpg 600w, https:\/\/friendsmission.com\/wp-content\/uploads\/2021\/06\/Download-Lessons-Spanish.jpg 1667w\" sizes=\"auto, (max-width: 300px) 100vw, 300px\" \/><\/a><\/td>\n<td><a href=\"https:\/\/friendsmission.com\/wp-content\/uploads\/2021\/06\/Childrens-Missions-Focus_Spanish-Secured-Supplemental.pdf\" target=\"_blank\" rel=\"noopener noreferrer\"><img loading=\"lazy\" decoding=\"async\" class=\"aligncenter wp-image-20372 size-medium\" src=\"https:\/\/friendsmission.com\/wp-content\/uploads\/2021\/06\/Download-Supplemental-Spanish-300x75.jpg\" alt=\"\" width=\"300\" height=\"75\" srcset=\"https:\/\/friendsmission.com\/wp-content\/uploads\/2021\/06\/Download-Supplemental-Spanish-300x75.jpg 300w, https:\/\/friendsmission.com\/wp-content\/uploads\/2021\/06\/Download-Supplemental-Spanish-1024x256.jpg 1024w, https:\/\/friendsmission.com\/wp-content\/uploads\/2021\/06\/Download-Supplemental-Spanish-768x192.jpg 768w, https:\/\/friendsmission.com\/wp-content\/uploads\/2021\/06\/Download-Supplemental-Spanish-1536x384.jpg 1536w, https:\/\/friendsmission.com\/wp-content\/uploads\/2021\/06\/Download-Supplemental-Spanish-600x150.jpg 600w, https:\/\/friendsmission.com\/wp-content\/uploads\/2021\/06\/Download-Supplemental-Spanish.jpg 1667w\" sizes=\"auto, (max-width: 300px) 100vw, 300px\" \/><\/a><\/td>\n<\/tr>\n<tr>\n<td><a href=\"https:\/\/friendsmission.com\/wp-content\/uploads\/2021\/06\/2021-Childrens-Missions-Poster_Sp.pdf\" target=\"_blank\" rel=\"noopener noreferrer\"><img loading=\"lazy\" decoding=\"async\" class=\"aligncenter wp-image-20371 size-medium\" src=\"https:\/\/friendsmission.com\/wp-content\/uploads\/2021\/06\/Download-Poster-Spanish-300x75.jpg\" alt=\"\" width=\"300\" height=\"75\" srcset=\"https:\/\/friendsmission.com\/wp-content\/uploads\/2021\/06\/Download-Poster-Spanish-300x75.jpg 300w, https:\/\/friendsmission.com\/wp-content\/uploads\/2021\/06\/Download-Poster-Spanish-1024x256.jpg 1024w, https:\/\/friendsmission.com\/wp-content\/uploads\/2021\/06\/Download-Poster-Spanish-768x192.jpg 768w, https:\/\/friendsmission.com\/wp-content\/uploads\/2021\/06\/Download-Poster-Spanish-1536x384.jpg 1536w, https:\/\/friendsmission.com\/wp-content\/uploads\/2021\/06\/Download-Poster-Spanish-600x150.jpg 600w, https:\/\/friendsmission.com\/wp-content\/uploads\/2021\/06\/Download-Poster-Spanish.jpg 1667w\" sizes=\"auto, (max-width: 300px) 100vw, 300px\" \/><\/a><\/td>\n<td><a href=\"https:\/\/friendsmission.com\/wp-content\/uploads\/2021\/06\/2021-EFM-Misiones-Infantiles-Enfoque-Llevar-a-Casa.pdf\" target=\"_blank\" rel=\"noopener noreferrer\"><img loading=\"lazy\" decoding=\"async\" class=\"aligncenter wp-image-20373 size-medium\" src=\"https:\/\/friendsmission.com\/wp-content\/uploads\/2021\/06\/Download-Takehome-Spanish-300x75.jpg\" alt=\"\" width=\"300\" height=\"75\" srcset=\"https:\/\/friendsmission.com\/wp-content\/uploads\/2021\/06\/Download-Takehome-Spanish-300x75.jpg 300w, https:\/\/friendsmission.com\/wp-content\/uploads\/2021\/06\/Download-Takehome-Spanish-1024x256.jpg 1024w, https:\/\/friendsmission.com\/wp-content\/uploads\/2021\/06\/Download-Takehome-Spanish-768x192.jpg 768w, https:\/\/friendsmission.com\/wp-content\/uploads\/2021\/06\/Download-Takehome-Spanish-1536x384.jpg 1536w, https:\/\/friendsmission.com\/wp-content\/uploads\/2021\/06\/Download-Takehome-Spanish-600x150.jpg 600w, https:\/\/friendsmission.com\/wp-content\/uploads\/2021\/06\/Download-Takehome-Spanish.jpg 1667w\" sizes=\"auto, (max-width: 300px) 100vw, 300px\" \/><\/a><\/td>\n<\/tr>\n<\/tbody>\n<\/table>\n<p>Estimados Maestros de ni\u00f1os, Pastores y L\u00edderes,<\/p>\n<p>Desde que yo era ni\u00f1o me ha fascinado la historia de William Abel, un nativo americano de la Iglesia de los Amigos que en 1919 dej\u00f3 el sur de California y viaj\u00f3 a La Paz, Bolivia, para comenzar a alcanzar con el Evangelio a un grupo de nativos americanos llamado los Aymaras. A pesar de que su ministerio all\u00ed fue muy corto, se convirti\u00f3 en la semilla que produjo a un gran grupo de iglesias de los Amigos en Bolivia llamado Iglesia Nacional Evang\u00e9lica Los Amigos.<\/p>\n<p><img loading=\"lazy\" decoding=\"async\" class=\"size-medium wp-image-20299 alignleft\" src=\"https:\/\/friendsmission.com\/wp-content\/uploads\/2021\/05\/William-Abel-216x300.jpg\" alt=\"\" width=\"216\" height=\"300\" srcset=\"https:\/\/friendsmission.com\/wp-content\/uploads\/2021\/05\/William-Abel-216x300.jpg 216w, https:\/\/friendsmission.com\/wp-content\/uploads\/2021\/05\/William-Abel.jpg 373w\" sizes=\"auto, (max-width: 216px) 100vw, 216px\" \/>Hay dos vers\u00edculos en el cap\u00edtulo 12 de Juan que describen muy bien la vida y el ministerio de William. Aqu\u00ed est\u00e1n en la versi\u00f3n de la Biblia llamada Dios Habla Hoy: \u201c\u2026 Les aseguro que, si el grano de trigo al caer en tierra no muere, queda \u00e9l solo; pero si muere, da abundante cosecha. El que ama su vida la perder\u00e1; pero el que desprecia su vida en este mundo, la conservar\u00e1 para la vida eterna &#8220;.<\/p>\n<p>Las lecciones para el Enfoque de Misiones para Ni\u00f1os de este a\u00f1o cuentan la historia de William Abel y explican el significado de Juan 12:24-25 para nuestras propias vidas y ministerios. Este material est\u00e1 dise\u00f1ado especialmente para ni\u00f1os, pero se puede adaptar f\u00e1cilmente para j\u00f3venes e incluso adultos.<\/p>\n<p>Quienes utilicen este material tendr\u00e1n la oportunidad de dar una ofrenda y designarla. Hay cuatro opciones para elegir, las cuales ayudan a apoyar el ministerio de la Misi\u00f3n de los Amigos Evang\u00e9licos (EFM) en todo el mundo:<\/p>\n<ul>\n<li><strong>Cabras y cerdos<\/strong> para ayudar a personas de diferentes partes del mundo con algunas de sus necesidades.<\/li>\n<li><strong>Transporte<\/strong> para misioneros que a menudo viajan largas distancias para compartir la palabra de Dios con personas que nunca la han escuchado.<\/li>\n<li><strong>Discipulado<\/strong> para personas que reciben la palabra de Dios y dan su vida a Jesucristo. Se trata de formaci\u00f3n y apoyo que ayudan a que la semilla eche ra\u00edces en sus vidas y produzca frutos.<\/li>\n<li><strong>Nuevos Campos Misionales<\/strong> para ayudarnos a explorar y descubrir d\u00f3nde quiere Dios que, como Amigos, compartamos las Buenas Nuevas.<\/li>\n<\/ul>\n<p>La cuarta opci\u00f3n apoya directamente la meta de EFM de <strong>enviar 10 nuevas familias de misioneros de Am\u00e9rica del Norte para iniciar 5 nuevos campos para el 2025<\/strong>. Esta meta se est\u00e1 llevando a cabo a trav\u00e9s de un proceso llamado Iniciativa Lucas 10 que involucra reuniones de oraci\u00f3n Lucas 10:2, reuniones de grupos de expertos Lucas 10 Think Tanks y Viajes Lucas 10. Para obtener m\u00e1s informaci\u00f3n sobre la meta y esta iniciativa, visite www.friendsmission.com\/meta-de-cinco-anos\/. A medida que enviamos m\u00e1s misioneros e iniciamos nuevos campos, queremos proporcionar una manera para que nuestros ni\u00f1os y j\u00f3venes participen en este esfuerzo y tambi\u00e9n sean inspirados por las historias como la de William para que ellos tambi\u00e9n puedan convertirse en misioneros pioneros entre los pueblos no alcanzados del mundo.<\/p>\n<p>\u00bfPodr\u00eda encontrar alguna manera de hacer un buen uso de estas lecciones? Tal vez sea en su propia casa con sus hijos o nietos. Quiz\u00e1s pueda estar en el programa de escuela dominical de su iglesia. Tal vez un club infantil, un grupo de j\u00f3venes o un peque\u00f1o grupo de adultos. Este material no producir\u00e1 ning\u00fan fruto a menos que se utilice. Por favor busque alguna una manera de usarlo. La vida y el destino eterno de alguien podr\u00edan tener un impacto por aquellos que se toman el tiempo de utilizar estas lecciones.<\/p>\n<p>Tu consiervo en Cristo,<\/p>\n<p><img loading=\"lazy\" decoding=\"async\" class=\"wp-image-1514 alignleft\" src=\"https:\/\/friendsmission.com\/wp-content\/uploads\/2019\/03\/Dan-Signature-e1552946689697-300x56.png\" alt=\"\" width=\"246\" height=\"46\" srcset=\"https:\/\/friendsmission.com\/wp-content\/uploads\/2019\/03\/Dan-Signature-e1552946689697-300x56.png 300w, https:\/\/friendsmission.com\/wp-content\/uploads\/2019\/03\/Dan-Signature-e1552946689697-768x143.png 768w, https:\/\/friendsmission.com\/wp-content\/uploads\/2019\/03\/Dan-Signature-e1552946689697-1024x191.png 1024w, https:\/\/friendsmission.com\/wp-content\/uploads\/2019\/03\/Dan-Signature-e1552946689697-600x112.png 600w, https:\/\/friendsmission.com\/wp-content\/uploads\/2019\/03\/Dan-Signature-e1552946689697.png 1109w\" sizes=\"auto, (max-width: 246px) 100vw, 246px\" \/><\/p>\n<p>&nbsp;<\/p>\n<p>&nbsp;<\/p>\n<p>Daniel Cammack<\/p>\n<p>Director Ejecutivo de EFM<\/p>\n<hr \/>\n<p>Para conocer m\u00e1s sobre William Abel y conocer la historia completa del grupo de iglesias de los Amigos en Bolivia llamado Iglesia Nacional Evang\u00e9lica Los Amigos (INELA), recomiendo un libro de Nancy Thomas titulado A Long Walk, A Gradual Ascent. Est\u00e1 disponible a trav\u00e9s de Amazon.com (Solo disponible en idioma ingles). Nancy y su esposo, Harold, sirvieron durante muchos a\u00f1os en Bolivia como misioneros y trabajaron con este grupo de iglesias. Al escribir el libro, un equipo de Amigos Bolivianos los ayud\u00f3 con la investigaci\u00f3n y les brind\u00f3 ideas que ayudaron a dar forma al contenido de los cap\u00edtulos. \u00a1Est\u00e1 muy bien escrito y vale la pena dedicarle de su tiempo!<\/p>","protected":false},"excerpt":{"rendered":"<p>Estimados Maestros de ni\u00f1os, Pastores y L\u00edderes, Desde que yo era ni\u00f1o me ha fascinado la historia de William Abel, un nativo americano de la Iglesia de los Amigos que en 1919 dej\u00f3 el sur de California y viaj\u00f3 a La Paz, Bolivia, para comenzar a alcanzar con el Evangelio a un grupo de nativos [&hellip;]<\/p>","protected":false},"author":2,"featured_media":0,"parent":0,"menu_order":0,"comment_status":"closed","ping_status":"closed","template":"","meta":{"om_disable_all_campaigns":false,"_monsterinsights_skip_tracking":false,"_monsterinsights_sitenote_active":false,"_monsterinsights_sitenote_note":"","_monsterinsights_sitenote_category":0,"_uf_show_specific_survey":0,"_uf_disable_surveys":false,"_genesis_hide_title":false,"_genesis_hide_breadcrumbs":false,"_genesis_hide_singular_image":false,"_genesis_hide_footer_widgets":false,"_genesis_custom_body_class":"full","_genesis_custom_post_class":"","_genesis_layout":"","footnotes":"","_links_to":"","_links_to_target":""},"class_list":{"0":"post-20190","1":"page","2":"type-page","3":"status-publish","5":"entry","6":"has-post-thumbnail"},"aioseo_notices":[],"_links":{"self":[{"href":"http:\/\/friendsmission.com\/es\/wp-json\/wp\/v2\/pages\/20190","targetHints":{"allow":["GET"]}}],"collection":[{"href":"http:\/\/friendsmission.com\/es\/wp-json\/wp\/v2\/pages"}],"about":[{"href":"http:\/\/friendsmission.com\/es\/wp-json\/wp\/v2\/types\/page"}],"author":[{"embeddable":true,"href":"http:\/\/friendsmission.com\/es\/wp-json\/wp\/v2\/users\/2"}],"replies":[{"embeddable":true,"href":"http:\/\/friendsmission.com\/es\/wp-json\/wp\/v2\/comments?post=20190"}],"version-history":[{"count":9,"href":"http:\/\/friendsmission.com\/es\/wp-json\/wp\/v2\/pages\/20190\/revisions"}],"predecessor-version":[{"id":20382,"href":"http:\/\/friendsmission.com\/es\/wp-json\/wp\/v2\/pages\/20190\/revisions\/20382"}],"wp:attachment":[{"href":"http:\/\/friendsmission.com\/es\/wp-json\/wp\/v2\/media?parent=20190"}],"curies":[{"name":"wp","href":"https:\/\/api.w.org\/{rel}","templated":true}]}}